{"id":863,"date":"2022-09-06T14:32:13","date_gmt":"2022-09-06T14:32:13","guid":{"rendered":"http:\/\/tempsdememoria.mac.cat\/el-museu\/"},"modified":"2024-01-29T08:39:05","modified_gmt":"2024-01-29T08:39:05","slug":"le-monastere","status":"publish","type":"page","link":"http:\/\/tempsdememoria.mac.cat\/fr\/le-monastere\/","title":{"rendered":"Le monast\u00e8re"},"content":{"rendered":"\n<h4 class=\"wp-block-heading has-text-align-center\">Le monast\u00e8re de Sant Pere de Galligants<\/h4>\n\n\n\n<p>Le monast\u00e8re de Sant Pere de Galligants, si\u00e8ge du mus\u00e9e d\u2019arch\u00e9ologie de Catalogne \u00e0 G\u00e9rone, est l\u2019un des exemples les plus notables de l\u2019art romain catalan. Il a \u00e9t\u00e9 fond\u00e9 au Xe si\u00e8cle. L\u2019\u00e9glise et le clo\u00eetre, \u00e9difi\u00e9s au XIIe si\u00e8cle, sont visibles actuellement. L\u2019\u00e9glise, au plan basilical, pr\u00e9sente plusieurs \u00e9l\u00e9ments remarquables, comme l\u2019abside centrale imposante qui pr\u00e9side l\u2019espace, ou ses splendides chapiteaux sculpt\u00e9s.<\/p>\n\n\n\n<p>Le clo\u00eetre, au plan rectangulaire, est remarquable par les groupes de cinq colonnes qui remplacent les colonnes traditionnelles dans chaque galerie, dotant l\u2019espace d\u2019une grande l\u00e9g\u00e8ret\u00e9 architecturale. Ses soixante chapiteaux richement d\u00e9cor\u00e9s avec des th\u00e8mes vari\u00e9s enrichissent visuellement l\u2019ensemble.<\/p>\n\n\n\n<div style=\"height:5vh\" aria-hidden=\"true\" class=\"wp-block-spacer\"><\/div>\n\n\n\n<h4 class=\"wp-block-heading has-text-align-center\">Sant Pere de Galligants a vista d\u2019ocell<\/h4>\n\n\n\n<figure class=\"wp-block-embed is-type-video is-provider-youtube wp-block-embed-youtube wp-embed-aspect-16-9 wp-has-aspect-ratio\"><div class=\"wp-block-embed__wrapper\">\n<iframe loading=\"lazy\" title=\"MAC Girona - Bastint i vestint el patrimoni (clip)\" width=\"500\" height=\"281\" src=\"https:\/\/www.youtube.com\/embed\/qlzm4cAzz48?feature=oembed\" frameborder=\"0\" allow=\"accelerometer; autoplay; clipboard-write; encrypted-media; gyroscope; picture-in-picture; web-share\" referrerpolicy=\"strict-origin-when-cross-origin\" allowfullscreen><\/iframe>\n<\/div><\/figure>\n\n\n\n<div style=\"height:5vh\" aria-hidden=\"true\" class=\"wp-block-spacer\"><\/div>\n\n\n\n<div class=\"wp-block-columns is-layout-flex wp-container-core-columns-is-layout-9d6595d7 wp-block-columns-is-layout-flex\">\n<div class=\"wp-block-column is-layout-flow wp-block-column-is-layout-flow\"><\/div>\n\n\n\n<div class=\"wp-block-column is-layout-flow wp-block-column-is-layout-flow\">\n<h4 class=\"wp-block-heading has-text-align-center extern\"><a href=\"http:\/\/www.macgirona.cat\/ca\/\">Ouvrir le site du mus\u00e9e<\/a><\/h4>\n<\/div>\n\n\n\n<div class=\"wp-block-column is-layout-flow wp-block-column-is-layout-flow\"><\/div>\n<\/div>\n","protected":false},"excerpt":{"rendered":"<p>Le monast\u00e8re de Sant Pere de Galligants Le monast\u00e8re de Sant Pere de Galligants, si\u00e8ge du mus\u00e9e d\u2019arch\u00e9ologie de Catalogne \u00e0 G\u00e9rone, est l\u2019un des exemples les plus notables de l\u2019art romain catalan. Il a \u00e9t\u00e9 fond\u00e9 au Xe si\u00e8cle. L\u2019\u00e9glise et le clo\u00eetre, \u00e9difi\u00e9s au XIIe si\u00e8cle, sont visibles actuellement. L\u2019\u00e9glise, au plan basilical, [&hellip;]<\/p>\n","protected":false},"author":3,"featured_media":382,"parent":0,"menu_order":0,"comment_status":"closed","ping_status":"closed","template":"","meta":{"footnotes":""},"class_list":["post-863","page","type-page","status-publish","has-post-thumbnail","hentry"],"acf":[],"_links":{"self":[{"href":"http:\/\/tempsdememoria.mac.cat\/fr\/wp-json\/wp\/v2\/pages\/863","targetHints":{"allow":["GET"]}}],"collection":[{"href":"http:\/\/tempsdememoria.mac.cat\/fr\/wp-json\/wp\/v2\/pages"}],"about":[{"href":"http:\/\/tempsdememoria.mac.cat\/fr\/wp-json\/wp\/v2\/types\/page"}],"author":[{"embeddable":true,"href":"http:\/\/tempsdememoria.mac.cat\/fr\/wp-json\/wp\/v2\/users\/3"}],"replies":[{"embeddable":true,"href":"http:\/\/tempsdememoria.mac.cat\/fr\/wp-json\/wp\/v2\/comments?post=863"}],"version-history":[{"count":3,"href":"http:\/\/tempsdememoria.mac.cat\/fr\/wp-json\/wp\/v2\/pages\/863\/revisions"}],"predecessor-version":[{"id":1726,"href":"http:\/\/tempsdememoria.mac.cat\/fr\/wp-json\/wp\/v2\/pages\/863\/revisions\/1726"}],"wp:featuredmedia":[{"embeddable":true,"href":"http:\/\/tempsdememoria.mac.cat\/fr\/wp-json\/wp\/v2\/media\/382"}],"wp:attachment":[{"href":"http:\/\/tempsdememoria.mac.cat\/fr\/wp-json\/wp\/v2\/media?parent=863"}],"curies":[{"name":"wp","href":"https:\/\/api.w.org\/{rel}","templated":true}]}}