{"id":685,"date":"2022-09-06T14:29:41","date_gmt":"2022-09-06T14:29:41","guid":{"rendered":"http:\/\/tempsdememoria.mac.cat\/gaudir\/"},"modified":"2024-01-25T12:29:30","modified_gmt":"2024-01-25T12:29:30","slug":"se-divertir","status":"publish","type":"page","link":"http:\/\/tempsdememoria.mac.cat\/fr\/exposition\/se-divertir\/","title":{"rendered":"Se divertir"},"content":{"rendered":"<p style=\"text-align: center;\">Au-del\u00e0 de leurs besoins basiques de subsistance, les \u00eatres humains ont d\u00e9sir\u00e9 poss\u00e9der des objets satisfaisant leurs besoins les plus intimes et personnels comme de disposer de moments pour leur temps libre et leurs loisirs. La s\u00e9dentarit\u00e9 au N\u00e9olithique et, surtout, la cr\u00e9ation d\u2019exc\u00e9dents dans les cultures grecque et romaine leur ont permis de disposer de ressources suffisantes pour fabriquer, acheter et importer des objets de consommation. Un grand nombre d\u2019entre eux consid\u00e9r\u00e9s comme des objets de luxe, tant pour la richesse du mat\u00e9riel avec lequel ils \u00e9taient \u00e9labor\u00e9s (qui n\u2019\u00e9taient g\u00e9n\u00e9ralement\u00a0 pas \u00e0 leur port\u00e9e) que pour le travail et les techniques sp\u00e9cialis\u00e9es de ceux qui les \u00e9laboraient. Un domaine bien diff\u00e9rent est celui du jeu, une activit\u00e9 aussi ancienne que l\u2019esp\u00e8ce humaine, et une partie int\u00e9grale de sa socialisation et de ses loisirs. Le jeu connut un remarquable d\u00e9veloppement dans les soci\u00e9t\u00e9s anciennes.<\/p>\n<p style=\"text-align: center;\">Des objets destin\u00e9s \u00e0 l\u2019hygi\u00e8ne et au soin personnel, mais aussi des instruments m\u00e9dicaux et chirurgicaux. Des objets facilitant le commerce tels que poids, mesures et monnaies, mais aussi du mat\u00e9riel et des instruments pour l\u2019\u00e9criture permettant la transmission et la fixation d\u2019id\u00e9es et de connaissances qui, avant l\u2019apparition de l\u2019\u00e9criture, ne se transmettaient qu\u2019oralement. Ainsi, commen\u00e7a une explosion de possibilit\u00e9s et capacit\u00e9s de communication de toute sorte de contenus qui continue aujourd\u2019hui encore. Bien-\u00eatre et loisir, satisfaction physique mais \u00e9galement spirituelle et intellectuelle.<\/p>\n\r\n    <div class=\"swiper\">\r\n\r\n        <!-- Additional required wrapper -->\r\n\r\n        <div class=\"swiper-wrapper\">\r\n\r\n            <!-- Slides -->\r\n\r\n            \r\n                <div class=\"swiper-slide\">\r\n\r\n                    <div class=\"slide-peca\">\r\n\r\n                        <a href=\"http:\/\/tempsdememoria.mac.cat\/fr\/objects\/petit-collier\/\">\r\n\r\n                            <div class=\"img-peca\">\r\n\r\n                                <img loading=\"lazy\" decoding=\"async\" width=\"1000\" height=\"1500\" src=\"http:\/\/tempsdememoria.mac.cat\/wp-content\/uploads\/2023\/05\/collaret-1500-e1686642467247.jpg\" class=\"attachment-post-thumbnail size-post-thumbnail wp-post-image\" alt=\"\" \/>\r\n                            <\/div>\r\n\r\n                            <h3>Petit collier<\/h3>\r\n\r\n                            <p>Verre model\u00e9 sur baguette<\/p>\r\n\r\n                            <p>IVe-IIIe si\u00e8cle av. J-C<\/p>\r\n\r\n                        <\/a>\r\n\r\n                    <\/div>\r\n\r\n                <\/div>\r\n\r\n            \r\n                <div class=\"swiper-slide\">\r\n\r\n                    <div class=\"slide-peca\">\r\n\r\n                        <a href=\"http:\/\/tempsdememoria.mac.cat\/fr\/objects\/flacon\/\">\r\n\r\n                            <div class=\"img-peca\">\r\n\r\n                                <img loading=\"lazy\" decoding=\"async\" width=\"999\" height=\"1500\" src=\"http:\/\/tempsdememoria.mac.cat\/wp-content\/uploads\/2022\/11\/balsamera-blava-1500-e1686642501162.jpg\" class=\"attachment-post-thumbnail size-post-thumbnail wp-post-image\" alt=\"\" \/>\r\n                            <\/div>\r\n\r\n                            <h3>Flacon<\/h3>\r\n\r\n                            <p>Verre<\/p>\r\n\r\n                            <p>Ier-IIe si\u00e8cle ap. J-C<\/p>\r\n\r\n                        <\/a>\r\n\r\n                    <\/div>\r\n\r\n                <\/div>\r\n\r\n            \r\n                <div class=\"swiper-slide\">\r\n\r\n                    <div class=\"slide-peca\">\r\n\r\n                        <a href=\"http:\/\/tempsdememoria.mac.cat\/fr\/objects\/lecythe\/\">\r\n\r\n                            <div class=\"img-peca\">\r\n\r\n                                <img loading=\"lazy\" decoding=\"async\" width=\"1366\" height=\"1134\" src=\"http:\/\/tempsdememoria.mac.cat\/wp-content\/uploads\/2022\/11\/MAC-GIR-000018-1-e1686642591943.jpg\" class=\"attachment-post-thumbnail size-post-thumbnail wp-post-image\" alt=\"\" \/>\r\n                            <\/div>\r\n\r\n                            <h3>L\u00e9cythe<\/h3>\r\n\r\n                            <p>C\u00e9ramique attique \u00e0 figures noires<\/p>\r\n\r\n                            <p>VIe-Ve si\u00e8cle av. J-C<\/p>\r\n\r\n                        <\/a>\r\n\r\n                    <\/div>\r\n\r\n                <\/div>\r\n\r\n            \r\n                <div class=\"swiper-slide\">\r\n\r\n                    <div class=\"slide-peca\">\r\n\r\n                        <a href=\"http:\/\/tempsdememoria.mac.cat\/fr\/objects\/alabastre\/\">\r\n\r\n                            <div class=\"img-peca\">\r\n\r\n                                <img loading=\"lazy\" decoding=\"async\" width=\"1707\" height=\"2560\" src=\"http:\/\/tempsdememoria.mac.cat\/wp-content\/uploads\/2022\/11\/alabastre-scaled-e1686642692555.jpg\" class=\"attachment-post-thumbnail size-post-thumbnail wp-post-image\" alt=\"\" \/>\r\n                            <\/div>\r\n\r\n                            <h3>Alabastre<\/h3>\r\n\r\n                            <p>Alb\u00e2tre<\/p>\r\n\r\n                            <p>VIIe-IVe si\u00e8cle av. J.C<\/p>\r\n\r\n                        <\/a>\r\n\r\n                    <\/div>\r\n\r\n                <\/div>\r\n\r\n            \r\n                <div class=\"swiper-slide\">\r\n\r\n                    <div class=\"slide-peca\">\r\n\r\n                        <a href=\"http:\/\/tempsdememoria.mac.cat\/fr\/objects\/strigile\/\">\r\n\r\n                            <div class=\"img-peca\">\r\n\r\n                                <img loading=\"lazy\" decoding=\"async\" width=\"1582\" height=\"1251\" src=\"http:\/\/tempsdememoria.mac.cat\/wp-content\/uploads\/2022\/11\/DSC_3308-e1669209420473.jpg\" class=\"attachment-post-thumbnail size-post-thumbnail wp-post-image\" alt=\"\" srcset=\"http:\/\/tempsdememoria.mac.cat\/wp-content\/uploads\/2022\/11\/DSC_3308-e1669209420473.jpg 1582w, http:\/\/tempsdememoria.mac.cat\/wp-content\/uploads\/2022\/11\/DSC_3308-e1669209420473-300x237.jpg 300w, http:\/\/tempsdememoria.mac.cat\/wp-content\/uploads\/2022\/11\/DSC_3308-e1669209420473-1024x810.jpg 1024w, http:\/\/tempsdememoria.mac.cat\/wp-content\/uploads\/2022\/11\/DSC_3308-e1669209420473-768x607.jpg 768w, http:\/\/tempsdememoria.mac.cat\/wp-content\/uploads\/2022\/11\/DSC_3308-e1669209420473-1536x1215.jpg 1536w\" sizes=\"auto, (max-width: 1582px) 100vw, 1582px\" \/>\r\n                            <\/div>\r\n\r\n                            <h3>Strigile<\/h3>\r\n\r\n                            <p>Bronze<\/p>\r\n\r\n                            <p>Ier si\u00e8cle av. J-C<\/p>\r\n\r\n                        <\/a>\r\n\r\n                    <\/div>\r\n\r\n                <\/div>\r\n\r\n            \r\n                <div class=\"swiper-slide\">\r\n\r\n                    <div class=\"slide-peca\">\r\n\r\n                        <a href=\"http:\/\/tempsdememoria.mac.cat\/fr\/objects\/sceau-signaculum\/\">\r\n\r\n                            <div class=\"img-peca\">\r\n\r\n                                <img loading=\"lazy\" decoding=\"async\" width=\"1500\" height=\"1125\" src=\"http:\/\/tempsdememoria.mac.cat\/wp-content\/uploads\/2022\/11\/segell-negre1500.jpg\" class=\"attachment-post-thumbnail size-post-thumbnail wp-post-image\" alt=\"\" srcset=\"http:\/\/tempsdememoria.mac.cat\/wp-content\/uploads\/2022\/11\/segell-negre1500.jpg 1500w, http:\/\/tempsdememoria.mac.cat\/wp-content\/uploads\/2022\/11\/segell-negre1500-300x225.jpg 300w, http:\/\/tempsdememoria.mac.cat\/wp-content\/uploads\/2022\/11\/segell-negre1500-1024x768.jpg 1024w, http:\/\/tempsdememoria.mac.cat\/wp-content\/uploads\/2022\/11\/segell-negre1500-768x576.jpg 768w\" sizes=\"auto, (max-width: 1500px) 100vw, 1500px\" \/>\r\n                            <\/div>\r\n\r\n                            <h3>Sceau (Signaculum)<\/h3>\r\n\r\n                            <p>Bronze<\/p>\r\n\r\n                            <p>IIIe si\u00e8cle ap. J-C<\/p>\r\n\r\n                        <\/a>\r\n\r\n                    <\/div>\r\n\r\n                <\/div>\r\n\r\n            \r\n                <div class=\"swiper-slide\">\r\n\r\n                    <div class=\"slide-peca\">\r\n\r\n                        <a href=\"http:\/\/tempsdememoria.mac.cat\/fr\/objects\/stylet\/\">\r\n\r\n                            <div class=\"img-peca\">\r\n\r\n                                <img loading=\"lazy\" decoding=\"async\" width=\"1500\" height=\"1000\" src=\"http:\/\/tempsdememoria.mac.cat\/wp-content\/uploads\/2022\/11\/estil-1500-e1686654746835.jpg\" class=\"attachment-post-thumbnail size-post-thumbnail wp-post-image\" alt=\"\" \/>\r\n                            <\/div>\r\n\r\n                            <h3>Stylet<\/h3>\r\n\r\n                            <p>Os<\/p>\r\n\r\n                            <p>IIe si\u00e8cle av. J-C<\/p>\r\n\r\n                        <\/a>\r\n\r\n                    <\/div>\r\n\r\n                <\/div>\r\n\r\n            \r\n                <div class=\"swiper-slide\">\r\n\r\n                    <div class=\"slide-peca\">\r\n\r\n                        <a href=\"http:\/\/tempsdememoria.mac.cat\/fr\/objects\/diademe\/\">\r\n\r\n                            <div class=\"img-peca\">\r\n\r\n                                <img loading=\"lazy\" decoding=\"async\" width=\"1500\" height=\"689\" src=\"http:\/\/tempsdememoria.mac.cat\/wp-content\/uploads\/2022\/10\/diadema-1500.jpg\" class=\"attachment-post-thumbnail size-post-thumbnail wp-post-image\" alt=\"\" srcset=\"http:\/\/tempsdememoria.mac.cat\/wp-content\/uploads\/2022\/10\/diadema-1500.jpg 1500w, http:\/\/tempsdememoria.mac.cat\/wp-content\/uploads\/2022\/10\/diadema-1500-300x138.jpg 300w, http:\/\/tempsdememoria.mac.cat\/wp-content\/uploads\/2022\/10\/diadema-1500-1024x470.jpg 1024w, http:\/\/tempsdememoria.mac.cat\/wp-content\/uploads\/2022\/10\/diadema-1500-768x353.jpg 768w\" sizes=\"auto, (max-width: 1500px) 100vw, 1500px\" \/>\r\n                            <\/div>\r\n\r\n                            <h3>Diad\u00e8me<\/h3>\r\n\r\n                            <p>Argent<\/p>\r\n\r\n                            <p>VIIe-VIe si\u00e8cle av. J-C<\/p>\r\n\r\n                        <\/a>\r\n\r\n                    <\/div>\r\n\r\n                <\/div>\r\n\r\n            \r\n                <div class=\"swiper-slide\">\r\n\r\n                    <div class=\"slide-peca\">\r\n\r\n                        <a href=\"http:\/\/tempsdememoria.mac.cat\/fr\/objects\/pion-de-jeu\/\">\r\n\r\n                            <div class=\"img-peca\">\r\n\r\n                                <img loading=\"lazy\" decoding=\"async\" width=\"1140\" height=\"570\" src=\"http:\/\/tempsdememoria.mac.cat\/wp-content\/uploads\/2022\/10\/fitxa-joc-negra-3-e1686642428605.jpg\" class=\"attachment-post-thumbnail size-post-thumbnail wp-post-image\" alt=\"\" \/>\r\n                            <\/div>\r\n\r\n                            <h3>Pion de jeu<\/h3>\r\n\r\n                            <p>Os<\/p>\r\n\r\n                            <p>IIe-Ier si\u00e8cle av. J-C<\/p>\r\n\r\n                        <\/a>\r\n\r\n                    <\/div>\r\n\r\n                <\/div>\r\n\r\n            \r\n                <div class=\"swiper-slide\">\r\n\r\n                    <div class=\"slide-peca\">\r\n\r\n                        <a href=\"http:\/\/tempsdememoria.mac.cat\/fr\/objects\/amphoriseque\/\">\r\n\r\n                            <div class=\"img-peca\">\r\n\r\n                                <img loading=\"lazy\" decoding=\"async\" width=\"1066\" height=\"1500\" src=\"http:\/\/tempsdememoria.mac.cat\/wp-content\/uploads\/2022\/10\/amforisc-negre1500.jpg\" class=\"attachment-post-thumbnail size-post-thumbnail wp-post-image\" alt=\"\" srcset=\"http:\/\/tempsdememoria.mac.cat\/wp-content\/uploads\/2022\/10\/amforisc-negre1500.jpg 1066w, http:\/\/tempsdememoria.mac.cat\/wp-content\/uploads\/2022\/10\/amforisc-negre1500-213x300.jpg 213w, http:\/\/tempsdememoria.mac.cat\/wp-content\/uploads\/2022\/10\/amforisc-negre1500-728x1024.jpg 728w, http:\/\/tempsdememoria.mac.cat\/wp-content\/uploads\/2022\/10\/amforisc-negre1500-768x1081.jpg 768w\" sizes=\"auto, (max-width: 1066px) 100vw, 1066px\" \/>\r\n                            <\/div>\r\n\r\n                            <h3>Amphoriseque<\/h3>\r\n\r\n                            <p>Verre model\u00e9 sur noyau<\/p>\r\n\r\n                            <p>VIe-IVe si\u00e8cle av. J-C<\/p>\r\n\r\n                        <\/a>\r\n\r\n                    <\/div>\r\n\r\n                <\/div>\r\n\r\n            \r\n                <div class=\"swiper-slide\">\r\n\r\n                    <div class=\"slide-peca\">\r\n\r\n                        <a href=\"http:\/\/tempsdememoria.mac.cat\/fr\/objects\/lampe-en-forme-de-pied\/\">\r\n\r\n                            <div class=\"img-peca\">\r\n\r\n                                <img loading=\"lazy\" decoding=\"async\" width=\"1500\" height=\"1000\" src=\"http:\/\/tempsdememoria.mac.cat\/wp-content\/uploads\/2022\/10\/llantia-peu-1500-e1686642857137.jpg\" class=\"attachment-post-thumbnail size-post-thumbnail wp-post-image\" alt=\"\" \/>\r\n                            <\/div>\r\n\r\n                            <h3>Lanterne en forme de pied<\/h3>\r\n\r\n                            <p>Bronze<\/p>\r\n\r\n                            <p>Ier si\u00e8cle ap. J-C<\/p>\r\n\r\n                        <\/a>\r\n\r\n                    <\/div>\r\n\r\n                <\/div>\r\n\r\n            \r\n                <div class=\"swiper-slide\">\r\n\r\n                    <div class=\"slide-peca\">\r\n\r\n                        <a href=\"http:\/\/tempsdememoria.mac.cat\/fr\/objects\/aiguille-a-cataracte\/\">\r\n\r\n                            <div class=\"img-peca\">\r\n\r\n                                <img loading=\"lazy\" decoding=\"async\" width=\"1500\" height=\"997\" src=\"http:\/\/tempsdememoria.mac.cat\/wp-content\/uploads\/2022\/10\/agulla-cataractes-1500.jpg\" class=\"attachment-post-thumbnail size-post-thumbnail wp-post-image\" alt=\"\" srcset=\"http:\/\/tempsdememoria.mac.cat\/wp-content\/uploads\/2022\/10\/agulla-cataractes-1500.jpg 1500w, http:\/\/tempsdememoria.mac.cat\/wp-content\/uploads\/2022\/10\/agulla-cataractes-1500-300x199.jpg 300w, http:\/\/tempsdememoria.mac.cat\/wp-content\/uploads\/2022\/10\/agulla-cataractes-1500-1024x681.jpg 1024w, http:\/\/tempsdememoria.mac.cat\/wp-content\/uploads\/2022\/10\/agulla-cataractes-1500-768x510.jpg 768w\" sizes=\"auto, (max-width: 1500px) 100vw, 1500px\" \/>\r\n                            <\/div>\r\n\r\n                            <h3>Aiguille \u00e0 cataracte<\/h3>\r\n\r\n                            <p>Bronze<\/p>\r\n\r\n                            <p>IIe-IIIe si\u00e8cle ap. J-C<\/p>\r\n\r\n                        <\/a>\r\n\r\n                    <\/div>\r\n\r\n                <\/div>\r\n\r\n            \r\n                <div class=\"swiper-slide\">\r\n\r\n                    <div class=\"slide-peca\">\r\n\r\n                        <a href=\"http:\/\/tempsdememoria.mac.cat\/fr\/objects\/petit-tresor-de-pieces\/\">\r\n\r\n                            <div class=\"img-peca\">\r\n\r\n                                <img loading=\"lazy\" decoding=\"async\" width=\"1500\" height=\"1000\" src=\"http:\/\/tempsdememoria.mac.cat\/wp-content\/uploads\/2022\/10\/tresoret-1500-e1686642923985.jpg\" class=\"attachment-post-thumbnail size-post-thumbnail wp-post-image\" alt=\"\" \/>\r\n                            <\/div>\r\n\r\n                            <h3>Petit tr\u00e9sor de pi\u00e8ces<\/h3>\r\n\r\n                            <p>Argent<\/p>\r\n\r\n                            <p>IIe si\u00e8cle av. J-C<\/p>\r\n\r\n                        <\/a>\r\n\r\n                    <\/div>\r\n\r\n                <\/div>\r\n\r\n            \r\n                <div class=\"swiper-slide\">\r\n\r\n                    <div class=\"slide-peca\">\r\n\r\n                        <a href=\"http:\/\/tempsdememoria.mac.cat\/fr\/objects\/poids-byzantin\/\">\r\n\r\n                            <div class=\"img-peca\">\r\n\r\n                                <img loading=\"lazy\" decoding=\"async\" width=\"1140\" height=\"945\" src=\"http:\/\/tempsdememoria.mac.cat\/wp-content\/uploads\/2022\/10\/pesal-reduit-2.jpg\" class=\"attachment-post-thumbnail size-post-thumbnail wp-post-image\" alt=\"\" srcset=\"http:\/\/tempsdememoria.mac.cat\/wp-content\/uploads\/2022\/10\/pesal-reduit-2.jpg 1140w, http:\/\/tempsdememoria.mac.cat\/wp-content\/uploads\/2022\/10\/pesal-reduit-2-300x249.jpg 300w, http:\/\/tempsdememoria.mac.cat\/wp-content\/uploads\/2022\/10\/pesal-reduit-2-1024x849.jpg 1024w, http:\/\/tempsdememoria.mac.cat\/wp-content\/uploads\/2022\/10\/pesal-reduit-2-768x637.jpg 768w\" sizes=\"auto, (max-width: 1140px) 100vw, 1140px\" \/>\r\n                            <\/div>\r\n\r\n                            <h3>Poids byzantin<\/h3>\r\n\r\n                            <p>Bronze<\/p>\r\n\r\n                            <p>VIIe si\u00e8cle ap. J-C<\/p>\r\n\r\n                        <\/a>\r\n\r\n                    <\/div>\r\n\r\n                <\/div>\r\n\r\n            \r\n                <div class=\"swiper-slide\">\r\n\r\n                    <div class=\"slide-peca\">\r\n\r\n                        <a href=\"http:\/\/tempsdememoria.mac.cat\/fr\/objects\/plomb-avec-inscription-iberique\/\">\r\n\r\n                            <div class=\"img-peca\">\r\n\r\n                                <img loading=\"lazy\" decoding=\"async\" width=\"1500\" height=\"718\" src=\"http:\/\/tempsdememoria.mac.cat\/wp-content\/uploads\/2022\/10\/carta-comercial-1500.jpg\" class=\"attachment-post-thumbnail size-post-thumbnail wp-post-image\" alt=\"\" srcset=\"http:\/\/tempsdememoria.mac.cat\/wp-content\/uploads\/2022\/10\/carta-comercial-1500.jpg 1500w, http:\/\/tempsdememoria.mac.cat\/wp-content\/uploads\/2022\/10\/carta-comercial-1500-300x144.jpg 300w, http:\/\/tempsdememoria.mac.cat\/wp-content\/uploads\/2022\/10\/carta-comercial-1500-1024x490.jpg 1024w, http:\/\/tempsdememoria.mac.cat\/wp-content\/uploads\/2022\/10\/carta-comercial-1500-768x368.jpg 768w\" sizes=\"auto, (max-width: 1500px) 100vw, 1500px\" \/>\r\n                            <\/div>\r\n\r\n                            <h3>Plomb avec inscription ib\u00e9rique<\/h3>\r\n\r\n                            <p>Plomb<\/p>\r\n\r\n                            <p>IIIe si\u00e8cle av. J-C<\/p>\r\n\r\n                        <\/a>\r\n\r\n                    <\/div>\r\n\r\n                <\/div>\r\n\r\n            \r\n        <\/div>\r\n\r\n        <!-- If we need navigation buttons -->\r\n\r\n        <div class=\"swiper-button-prev\"><\/div>\r\n\r\n        <div class=\"swiper-button-next\"><\/div>\r\n\r\n    <\/div>\r\n\r\n    \n<p style=\"text-align: center;\"><strong>Bijoux<\/strong><\/p>\n<p style=\"text-align: center;\">Depuis le Pal\u00e9olithique le d\u00e9sir d\u2019orner diff\u00e9rentes parties du corps est document\u00e9, qui pouvait \u00eatre en outre une mani\u00e8re de se diff\u00e9rencier des membres importants du groupe. Cou, doigts, poignets, oreilles, t\u00eate, chevilles se par\u00e8rent d\u2019\u00e9l\u00e9ments trouv\u00e9s dans la nature. L\u2019extraction des m\u00e9taux, la transformation de minerais et l\u2019application de pierres pr\u00e9cieuses pour cr\u00e9er ces petits articles de luxe entra\u00een\u00e8rent, d\u00e9j\u00e0 \u00e0 cette \u00e9poque-l\u00e0, une sp\u00e9cialisation de fabrication remarquable.<\/p>\n<p style=\"text-align: center;\">L\u2019exhibition de bijoux ob\u00e9issait aussi aux besoins de pr\u00e9sentation sociale et d\u2019indication de statut qui allaient au-del\u00e0 des limites temporelles de la vie. Pour cette raison, boucles d\u2019oreille, colliers, bracelets, anneaux, pendentifs, fibules ou boucles ont souvent \u00e9t\u00e9 d\u00e9couverts dans les tombes comme accompagnement fun\u00e9raire de ceux qui les avaient port\u00e9s durant leur vie.<\/p>\n<p style=\"text-align: center;\"><strong>Cure et hygi\u00e8ne personnelle<\/strong><\/p>\n<p style=\"text-align: center;\">Les habitudes quotidiennes d\u2019hygi\u00e8ne corporelle ont subi d\u2019importantes variations au fil de l\u2019histoire. Dans le monde classique (grec et romain), le bain devint une expression sociale et de loisir, ainsi qu\u2019une th\u00e9rapie quotidienne. Les femmes et les hommes consacraient une partie de leur temps libre \u00e0 l\u2019hygi\u00e8ne et au soin de leur corps.<\/p>\n<p style=\"text-align: center;\"><strong>Parfums et jeux<\/strong><\/p>\n<p style=\"text-align: center;\">Depuis la Pr\u00e9histoire les \u00eatres humains ont fait br\u00fbler des bois odorants et des r\u00e9sines pour d\u00e9gager des ar\u00f4mes et des odeurs agr\u00e9ables, surtout dans les lieux de culte des sanctuaires et dans les rituels fun\u00e9raires, mais \u00e9galement dans le cadre quotidien, et pour leur tenue vestimentaire. Les r\u00e9cipients utilis\u00e9s, de diverses formes et origines, contenaient des huiles parfum\u00e9es qui se r\u00e9pandirent gr\u00e2ce au commerce comme des objets exotiques ou de prestige.<\/p>\n<p style=\"text-align: center;\">Le jeu est une forme de socialisation inh\u00e9rente \u00e0 l\u2019humanit\u00e9. Les moments de temps libre, sans activit\u00e9, donn\u00e8rent lieu \u00e0 l\u2019invention de centaines de jeux que nous appr\u00e9cions encore de nos jours. Dans l\u2019Antiquit\u00e9, les jeux pour adultes occupaient de longs moments de loisir, particuli\u00e8rement les jeux de soci\u00e9t\u00e9 et de hasard.<\/p>\n<p style=\"text-align: center;\"><strong>\u00c9change et commerce<\/strong><\/p>\n<p style=\"text-align: center;\">L\u2019\u00e9change et le commerce se d\u00e9velopp\u00e8rent d\u00e8s que l\u2019humanit\u00e9 fut capable de g\u00e9n\u00e9rer des exc\u00e9dents. M\u00eame avant l\u2019apparition de la monnaie, l\u2019\u00e9change \u00e9tait le moyen d\u2019obtenir des biens contre d\u2019autres. La navigation fluviale ou maritime \u00e9tait la principale voie de communication, transport et commerce. Le commerce dans l\u2019Antiquit\u00e9 \u00e9tait une activit\u00e9 structur\u00e9e avec des routes bien d\u00e9finies, des bateaux et des ports adapt\u00e9s \u00e0 cette mission.<\/p>\n<div class=\"inner-catedral\"><div class=\"menu-main-container\"><ul id=\"menu-main\" class=\"menu\"><li id=\"menu-item-27\" class=\"menu-item menu-item-type-post_type menu-item-object-page menu-item-has-children menu-item-27\"><a href=\"http:\/\/tempsdememoria.mac.cat\/lexposicio\/\">L\u2019exposici\u00f3<\/a>\n<div class='block-catedral-nav'><ul class=\"sub-menu\">\n\t<li id=\"menu-item-327\" class=\"temps-de-title menu-item menu-item-type-custom menu-item-object-custom menu-item-327\"><a href=\"#\">Temps de vida<\/a><\/li>\n\t<li id=\"menu-item-40\" class=\"coords-70-40 color-927B39 menu-item menu-item-type-post_type menu-item-object-page menu-item-40\"><a href=\"http:\/\/tempsdememoria.mac.cat\/lexposicio\/neixer\/\">N\u00e9ixer<\/a><\/li>\n\t<li id=\"menu-item-33\" class=\"coords-62-27 menu-item menu-item-type-post_type menu-item-object-page menu-item-33\"><a href=\"http:\/\/tempsdememoria.mac.cat\/lexposicio\/menjar\/\">Menjar<\/a><\/li>\n\t<li id=\"menu-item-32\" class=\"coords-62-53 menu-item menu-item-type-post_type menu-item-object-page menu-item-32\"><a href=\"http:\/\/tempsdememoria.mac.cat\/lexposicio\/produir\/\">Produir<\/a><\/li>\n\t<li id=\"menu-item-31\" class=\"coords-47-27 menu-item menu-item-type-post_type menu-item-object-page menu-item-31\"><a href=\"http:\/\/tempsdememoria.mac.cat\/lexposicio\/gaudir\/\">Gaudir<\/a><\/li>\n\t<li id=\"menu-item-30\" class=\"coords-32-27 menu-item menu-item-type-post_type menu-item-object-page menu-item-30\"><a href=\"http:\/\/tempsdememoria.mac.cat\/lexposicio\/lluitar\/\">Lluitar<\/a><\/li>\n\t<li id=\"menu-item-29\" class=\"coords-32-53 menu-item menu-item-type-post_type menu-item-object-page menu-item-29\"><a href=\"http:\/\/tempsdememoria.mac.cat\/lexposicio\/crear\/\">Crear<\/a><\/li>\n\t<li id=\"menu-item-328\" class=\"temps-de-title menu-item menu-item-type-custom menu-item-object-custom menu-item-328\"><a href=\"#\">Temps de l&#8217;ad\u00e9u<\/a><\/li>\n\t<li id=\"menu-item-28\" class=\"coords-22-40 menu-item menu-item-type-post_type menu-item-object-page menu-item-28\"><a href=\"http:\/\/tempsdememoria.mac.cat\/lexposicio\/morir\/\">Morir<\/a><\/li>\n <\/ul><div class=\"col-catedral\"><div class=\"image-catedral-menu\"><div class=\"pin-selector\"><a href=\"\"><\/a><\/div><div class=\"pin-selector-2\"><a href=\"\"><\/a><\/div><img decoding=\"async\" src=\"http:\/\/tempsdememoria.mac.cat\/wp-content\/themes\/memoria\/imgs\/catedral.png\" alt=\"Catedral\"><\/div><\/div><\/div>\n<\/li>\n<li id=\"menu-item-42\" class=\"menu-item menu-item-type-post_type menu-item-object-page menu-item-42\"><a href=\"http:\/\/tempsdememoria.mac.cat\/el-museu\/\">El monestir<\/a><\/li>\n<li id=\"menu-item-41\" class=\"menu-item menu-item-type-post_type menu-item-object-page menu-item-41\"><a href=\"http:\/\/tempsdememoria.mac.cat\/les-activitats\/\">Les activitats<\/a><\/li>\n<\/ul><\/div><\/div>\n","protected":false},"excerpt":{"rendered":"<p>Au-del\u00e0 de leurs besoins basiques de subsistance, les \u00eatres humains ont d\u00e9sir\u00e9 poss\u00e9der des objets satisfaisant leurs besoins les plus intimes et personnels comme de disposer de moments pour leur temps libre et leurs loisirs. La s\u00e9dentarit\u00e9 au N\u00e9olithique et, surtout, la cr\u00e9ation d\u2019exc\u00e9dents dans les cultures grecque et romaine leur ont permis de disposer [&hellip;]<\/p>\n","protected":false},"author":3,"featured_media":1343,"parent":872,"menu_order":0,"comment_status":"closed","ping_status":"closed","template":"","meta":{"footnotes":""},"class_list":["post-685","page","type-page","status-publish","has-post-thumbnail","hentry"],"acf":[],"_links":{"self":[{"href":"http:\/\/tempsdememoria.mac.cat\/fr\/wp-json\/wp\/v2\/pages\/685","targetHints":{"allow":["GET"]}}],"collection":[{"href":"http:\/\/tempsdememoria.mac.cat\/fr\/wp-json\/wp\/v2\/pages"}],"about":[{"href":"http:\/\/tempsdememoria.mac.cat\/fr\/wp-json\/wp\/v2\/types\/page"}],"author":[{"embeddable":true,"href":"http:\/\/tempsdememoria.mac.cat\/fr\/wp-json\/wp\/v2\/users\/3"}],"replies":[{"embeddable":true,"href":"http:\/\/tempsdememoria.mac.cat\/fr\/wp-json\/wp\/v2\/comments?post=685"}],"version-history":[{"count":3,"href":"http:\/\/tempsdememoria.mac.cat\/fr\/wp-json\/wp\/v2\/pages\/685\/revisions"}],"predecessor-version":[{"id":1720,"href":"http:\/\/tempsdememoria.mac.cat\/fr\/wp-json\/wp\/v2\/pages\/685\/revisions\/1720"}],"up":[{"embeddable":true,"href":"http:\/\/tempsdememoria.mac.cat\/fr\/wp-json\/wp\/v2\/pages\/872"}],"wp:featuredmedia":[{"embeddable":true,"href":"http:\/\/tempsdememoria.mac.cat\/fr\/wp-json\/wp\/v2\/media\/1343"}],"wp:attachment":[{"href":"http:\/\/tempsdememoria.mac.cat\/fr\/wp-json\/wp\/v2\/media?parent=685"}],"curies":[{"name":"wp","href":"https:\/\/api.w.org\/{rel}","templated":true}]}}