{"id":679,"date":"2022-09-06T14:30:10","date_gmt":"2022-09-06T14:30:10","guid":{"rendered":"http:\/\/tempsdememoria.mac.cat\/crear\/"},"modified":"2024-01-25T12:29:03","modified_gmt":"2024-01-25T12:29:03","slug":"creer","status":"publish","type":"page","link":"http:\/\/tempsdememoria.mac.cat\/fr\/exposition\/creer\/","title":{"rendered":"Cr\u00e9er"},"content":{"rendered":"<p style=\"text-align: center;\">Depuis la Pr\u00e9histoire, les \u00e9vidences mat\u00e9rielles associ\u00e9es aux pratiques ou doctrines religieuses \u00e9taient des \u00e9l\u00e9ments qui\u00a0 v\u00e9hiculaient les relations entre les \u00eatres humains et les \u00eatres sup\u00e9rieurs ou divinit\u00e9s. Dans le monde classique, les actes associ\u00e9s \u00e0 la religion publique exigeant aussi l\u2019engagement des citoyens \u00e0 la participation des c\u00e9r\u00e9monies de caract\u00e8re civique \u00e9taient men\u00e9s \u00e0 bien dans des espaces publics destin\u00e9s \u00e0 cette fin comme maintenant les sanctuaires ou les temples. Ils \u00e9taient en m\u00eame temps un \u00e9l\u00e9ment d\u00e9finissant l\u2019identit\u00e9 collective. Nous avons connaissance d\u2019autres pratiques relatives au cadre plus personnel et familial avec des valeurs morales et \u00e9thiques par lesquelles on pr\u00e9tendait obtenir un bien-\u00eatre individuel. Ces deux aspects, public et priv\u00e9, \u00e9taient li\u00e9s \u00e0 des concepts et des d\u00e9sirs plus profonds de pl\u00e9nitude et de d\u00e9passement li\u00e9s \u00e0 l\u2019art et \u00e0 l\u2019expression artistique.<\/p>\n\r\n    <div class=\"swiper\">\r\n\r\n        <!-- Additional required wrapper -->\r\n\r\n        <div class=\"swiper-wrapper\">\r\n\r\n            <!-- Slides -->\r\n\r\n            \r\n                <div class=\"swiper-slide\">\r\n\r\n                    <div class=\"slide-peca\">\r\n\r\n                        <a href=\"http:\/\/tempsdememoria.mac.cat\/fr\/objects\/poisson\/\">\r\n\r\n                            <div class=\"img-peca\">\r\n\r\n                                <img loading=\"lazy\" decoding=\"async\" width=\"1140\" height=\"570\" src=\"http:\/\/tempsdememoria.mac.cat\/wp-content\/uploads\/2023\/05\/peix-9.jpg\" class=\"attachment-post-thumbnail size-post-thumbnail wp-post-image\" alt=\"\" srcset=\"http:\/\/tempsdememoria.mac.cat\/wp-content\/uploads\/2023\/05\/peix-9.jpg 1140w, http:\/\/tempsdememoria.mac.cat\/wp-content\/uploads\/2023\/05\/peix-9-300x150.jpg 300w, http:\/\/tempsdememoria.mac.cat\/wp-content\/uploads\/2023\/05\/peix-9-1024x512.jpg 1024w, http:\/\/tempsdememoria.mac.cat\/wp-content\/uploads\/2023\/05\/peix-9-768x384.jpg 768w\" sizes=\"auto, (max-width: 1140px) 100vw, 1140px\" \/>\r\n                            <\/div>\r\n\r\n                            <h3>Poisson<\/h3>\r\n\r\n                            <p>Os<\/p>\r\n\r\n                            <p>IVe-Ve si\u00e8cle ap. J-C<\/p>\r\n\r\n                        <\/a>\r\n\r\n                    <\/div>\r\n\r\n                <\/div>\r\n\r\n            \r\n                <div class=\"swiper-slide\">\r\n\r\n                    <div class=\"slide-peca\">\r\n\r\n                        <a href=\"http:\/\/tempsdememoria.mac.cat\/fr\/objects\/lampe-a-huile\/\">\r\n\r\n                            <div class=\"img-peca\">\r\n\r\n                                <img loading=\"lazy\" decoding=\"async\" width=\"1500\" height=\"1000\" src=\"http:\/\/tempsdememoria.mac.cat\/wp-content\/uploads\/2022\/11\/llantia-ceramica-1500-e1686643355591.jpg\" class=\"attachment-post-thumbnail size-post-thumbnail wp-post-image\" alt=\"\" \/>\r\n                            <\/div>\r\n\r\n                            <h3>Lampe \u00e0 huile<\/h3>\r\n\r\n                            <p>C\u00e9ramique<\/p>\r\n\r\n                            <p>Ier si\u00e8cle ap. J-C<\/p>\r\n\r\n                        <\/a>\r\n\r\n                    <\/div>\r\n\r\n                <\/div>\r\n\r\n            \r\n                <div class=\"swiper-slide\">\r\n\r\n                    <div class=\"slide-peca\">\r\n\r\n                        <a href=\"http:\/\/tempsdememoria.mac.cat\/fr\/objects\/brule-parfum\/\">\r\n\r\n                            <div class=\"img-peca\">\r\n\r\n                                <img loading=\"lazy\" decoding=\"async\" width=\"1000\" height=\"1500\" src=\"http:\/\/tempsdememoria.mac.cat\/wp-content\/uploads\/2022\/11\/peveter-1500-e1686643398987.jpg\" class=\"attachment-post-thumbnail size-post-thumbnail wp-post-image\" alt=\"\" \/>\r\n                            <\/div>\r\n\r\n                            <h3>Br\u00fble-parfum<\/h3>\r\n\r\n                            <p>Terre cuite<\/p>\r\n\r\n                            <p>IIIe si\u00e8cle av. J-C<\/p>\r\n\r\n                        <\/a>\r\n\r\n                    <\/div>\r\n\r\n                <\/div>\r\n\r\n            \r\n                <div class=\"swiper-slide\">\r\n\r\n                    <div class=\"slide-peca\">\r\n\r\n                        <a href=\"http:\/\/tempsdememoria.mac.cat\/fr\/objects\/ex-voto-en-forme-de-bucrane\/\">\r\n\r\n                            <div class=\"img-peca\">\r\n\r\n                                <img loading=\"lazy\" decoding=\"async\" width=\"1500\" height=\"1000\" src=\"http:\/\/tempsdememoria.mac.cat\/wp-content\/uploads\/2022\/11\/bucrani-1500-e1686643436978.jpg\" class=\"attachment-post-thumbnail size-post-thumbnail wp-post-image\" alt=\"\" \/>\r\n                            <\/div>\r\n\r\n                            <h3>Bucrane<\/h3>\r\n\r\n                            <p>Bronze<\/p>\r\n\r\n                            <p>Ier si\u00e8cle ap. J-C<\/p>\r\n\r\n                        <\/a>\r\n\r\n                    <\/div>\r\n\r\n                <\/div>\r\n\r\n            \r\n                <div class=\"swiper-slide\">\r\n\r\n                    <div class=\"slide-peca\">\r\n\r\n                        <a href=\"http:\/\/tempsdememoria.mac.cat\/fr\/objects\/alabastre-2\/\">\r\n\r\n                            <div class=\"img-peca\">\r\n\r\n                                <img loading=\"lazy\" decoding=\"async\" width=\"1000\" height=\"1500\" src=\"http:\/\/tempsdememoria.mac.cat\/wp-content\/uploads\/2022\/11\/alabastre-1500.jpg\" class=\"attachment-post-thumbnail size-post-thumbnail wp-post-image\" alt=\"\" srcset=\"http:\/\/tempsdememoria.mac.cat\/wp-content\/uploads\/2022\/11\/alabastre-1500.jpg 1000w, http:\/\/tempsdememoria.mac.cat\/wp-content\/uploads\/2022\/11\/alabastre-1500-200x300.jpg 200w, http:\/\/tempsdememoria.mac.cat\/wp-content\/uploads\/2022\/11\/alabastre-1500-683x1024.jpg 683w, http:\/\/tempsdememoria.mac.cat\/wp-content\/uploads\/2022\/11\/alabastre-1500-768x1152.jpg 768w\" sizes=\"auto, (max-width: 1000px) 100vw, 1000px\" \/>\r\n                            <\/div>\r\n\r\n                            <h3>Alabastre<\/h3>\r\n\r\n                            <p>C\u00e9ramique attique \u00e0 figures noires<\/p>\r\n\r\n                            <p>Ve si\u00e8cle av. J-C<\/p>\r\n\r\n                        <\/a>\r\n\r\n                    <\/div>\r\n\r\n                <\/div>\r\n\r\n            \r\n                <div class=\"swiper-slide\">\r\n\r\n                    <div class=\"slide-peca\">\r\n\r\n                        <a href=\"http:\/\/tempsdememoria.mac.cat\/fr\/objects\/sifflet\/\">\r\n\r\n                            <div class=\"img-peca\">\r\n\r\n                                <img loading=\"lazy\" decoding=\"async\" width=\"1500\" height=\"1000\" src=\"http:\/\/tempsdememoria.mac.cat\/wp-content\/uploads\/2022\/11\/xiulet-1500-e1686643469583.jpg\" class=\"attachment-post-thumbnail size-post-thumbnail wp-post-image\" alt=\"\" \/>\r\n                            <\/div>\r\n\r\n                            <h3>Sifflet<\/h3>\r\n\r\n                            <p>Os<\/p>\r\n\r\n                            <p>Ier-IIe si\u00e8cle ap. J-C<\/p>\r\n\r\n                        <\/a>\r\n\r\n                    <\/div>\r\n\r\n                <\/div>\r\n\r\n            \r\n                <div class=\"swiper-slide\">\r\n\r\n                    <div class=\"slide-peca\">\r\n\r\n                        <a href=\"http:\/\/tempsdememoria.mac.cat\/fr\/objects\/amulette-phallique\/\">\r\n\r\n                            <div class=\"img-peca\">\r\n\r\n                                <img loading=\"lazy\" decoding=\"async\" width=\"1500\" height=\"1000\" src=\"http:\/\/tempsdememoria.mac.cat\/wp-content\/uploads\/2022\/11\/amulet-1500-e1686643509254.jpg\" class=\"attachment-post-thumbnail size-post-thumbnail wp-post-image\" alt=\"\" \/>\r\n                            <\/div>\r\n\r\n                            <h3>Amulette phallique<\/h3>\r\n\r\n                            <p>Bronze<\/p>\r\n\r\n                            <p>Ier-IIe si\u00e8cle ap. J-C<\/p>\r\n\r\n                        <\/a>\r\n\r\n                    <\/div>\r\n\r\n                <\/div>\r\n\r\n            \r\n                <div class=\"swiper-slide\">\r\n\r\n                    <div class=\"slide-peca\">\r\n\r\n                        <a href=\"http:\/\/tempsdememoria.mac.cat\/fr\/objects\/pierre-ddautel\/\">\r\n\r\n                            <div class=\"img-peca\">\r\n\r\n                                <img loading=\"lazy\" decoding=\"async\" width=\"1313\" height=\"1500\" src=\"http:\/\/tempsdememoria.mac.cat\/wp-content\/uploads\/2022\/10\/Ara-Pontos1500.jpg\" class=\"attachment-post-thumbnail size-post-thumbnail wp-post-image\" alt=\"\" srcset=\"http:\/\/tempsdememoria.mac.cat\/wp-content\/uploads\/2022\/10\/Ara-Pontos1500.jpg 1313w, http:\/\/tempsdememoria.mac.cat\/wp-content\/uploads\/2022\/10\/Ara-Pontos1500-263x300.jpg 263w, http:\/\/tempsdememoria.mac.cat\/wp-content\/uploads\/2022\/10\/Ara-Pontos1500-896x1024.jpg 896w, http:\/\/tempsdememoria.mac.cat\/wp-content\/uploads\/2022\/10\/Ara-Pontos1500-768x877.jpg 768w\" sizes=\"auto, (max-width: 1313px) 100vw, 1313px\" \/>\r\n                            <\/div>\r\n\r\n                            <h3>Pierre d&#8217;dautel<\/h3>\r\n\r\n                            <p>Marbre<\/p>\r\n\r\n                            <p>IIIe-IIe si\u00e8lce av. J-C<\/p>\r\n\r\n                        <\/a>\r\n\r\n                    <\/div>\r\n\r\n                <\/div>\r\n\r\n            \r\n                <div class=\"swiper-slide\">\r\n\r\n                    <div class=\"slide-peca\">\r\n\r\n                        <a href=\"http:\/\/tempsdememoria.mac.cat\/fr\/objects\/mosaique\/\">\r\n\r\n                            <div class=\"img-peca\">\r\n\r\n                                <img loading=\"lazy\" decoding=\"async\" width=\"677\" height=\"886\" src=\"http:\/\/tempsdememoria.mac.cat\/wp-content\/uploads\/2022\/10\/mosaic-fons-negre-1.jpg\" class=\"attachment-post-thumbnail size-post-thumbnail wp-post-image\" alt=\"\" srcset=\"http:\/\/tempsdememoria.mac.cat\/wp-content\/uploads\/2022\/10\/mosaic-fons-negre-1.jpg 677w, http:\/\/tempsdememoria.mac.cat\/wp-content\/uploads\/2022\/10\/mosaic-fons-negre-1-229x300.jpg 229w\" sizes=\"auto, (max-width: 677px) 100vw, 677px\" \/>\r\n                            <\/div>\r\n\r\n                            <h3>Mosa\u00efque<\/h3>\r\n\r\n                            <p>Tesselles en pierre m\u00eal\u00e9es au mortier<\/p>\r\n\r\n                            <p>IIIe si\u00e8cle ap. J-C<\/p>\r\n\r\n                        <\/a>\r\n\r\n                    <\/div>\r\n\r\n                <\/div>\r\n\r\n            \r\n                <div class=\"swiper-slide\">\r\n\r\n                    <div class=\"slide-peca\">\r\n\r\n                        <a href=\"http:\/\/tempsdememoria.mac.cat\/fr\/objects\/tete-de-lion\/\">\r\n\r\n                            <div class=\"img-peca\">\r\n\r\n                                <img loading=\"lazy\" decoding=\"async\" width=\"1500\" height=\"1000\" src=\"http:\/\/tempsdememoria.mac.cat\/wp-content\/uploads\/2022\/10\/cap-lleo-1500-e1686643595708.jpg\" class=\"attachment-post-thumbnail size-post-thumbnail wp-post-image\" alt=\"\" \/>\r\n                            <\/div>\r\n\r\n                            <h3>T\u00eate de lion<\/h3>\r\n\r\n                            <p>Marbre<\/p>\r\n\r\n                            <p>XII<\/p>\r\n\r\n                        <\/a>\r\n\r\n                    <\/div>\r\n\r\n                <\/div>\r\n\r\n            \r\n                <div class=\"swiper-slide\">\r\n\r\n                    <div class=\"slide-peca\">\r\n\r\n                        <a href=\"http:\/\/tempsdememoria.mac.cat\/fr\/objects\/askos-a-tete-dacheloos\/\">\r\n\r\n                            <div class=\"img-peca\">\r\n\r\n                                <img loading=\"lazy\" decoding=\"async\" width=\"1500\" height=\"966\" src=\"http:\/\/tempsdememoria.mac.cat\/wp-content\/uploads\/2022\/09\/Asc-jonic1500.jpg\" class=\"attachment-post-thumbnail size-post-thumbnail wp-post-image\" alt=\"\" srcset=\"http:\/\/tempsdememoria.mac.cat\/wp-content\/uploads\/2022\/09\/Asc-jonic1500.jpg 1500w, http:\/\/tempsdememoria.mac.cat\/wp-content\/uploads\/2022\/09\/Asc-jonic1500-300x193.jpg 300w, http:\/\/tempsdememoria.mac.cat\/wp-content\/uploads\/2022\/09\/Asc-jonic1500-1024x659.jpg 1024w, http:\/\/tempsdememoria.mac.cat\/wp-content\/uploads\/2022\/09\/Asc-jonic1500-768x495.jpg 768w\" sizes=\"auto, (max-width: 1500px) 100vw, 1500px\" \/>\r\n                            <\/div>\r\n\r\n                            <h3>Askos \u00e0 t\u00eate d&#8217;Ach\u00e9l\u00f4os<\/h3>\r\n\r\n                            <p>C\u00e9ramique<\/p>\r\n\r\n                            <p>IIIe si\u00e8cle av. J-C<\/p>\r\n\r\n                        <\/a>\r\n\r\n                    <\/div>\r\n\r\n                <\/div>\r\n\r\n            \r\n        <\/div>\r\n\r\n        <!-- If we need navigation buttons -->\r\n\r\n        <div class=\"swiper-button-prev\"><\/div>\r\n\r\n        <div class=\"swiper-button-next\"><\/div>\r\n\r\n    <\/div>\r\n\r\n    \n<p style=\"text-align: center;\"><strong>Expressions artistiques<\/strong><\/p>\n<p style=\"text-align: center;\">Le processus cr\u00e9atif r\u00e9pond au besoin humain d\u2019exprimer une \u00e9motion ou une id\u00e9e \u00e0 partir de la capacit\u00e9 d\u2019abstraction de celle-ci et de sa repr\u00e9sentation formelle ou mat\u00e9rielle. \u00c0 travers diff\u00e9rentes expressions artistiques (peinture, sculpture, c\u00e9ramique, etc.), les \u00eatres humains ont laiss\u00e9 des t\u00e9moignages de caract\u00e9ristiques propres aux diff\u00e9rentes cultures qu\u2019ils ont fa\u00e7onn\u00e9es.<\/p>\n<p style=\"text-align: center;\"><strong>Croyances<\/strong><\/p>\n<p style=\"text-align: center;\">Mythologie, religion et superstition\u00a0: recherche d\u2019explications aux grands myst\u00e8res de la vie et de la mort\u00a0; expression publique et priv\u00e9e des croyances\u00a0; propitiation de la bonne fortune pour affronter les peurs les plus intimes et personnelles.<\/p>\n<div class=\"inner-catedral\"><div class=\"menu-main-container\"><ul id=\"menu-main\" class=\"menu\"><li id=\"menu-item-27\" class=\"menu-item menu-item-type-post_type menu-item-object-page menu-item-has-children menu-item-27\"><a href=\"http:\/\/tempsdememoria.mac.cat\/lexposicio\/\">L\u2019exposici\u00f3<\/a>\n<div class='block-catedral-nav'><ul class=\"sub-menu\">\n\t<li id=\"menu-item-327\" class=\"temps-de-title menu-item menu-item-type-custom menu-item-object-custom menu-item-327\"><a href=\"#\">Temps de vida<\/a><\/li>\n\t<li id=\"menu-item-40\" class=\"coords-70-40 color-927B39 menu-item menu-item-type-post_type menu-item-object-page menu-item-40\"><a href=\"http:\/\/tempsdememoria.mac.cat\/lexposicio\/neixer\/\">N\u00e9ixer<\/a><\/li>\n\t<li id=\"menu-item-33\" class=\"coords-62-27 menu-item menu-item-type-post_type menu-item-object-page menu-item-33\"><a href=\"http:\/\/tempsdememoria.mac.cat\/lexposicio\/menjar\/\">Menjar<\/a><\/li>\n\t<li id=\"menu-item-32\" class=\"coords-62-53 menu-item menu-item-type-post_type menu-item-object-page menu-item-32\"><a href=\"http:\/\/tempsdememoria.mac.cat\/lexposicio\/produir\/\">Produir<\/a><\/li>\n\t<li id=\"menu-item-31\" class=\"coords-47-27 menu-item menu-item-type-post_type menu-item-object-page menu-item-31\"><a href=\"http:\/\/tempsdememoria.mac.cat\/lexposicio\/gaudir\/\">Gaudir<\/a><\/li>\n\t<li id=\"menu-item-30\" class=\"coords-32-27 menu-item menu-item-type-post_type menu-item-object-page menu-item-30\"><a href=\"http:\/\/tempsdememoria.mac.cat\/lexposicio\/lluitar\/\">Lluitar<\/a><\/li>\n\t<li id=\"menu-item-29\" class=\"coords-32-53 menu-item menu-item-type-post_type menu-item-object-page menu-item-29\"><a href=\"http:\/\/tempsdememoria.mac.cat\/lexposicio\/crear\/\">Crear<\/a><\/li>\n\t<li id=\"menu-item-328\" class=\"temps-de-title menu-item menu-item-type-custom menu-item-object-custom menu-item-328\"><a href=\"#\">Temps de l&#8217;ad\u00e9u<\/a><\/li>\n\t<li id=\"menu-item-28\" class=\"coords-22-40 menu-item menu-item-type-post_type menu-item-object-page menu-item-28\"><a href=\"http:\/\/tempsdememoria.mac.cat\/lexposicio\/morir\/\">Morir<\/a><\/li>\n <\/ul><div class=\"col-catedral\"><div class=\"image-catedral-menu\"><div class=\"pin-selector\"><a href=\"\"><\/a><\/div><div class=\"pin-selector-2\"><a href=\"\"><\/a><\/div><img decoding=\"async\" src=\"http:\/\/tempsdememoria.mac.cat\/wp-content\/themes\/memoria\/imgs\/catedral.png\" alt=\"Catedral\"><\/div><\/div><\/div>\n<\/li>\n<li id=\"menu-item-42\" class=\"menu-item menu-item-type-post_type menu-item-object-page menu-item-42\"><a href=\"http:\/\/tempsdememoria.mac.cat\/el-museu\/\">El monestir<\/a><\/li>\n<li id=\"menu-item-41\" class=\"menu-item menu-item-type-post_type menu-item-object-page menu-item-41\"><a href=\"http:\/\/tempsdememoria.mac.cat\/les-activitats\/\">Les activitats<\/a><\/li>\n<\/ul><\/div><\/div>\n","protected":false},"excerpt":{"rendered":"<p>Depuis la Pr\u00e9histoire, les \u00e9vidences mat\u00e9rielles associ\u00e9es aux pratiques ou doctrines religieuses \u00e9taient des \u00e9l\u00e9ments qui\u00a0 v\u00e9hiculaient les relations entre les \u00eatres humains et les \u00eatres sup\u00e9rieurs ou divinit\u00e9s. Dans le monde classique, les actes associ\u00e9s \u00e0 la religion publique exigeant aussi l\u2019engagement des citoyens \u00e0 la participation des c\u00e9r\u00e9monies de caract\u00e8re civique \u00e9taient men\u00e9s [&hellip;]<\/p>\n","protected":false},"author":3,"featured_media":385,"parent":872,"menu_order":0,"comment_status":"closed","ping_status":"closed","template":"","meta":{"footnotes":""},"class_list":["post-679","page","type-page","status-publish","has-post-thumbnail","hentry"],"acf":[],"_links":{"self":[{"href":"http:\/\/tempsdememoria.mac.cat\/fr\/wp-json\/wp\/v2\/pages\/679","targetHints":{"allow":["GET"]}}],"collection":[{"href":"http:\/\/tempsdememoria.mac.cat\/fr\/wp-json\/wp\/v2\/pages"}],"about":[{"href":"http:\/\/tempsdememoria.mac.cat\/fr\/wp-json\/wp\/v2\/types\/page"}],"author":[{"embeddable":true,"href":"http:\/\/tempsdememoria.mac.cat\/fr\/wp-json\/wp\/v2\/users\/3"}],"replies":[{"embeddable":true,"href":"http:\/\/tempsdememoria.mac.cat\/fr\/wp-json\/wp\/v2\/comments?post=679"}],"version-history":[{"count":3,"href":"http:\/\/tempsdememoria.mac.cat\/fr\/wp-json\/wp\/v2\/pages\/679\/revisions"}],"predecessor-version":[{"id":1718,"href":"http:\/\/tempsdememoria.mac.cat\/fr\/wp-json\/wp\/v2\/pages\/679\/revisions\/1718"}],"up":[{"embeddable":true,"href":"http:\/\/tempsdememoria.mac.cat\/fr\/wp-json\/wp\/v2\/pages\/872"}],"wp:featuredmedia":[{"embeddable":true,"href":"http:\/\/tempsdememoria.mac.cat\/fr\/wp-json\/wp\/v2\/media\/385"}],"wp:attachment":[{"href":"http:\/\/tempsdememoria.mac.cat\/fr\/wp-json\/wp\/v2\/media?parent=679"}],"curies":[{"name":"wp","href":"https:\/\/api.w.org\/{rel}","templated":true}]}}