{"id":673,"date":"2022-09-06T14:29:25","date_gmt":"2022-09-06T14:29:25","guid":{"rendered":"http:\/\/tempsdememoria.mac.cat\/produir\/"},"modified":"2024-01-25T12:29:48","modified_gmt":"2024-01-25T12:29:48","slug":"produire","status":"publish","type":"page","link":"http:\/\/tempsdememoria.mac.cat\/fr\/exposition\/produire\/","title":{"rendered":"Produire"},"content":{"rendered":"\n<p><\/p>\n\n\n<p style=\"text-align: center;\">La d\u00e9couverte de la c\u00e9ramique, du verre et de la m\u00e9tallurgie permit d\u2019augmenter et de diversifier la production d\u2019outils et d\u2019instruments, chaque fois plus vari\u00e9s et efficaces\u00a0: r\u00e9cipients pour cuisiner et conserver les aliments, outils pour l\u2019agriculture, la chasse, la p\u00eache et autres activit\u00e9s de transformation de la nature. La connaissance technologique facilita l\u2019incorporation d\u2019\u00e9l\u00e9ments d\u00e9coratifs de grande valeur esth\u00e9tique et symbolique sur quelques-uns de ces objets de la vie quotidienne, les convertissant en des pi\u00e8ces de prestige, de diff\u00e9rentiation sociale, en de petits tr\u00e9sors qui ont pu \u00eatre d\u00e9couverts gr\u00e2ce \u00e0 l\u2019arch\u00e9ologie.<\/p>\n\r\n    <div class=\"swiper\">\r\n\r\n        <!-- Additional required wrapper -->\r\n\r\n        <div class=\"swiper-wrapper\">\r\n\r\n            <!-- Slides -->\r\n\r\n            \r\n                <div class=\"swiper-slide\">\r\n\r\n                    <div class=\"slide-peca\">\r\n\r\n                        <a href=\"http:\/\/tempsdememoria.mac.cat\/fr\/objects\/oenochoe\/\">\r\n\r\n                            <div class=\"img-peca\">\r\n\r\n                                <img loading=\"lazy\" decoding=\"async\" width=\"1000\" height=\"1500\" src=\"http:\/\/tempsdememoria.mac.cat\/wp-content\/uploads\/2022\/11\/eonoca-1500-e1686642293196.jpg\" class=\"attachment-post-thumbnail size-post-thumbnail wp-post-image\" alt=\"\" \/>\r\n                            <\/div>\r\n\r\n                            <h3>\u0152nocho\u00e9<\/h3>\r\n\r\n                            <p>C\u00e9ramique attique \u00e0 figures rouges<\/p>\r\n\r\n                            <p>Ve si\u00e8cle av. J-C<\/p>\r\n\r\n                        <\/a>\r\n\r\n                    <\/div>\r\n\r\n                <\/div>\r\n\r\n            \r\n                <div class=\"swiper-slide\">\r\n\r\n                    <div class=\"slide-peca\">\r\n\r\n                        <a href=\"http:\/\/tempsdememoria.mac.cat\/fr\/objects\/gourde\/\">\r\n\r\n                            <div class=\"img-peca\">\r\n\r\n                                <img loading=\"lazy\" decoding=\"async\" width=\"1500\" height=\"1000\" src=\"http:\/\/tempsdememoria.mac.cat\/wp-content\/uploads\/2022\/11\/cantimplora-romana1500.jpg\" class=\"attachment-post-thumbnail size-post-thumbnail wp-post-image\" alt=\"\" srcset=\"http:\/\/tempsdememoria.mac.cat\/wp-content\/uploads\/2022\/11\/cantimplora-romana1500.jpg 1500w, http:\/\/tempsdememoria.mac.cat\/wp-content\/uploads\/2022\/11\/cantimplora-romana1500-300x200.jpg 300w, http:\/\/tempsdememoria.mac.cat\/wp-content\/uploads\/2022\/11\/cantimplora-romana1500-1024x683.jpg 1024w, http:\/\/tempsdememoria.mac.cat\/wp-content\/uploads\/2022\/11\/cantimplora-romana1500-768x512.jpg 768w\" sizes=\"auto, (max-width: 1500px) 100vw, 1500px\" \/>\r\n                            <\/div>\r\n\r\n                            <h3>Gourde<\/h3>\r\n\r\n                            <p>Terra sigillata<\/p>\r\n\r\n                            <p>IIe si\u00e8cle ap. J-C<\/p>\r\n\r\n                        <\/a>\r\n\r\n                    <\/div>\r\n\r\n                <\/div>\r\n\r\n            \r\n                <div class=\"swiper-slide\">\r\n\r\n                    <div class=\"slide-peca\">\r\n\r\n                        <a href=\"http:\/\/tempsdememoria.mac.cat\/fr\/objects\/cratere-en-cloche\/\">\r\n\r\n                            <div class=\"img-peca\">\r\n\r\n                                <img loading=\"lazy\" decoding=\"async\" width=\"1500\" height=\"1131\" src=\"http:\/\/tempsdememoria.mac.cat\/wp-content\/uploads\/2022\/11\/crateraSant-sebastia1500.jpg\" class=\"attachment-post-thumbnail size-post-thumbnail wp-post-image\" alt=\"\" srcset=\"http:\/\/tempsdememoria.mac.cat\/wp-content\/uploads\/2022\/11\/crateraSant-sebastia1500.jpg 1500w, http:\/\/tempsdememoria.mac.cat\/wp-content\/uploads\/2022\/11\/crateraSant-sebastia1500-300x226.jpg 300w, http:\/\/tempsdememoria.mac.cat\/wp-content\/uploads\/2022\/11\/crateraSant-sebastia1500-1024x772.jpg 1024w, http:\/\/tempsdememoria.mac.cat\/wp-content\/uploads\/2022\/11\/crateraSant-sebastia1500-768x579.jpg 768w\" sizes=\"auto, (max-width: 1500px) 100vw, 1500px\" \/>\r\n                            <\/div>\r\n\r\n                            <h3>Crat\u00e8re en cloche<\/h3>\r\n\r\n                            <p>C\u00e9ramique attique \u00e0 figures rouges<\/p>\r\n\r\n                            <p>IVe si\u00e8cle av. J-C<\/p>\r\n\r\n                        <\/a>\r\n\r\n                    <\/div>\r\n\r\n                <\/div>\r\n\r\n            \r\n                <div class=\"swiper-slide\">\r\n\r\n                    <div class=\"slide-peca\">\r\n\r\n                        <a href=\"http:\/\/tempsdememoria.mac.cat\/fr\/objects\/pichet-iberique\/\">\r\n\r\n                            <div class=\"img-peca\">\r\n\r\n                                <img loading=\"lazy\" decoding=\"async\" width=\"1000\" height=\"1500\" src=\"http:\/\/tempsdememoria.mac.cat\/wp-content\/uploads\/2022\/11\/gerra-iberica-1500.jpg\" class=\"attachment-post-thumbnail size-post-thumbnail wp-post-image\" alt=\"\" srcset=\"http:\/\/tempsdememoria.mac.cat\/wp-content\/uploads\/2022\/11\/gerra-iberica-1500.jpg 1000w, http:\/\/tempsdememoria.mac.cat\/wp-content\/uploads\/2022\/11\/gerra-iberica-1500-200x300.jpg 200w, http:\/\/tempsdememoria.mac.cat\/wp-content\/uploads\/2022\/11\/gerra-iberica-1500-683x1024.jpg 683w, http:\/\/tempsdememoria.mac.cat\/wp-content\/uploads\/2022\/11\/gerra-iberica-1500-768x1152.jpg 768w\" sizes=\"auto, (max-width: 1000px) 100vw, 1000px\" \/>\r\n                            <\/div>\r\n\r\n                            <h3>Cruche ib\u00e9rique<\/h3>\r\n\r\n                            <p>C\u00e9ramique<\/p>\r\n\r\n                            <p>Ve-IIIe si\u00e8cle av. J-C<\/p>\r\n\r\n                        <\/a>\r\n\r\n                    <\/div>\r\n\r\n                <\/div>\r\n\r\n            \r\n                <div class=\"swiper-slide\">\r\n\r\n                    <div class=\"slide-peca\">\r\n\r\n                        <a href=\"http:\/\/tempsdememoria.mac.cat\/fr\/objects\/calathos\/\">\r\n\r\n                            <div class=\"img-peca\">\r\n\r\n                                <img loading=\"lazy\" decoding=\"async\" width=\"1500\" height=\"1000\" src=\"http:\/\/tempsdememoria.mac.cat\/wp-content\/uploads\/2022\/10\/kalat-1500.jpg\" class=\"attachment-post-thumbnail size-post-thumbnail wp-post-image\" alt=\"\" srcset=\"http:\/\/tempsdememoria.mac.cat\/wp-content\/uploads\/2022\/10\/kalat-1500.jpg 1500w, http:\/\/tempsdememoria.mac.cat\/wp-content\/uploads\/2022\/10\/kalat-1500-300x200.jpg 300w, http:\/\/tempsdememoria.mac.cat\/wp-content\/uploads\/2022\/10\/kalat-1500-1024x683.jpg 1024w, http:\/\/tempsdememoria.mac.cat\/wp-content\/uploads\/2022\/10\/kalat-1500-768x512.jpg 768w\" sizes=\"auto, (max-width: 1500px) 100vw, 1500px\" \/>\r\n                            <\/div>\r\n\r\n                            <h3>Calathos<\/h3>\r\n\r\n                            <p>C\u00e9ramique<\/p>\r\n\r\n                            <p>IIIe-IIe si\u00e8lce av. J-C<\/p>\r\n\r\n                        <\/a>\r\n\r\n                    <\/div>\r\n\r\n                <\/div>\r\n\r\n            \r\n                <div class=\"swiper-slide\">\r\n\r\n                    <div class=\"slide-peca\">\r\n\r\n                        <a href=\"http:\/\/tempsdememoria.mac.cat\/fr\/objects\/casserole\/\">\r\n\r\n                            <div class=\"img-peca\">\r\n\r\n                                <img loading=\"lazy\" decoding=\"async\" width=\"1500\" height=\"1000\" src=\"http:\/\/tempsdememoria.mac.cat\/wp-content\/uploads\/2022\/10\/cassola-1500-e1686642250295.jpg\" class=\"attachment-post-thumbnail size-post-thumbnail wp-post-image\" alt=\"\" \/>\r\n                            <\/div>\r\n\r\n                            <h3>Casserole<\/h3>\r\n\r\n                            <p>C\u00e9ramique<\/p>\r\n\r\n                            <p>4.300-3.900 av. J.C<\/p>\r\n\r\n                        <\/a>\r\n\r\n                    <\/div>\r\n\r\n                <\/div>\r\n\r\n            \r\n        <\/div>\r\n\r\n        <!-- If we need navigation buttons -->\r\n\r\n        <div class=\"swiper-button-prev\"><\/div>\r\n\r\n        <div class=\"swiper-button-next\"><\/div>\r\n\r\n    <\/div>\r\n\r\n    \n<p style=\"text-align: center;\">Les r\u00e9cipients au-del\u00e0 de simples contenants sont un t\u00e9moignage essentiel de l\u2019\u00e9volution culturelle. Avec la capacit\u00e9 technologique et la d\u00e9couverte de nouveaux mat\u00e9riaux, ils ont \u00e9t\u00e9 confectionn\u00e9s et perfectionn\u00e9s pour obtenir des formes esth\u00e9tiquement plus raffin\u00e9es et plus adapt\u00e9es \u00e0 leur fonction. Ils ont tous en commun une action et un instant o\u00f9 ils furent \u00e9labor\u00e9s et utilis\u00e9s. Un instant de vie.<\/p>\n<p style=\"text-align: center;\">Les r\u00e9cipients, tout sp\u00e9cialement les contenants en c\u00e9ramique, en raison de leur abondance et de leur vari\u00e9t\u00e9 dans le registre arch\u00e9ologique, sont devenus depuis toujours l\u2019un des outils d\u2019\u00e9tude les plus faciles pour les arch\u00e9ologues. Au tout d\u00e9but, ils \u00e9taient la base des s\u00e9quences chronologiques. Actuellement, avec les nouvelles techniques de recherche, ils nous informent sur les d\u00e9tails fondamentaux de la vie quotidienne pour comprendre les communaut\u00e9s qui les fabriquaient et les utilisaient.<\/p>\n<div class=\"inner-catedral\"><div class=\"menu-main-container\"><ul id=\"menu-main\" class=\"menu\"><li id=\"menu-item-27\" class=\"menu-item menu-item-type-post_type menu-item-object-page menu-item-has-children menu-item-27\"><a href=\"http:\/\/tempsdememoria.mac.cat\/lexposicio\/\">L\u2019exposici\u00f3<\/a>\n<div class='block-catedral-nav'><ul class=\"sub-menu\">\n\t<li id=\"menu-item-327\" class=\"temps-de-title menu-item menu-item-type-custom menu-item-object-custom menu-item-327\"><a href=\"#\">Temps de vida<\/a><\/li>\n\t<li id=\"menu-item-40\" class=\"coords-70-40 color-927B39 menu-item menu-item-type-post_type menu-item-object-page menu-item-40\"><a href=\"http:\/\/tempsdememoria.mac.cat\/lexposicio\/neixer\/\">N\u00e9ixer<\/a><\/li>\n\t<li id=\"menu-item-33\" class=\"coords-62-27 menu-item menu-item-type-post_type menu-item-object-page menu-item-33\"><a href=\"http:\/\/tempsdememoria.mac.cat\/lexposicio\/menjar\/\">Menjar<\/a><\/li>\n\t<li id=\"menu-item-32\" class=\"coords-62-53 menu-item menu-item-type-post_type menu-item-object-page menu-item-32\"><a href=\"http:\/\/tempsdememoria.mac.cat\/lexposicio\/produir\/\">Produir<\/a><\/li>\n\t<li id=\"menu-item-31\" class=\"coords-47-27 menu-item menu-item-type-post_type menu-item-object-page menu-item-31\"><a href=\"http:\/\/tempsdememoria.mac.cat\/lexposicio\/gaudir\/\">Gaudir<\/a><\/li>\n\t<li id=\"menu-item-30\" class=\"coords-32-27 menu-item menu-item-type-post_type menu-item-object-page menu-item-30\"><a href=\"http:\/\/tempsdememoria.mac.cat\/lexposicio\/lluitar\/\">Lluitar<\/a><\/li>\n\t<li id=\"menu-item-29\" class=\"coords-32-53 menu-item menu-item-type-post_type menu-item-object-page menu-item-29\"><a href=\"http:\/\/tempsdememoria.mac.cat\/lexposicio\/crear\/\">Crear<\/a><\/li>\n\t<li id=\"menu-item-328\" class=\"temps-de-title menu-item menu-item-type-custom menu-item-object-custom menu-item-328\"><a href=\"#\">Temps de l&#8217;ad\u00e9u<\/a><\/li>\n\t<li id=\"menu-item-28\" class=\"coords-22-40 menu-item menu-item-type-post_type menu-item-object-page menu-item-28\"><a href=\"http:\/\/tempsdememoria.mac.cat\/lexposicio\/morir\/\">Morir<\/a><\/li>\n <\/ul><div class=\"col-catedral\"><div class=\"image-catedral-menu\"><div class=\"pin-selector\"><a href=\"\"><\/a><\/div><div class=\"pin-selector-2\"><a href=\"\"><\/a><\/div><img decoding=\"async\" src=\"http:\/\/tempsdememoria.mac.cat\/wp-content\/themes\/memoria\/imgs\/catedral.png\" alt=\"Catedral\"><\/div><\/div><\/div>\n<\/li>\n<li id=\"menu-item-42\" class=\"menu-item menu-item-type-post_type menu-item-object-page menu-item-42\"><a href=\"http:\/\/tempsdememoria.mac.cat\/el-museu\/\">El monestir<\/a><\/li>\n<li id=\"menu-item-41\" class=\"menu-item menu-item-type-post_type menu-item-object-page menu-item-41\"><a href=\"http:\/\/tempsdememoria.mac.cat\/les-activitats\/\">Les activitats<\/a><\/li>\n<\/ul><\/div><\/div>","protected":false},"excerpt":{"rendered":"<p>La d\u00e9couverte de la c\u00e9ramique, du verre et de la m\u00e9tallurgie permit d\u2019augmenter et de diversifier la production d\u2019outils et d\u2019instruments, chaque fois plus vari\u00e9s et efficaces\u00a0: r\u00e9cipients pour cuisiner et conserver les aliments, outils pour l\u2019agriculture, la chasse, la p\u00eache et autres activit\u00e9s de transformation de la nature. La connaissance technologique facilita l\u2019incorporation d\u2019\u00e9l\u00e9ments [&hellip;]<\/p>\n","protected":false},"author":3,"featured_media":412,"parent":872,"menu_order":0,"comment_status":"closed","ping_status":"closed","template":"","meta":{"footnotes":""},"class_list":["post-673","page","type-page","status-publish","has-post-thumbnail","hentry"],"acf":[],"_links":{"self":[{"href":"http:\/\/tempsdememoria.mac.cat\/fr\/wp-json\/wp\/v2\/pages\/673","targetHints":{"allow":["GET"]}}],"collection":[{"href":"http:\/\/tempsdememoria.mac.cat\/fr\/wp-json\/wp\/v2\/pages"}],"about":[{"href":"http:\/\/tempsdememoria.mac.cat\/fr\/wp-json\/wp\/v2\/types\/page"}],"author":[{"embeddable":true,"href":"http:\/\/tempsdememoria.mac.cat\/fr\/wp-json\/wp\/v2\/users\/3"}],"replies":[{"embeddable":true,"href":"http:\/\/tempsdememoria.mac.cat\/fr\/wp-json\/wp\/v2\/comments?post=673"}],"version-history":[{"count":2,"href":"http:\/\/tempsdememoria.mac.cat\/fr\/wp-json\/wp\/v2\/pages\/673\/revisions"}],"predecessor-version":[{"id":1721,"href":"http:\/\/tempsdememoria.mac.cat\/fr\/wp-json\/wp\/v2\/pages\/673\/revisions\/1721"}],"up":[{"embeddable":true,"href":"http:\/\/tempsdememoria.mac.cat\/fr\/wp-json\/wp\/v2\/pages\/872"}],"wp:featuredmedia":[{"embeddable":true,"href":"http:\/\/tempsdememoria.mac.cat\/fr\/wp-json\/wp\/v2\/media\/412"}],"wp:attachment":[{"href":"http:\/\/tempsdememoria.mac.cat\/fr\/wp-json\/wp\/v2\/media?parent=673"}],"curies":[{"name":"wp","href":"https:\/\/api.w.org\/{rel}","templated":true}]}}