{"id":667,"date":"2022-09-06T14:29:09","date_gmt":"2022-09-06T14:29:09","guid":{"rendered":"http:\/\/tempsdememoria.mac.cat\/menjar\/"},"modified":"2024-01-25T12:30:18","modified_gmt":"2024-01-25T12:30:18","slug":"se-nourrir","status":"publish","type":"page","link":"http:\/\/tempsdememoria.mac.cat\/fr\/exposition\/se-nourrir\/","title":{"rendered":"Se nourrir"},"content":{"rendered":"\n<p class=\"has-text-align-center block\">L\u2019alimentation c\u2019est la vie&nbsp;; sans nourriture il n\u2019y a pas de vie. D\u00e8s les premi\u00e8res communaut\u00e9s, l\u2019\u00e9conomie se basait sur la gestion des ressources naturelles par la cueillette, la chasse et&nbsp; la p\u00eache. Les hommes et les femmes cr\u00e9\u00e8rent des objets qui facilit\u00e8rent l\u2019obtention de ces ressources, leur \u00e9laboration et leur consommation. Il y a 7000 ans, l\u2019apparition de l\u2019agriculture et de l\u2019\u00e9levage entra\u00eena le contr\u00f4le humain des biens de consommation, la possibilit\u00e9 de cr\u00e9er et d\u2019emmagasiner des exc\u00e9dents ainsi que l\u2019\u00e9change commercial.&nbsp; Des habitudes et des traditions alimentaires se sont \u00e9galement form\u00e9es qui sont devenues, souvent par la religion, des caract\u00e9ristiques de diff\u00e9rentes communaut\u00e9s.<\/p>\n\n\n\n<div class=\"wp-block-group block\"><div class=\"wp-block-group__inner-container is-layout-constrained wp-block-group-is-layout-constrained\">\r\n    <div class=\"swiper\">\r\n\r\n        <!-- Additional required wrapper -->\r\n\r\n        <div class=\"swiper-wrapper\">\r\n\r\n            <!-- Slides -->\r\n\r\n            \r\n                <div class=\"swiper-slide\">\r\n\r\n                    <div class=\"slide-peca\">\r\n\r\n                        <a href=\"http:\/\/tempsdememoria.mac.cat\/fr\/objects\/moulin-rotatif\/\">\r\n\r\n                            <div class=\"img-peca\">\r\n\r\n                                <img loading=\"lazy\" decoding=\"async\" width=\"1500\" height=\"1089\" src=\"http:\/\/tempsdememoria.mac.cat\/wp-content\/uploads\/2022\/11\/moli1500.jpg\" class=\"attachment-post-thumbnail size-post-thumbnail wp-post-image\" alt=\"\" srcset=\"http:\/\/tempsdememoria.mac.cat\/wp-content\/uploads\/2022\/11\/moli1500.jpg 1500w, http:\/\/tempsdememoria.mac.cat\/wp-content\/uploads\/2022\/11\/moli1500-300x218.jpg 300w, http:\/\/tempsdememoria.mac.cat\/wp-content\/uploads\/2022\/11\/moli1500-1024x743.jpg 1024w, http:\/\/tempsdememoria.mac.cat\/wp-content\/uploads\/2022\/11\/moli1500-768x558.jpg 768w\" sizes=\"auto, (max-width: 1500px) 100vw, 1500px\" \/>\r\n                            <\/div>\r\n\r\n                            <h3>Moulin rotatif<\/h3>\r\n\r\n                            <p>Gr\u00e8s<\/p>\r\n\r\n                            <p>IIe si\u00e8cle av. J-C<\/p>\r\n\r\n                        <\/a>\r\n\r\n                    <\/div>\r\n\r\n                <\/div>\r\n\r\n            \r\n                <div class=\"swiper-slide\">\r\n\r\n                    <div class=\"slide-peca\">\r\n\r\n                        <a href=\"http:\/\/tempsdememoria.mac.cat\/fr\/objects\/hache-polie\/\">\r\n\r\n                            <div class=\"img-peca\">\r\n\r\n                                <img loading=\"lazy\" decoding=\"async\" width=\"1500\" height=\"1000\" src=\"http:\/\/tempsdememoria.mac.cat\/wp-content\/uploads\/2022\/11\/destral-contrastada1500.jpg\" class=\"attachment-post-thumbnail size-post-thumbnail wp-post-image\" alt=\"\" srcset=\"http:\/\/tempsdememoria.mac.cat\/wp-content\/uploads\/2022\/11\/destral-contrastada1500.jpg 1500w, http:\/\/tempsdememoria.mac.cat\/wp-content\/uploads\/2022\/11\/destral-contrastada1500-300x200.jpg 300w, http:\/\/tempsdememoria.mac.cat\/wp-content\/uploads\/2022\/11\/destral-contrastada1500-1024x683.jpg 1024w, http:\/\/tempsdememoria.mac.cat\/wp-content\/uploads\/2022\/11\/destral-contrastada1500-768x512.jpg 768w\" sizes=\"auto, (max-width: 1500px) 100vw, 1500px\" \/>\r\n                            <\/div>\r\n\r\n                            <h3>Hache polie<\/h3>\r\n\r\n                            <p>Jade<\/p>\r\n\r\n                            <p>5.600-4.500 av. J-C<\/p>\r\n\r\n                        <\/a>\r\n\r\n                    <\/div>\r\n\r\n                <\/div>\r\n\r\n            \r\n                <div class=\"swiper-slide\">\r\n\r\n                    <div class=\"slide-peca\">\r\n\r\n                        <a href=\"http:\/\/tempsdememoria.mac.cat\/fr\/objects\/pic-du-montgri\/\">\r\n\r\n                            <div class=\"img-peca\">\r\n\r\n                                <img loading=\"lazy\" decoding=\"async\" width=\"873\" height=\"1500\" src=\"http:\/\/tempsdememoria.mac.cat\/wp-content\/uploads\/2022\/11\/pic1500.jpg\" class=\"attachment-post-thumbnail size-post-thumbnail wp-post-image\" alt=\"\" srcset=\"http:\/\/tempsdememoria.mac.cat\/wp-content\/uploads\/2022\/11\/pic1500.jpg 873w, http:\/\/tempsdememoria.mac.cat\/wp-content\/uploads\/2022\/11\/pic1500-175x300.jpg 175w, http:\/\/tempsdememoria.mac.cat\/wp-content\/uploads\/2022\/11\/pic1500-596x1024.jpg 596w, http:\/\/tempsdememoria.mac.cat\/wp-content\/uploads\/2022\/11\/pic1500-768x1320.jpg 768w\" sizes=\"auto, (max-width: 873px) 100vw, 873px\" \/>\r\n                            <\/div>\r\n\r\n                            <h3>Pic du Montgr\u00ed<\/h3>\r\n\r\n                            <p>Galet en porphyre<\/p>\r\n\r\n                            <p>300.000-120.000 av. J-C<\/p>\r\n\r\n                        <\/a>\r\n\r\n                    <\/div>\r\n\r\n                <\/div>\r\n\r\n            \r\n                <div class=\"swiper-slide\">\r\n\r\n                    <div class=\"slide-peca\">\r\n\r\n                        <a href=\"http:\/\/tempsdememoria.mac.cat\/fr\/objects\/serpe\/\">\r\n\r\n                            <div class=\"img-peca\">\r\n\r\n                                <img loading=\"lazy\" decoding=\"async\" width=\"1500\" height=\"1000\" src=\"http:\/\/tempsdememoria.mac.cat\/wp-content\/uploads\/2022\/10\/podall-1500.jpg\" class=\"attachment-post-thumbnail size-post-thumbnail wp-post-image\" alt=\"\" srcset=\"http:\/\/tempsdememoria.mac.cat\/wp-content\/uploads\/2022\/10\/podall-1500.jpg 1500w, http:\/\/tempsdememoria.mac.cat\/wp-content\/uploads\/2022\/10\/podall-1500-300x200.jpg 300w, http:\/\/tempsdememoria.mac.cat\/wp-content\/uploads\/2022\/10\/podall-1500-1024x683.jpg 1024w, http:\/\/tempsdememoria.mac.cat\/wp-content\/uploads\/2022\/10\/podall-1500-768x512.jpg 768w\" sizes=\"auto, (max-width: 1500px) 100vw, 1500px\" \/>\r\n                            <\/div>\r\n\r\n                            <h3>Serpe<\/h3>\r\n\r\n                            <p>Fer<\/p>\r\n\r\n                            <p>IIIe-IIe si\u00e8lce av. J-C<\/p>\r\n\r\n                        <\/a>\r\n\r\n                    <\/div>\r\n\r\n                <\/div>\r\n\r\n            \r\n                <div class=\"swiper-slide\">\r\n\r\n                    <div class=\"slide-peca\">\r\n\r\n                        <a href=\"http:\/\/tempsdememoria.mac.cat\/fr\/objects\/herminette\/\">\r\n\r\n                            <div class=\"img-peca\">\r\n\r\n                                <img loading=\"lazy\" decoding=\"async\" width=\"1500\" height=\"1000\" src=\"http:\/\/tempsdememoria.mac.cat\/wp-content\/uploads\/2022\/10\/esquetlla-romana1500.jpg\" class=\"attachment-post-thumbnail size-post-thumbnail wp-post-image\" alt=\"\" srcset=\"http:\/\/tempsdememoria.mac.cat\/wp-content\/uploads\/2022\/10\/esquetlla-romana1500.jpg 1500w, http:\/\/tempsdememoria.mac.cat\/wp-content\/uploads\/2022\/10\/esquetlla-romana1500-300x200.jpg 300w, http:\/\/tempsdememoria.mac.cat\/wp-content\/uploads\/2022\/10\/esquetlla-romana1500-1024x683.jpg 1024w, http:\/\/tempsdememoria.mac.cat\/wp-content\/uploads\/2022\/10\/esquetlla-romana1500-768x512.jpg 768w\" sizes=\"auto, (max-width: 1500px) 100vw, 1500px\" \/>\r\n                            <\/div>\r\n\r\n                            <h3>Herminette<\/h3>\r\n\r\n                            <p>Fer<\/p>\r\n\r\n                            <p>IIIe-IIe si\u00e8lce av. J-C<\/p>\r\n\r\n                        <\/a>\r\n\r\n                    <\/div>\r\n\r\n                <\/div>\r\n\r\n            \r\n                <div class=\"swiper-slide\">\r\n\r\n                    <div class=\"slide-peca\">\r\n\r\n                        <a href=\"http:\/\/tempsdememoria.mac.cat\/fr\/objects\/harpon\/\">\r\n\r\n                            <div class=\"img-peca\">\r\n\r\n                                <img loading=\"lazy\" decoding=\"async\" width=\"969\" height=\"1500\" src=\"http:\/\/tempsdememoria.mac.cat\/wp-content\/uploads\/2022\/10\/arpo1500.jpg\" class=\"attachment-post-thumbnail size-post-thumbnail wp-post-image\" alt=\"\" srcset=\"http:\/\/tempsdememoria.mac.cat\/wp-content\/uploads\/2022\/10\/arpo1500.jpg 969w, http:\/\/tempsdememoria.mac.cat\/wp-content\/uploads\/2022\/10\/arpo1500-194x300.jpg 194w, http:\/\/tempsdememoria.mac.cat\/wp-content\/uploads\/2022\/10\/arpo1500-662x1024.jpg 662w, http:\/\/tempsdememoria.mac.cat\/wp-content\/uploads\/2022\/10\/arpo1500-768x1189.jpg 768w\" sizes=\"auto, (max-width: 969px) 100vw, 969px\" \/>\r\n                            <\/div>\r\n\r\n                            <h3>Harpon<\/h3>\r\n\r\n                            <p>Bois<\/p>\r\n\r\n                            <p>14.000-11.000 av. J-C<\/p>\r\n\r\n                        <\/a>\r\n\r\n                    <\/div>\r\n\r\n                <\/div>\r\n\r\n            \r\n        <\/div>\r\n\r\n        <!-- If we need navigation buttons -->\r\n\r\n        <div class=\"swiper-button-prev\"><\/div>\r\n\r\n        <div class=\"swiper-button-next\"><\/div>\r\n\r\n    <\/div>\r\n\r\n    \n<\/div><\/div>\n\n\n\n<p class=\"has-text-align-center block\">Outils<\/p>\n\n\n\n<p class=\"has-text-align-center block\">Depuis l\u2019aube de l\u2019humanit\u00e9, l\u2019\u00e9laboration d\u2019outils s\u2019est bas\u00e9e sur l\u2019utilisation de mat\u00e9riaux tels que pierre, os, bois, coquille, etc., en modifiant leur forme sans alt\u00e9rer leur structure interne. L\u2019agriculture et l\u2019\u00e9levage ainsi que la s\u00e9dentarit\u00e9 men\u00e8rent \u00e0 la transformation et au m\u00e9lange des mat\u00e9riaux cr\u00e9ant des mati\u00e8res artificielles comme la c\u00e9ramique ou les m\u00e9taux.<\/p>\n\n\n\n<p class=\"has-text-align-center block\"> Des couteaux<\/p>\n\n\n\n<p class=\"has-text-align-center block\">En tant que prolongation de la main, les couteaux repr\u00e9sentent les gestes quotidiens des \u00eatres humains. D\u00e8s le Pal\u00e9olithique, ils furent employ\u00e9s pour percer ou couper. Les diverses fa\u00e7ons de les manier, et les formes que peut prendre la lame illustrent une multitude d\u2019utilisations pratiques aussi bien dans les champs qu\u2019\u00e0 la cuisine ou \u00e0 table.<\/p>\n\n\n\n<p><\/p>\n\n\n<div class=\"inner-catedral\"><div class=\"menu-main-container\"><ul id=\"menu-main\" class=\"menu\"><li id=\"menu-item-27\" class=\"menu-item menu-item-type-post_type menu-item-object-page menu-item-has-children menu-item-27\"><a href=\"http:\/\/tempsdememoria.mac.cat\/lexposicio\/\">L\u2019exposici\u00f3<\/a>\n<div class='block-catedral-nav'><ul class=\"sub-menu\">\n\t<li id=\"menu-item-327\" class=\"temps-de-title menu-item menu-item-type-custom menu-item-object-custom menu-item-327\"><a href=\"#\">Temps de vida<\/a><\/li>\n\t<li id=\"menu-item-40\" class=\"coords-70-40 color-927B39 menu-item menu-item-type-post_type menu-item-object-page menu-item-40\"><a href=\"http:\/\/tempsdememoria.mac.cat\/lexposicio\/neixer\/\">N\u00e9ixer<\/a><\/li>\n\t<li id=\"menu-item-33\" class=\"coords-62-27 menu-item menu-item-type-post_type menu-item-object-page menu-item-33\"><a href=\"http:\/\/tempsdememoria.mac.cat\/lexposicio\/menjar\/\">Menjar<\/a><\/li>\n\t<li id=\"menu-item-32\" class=\"coords-62-53 menu-item menu-item-type-post_type menu-item-object-page menu-item-32\"><a href=\"http:\/\/tempsdememoria.mac.cat\/lexposicio\/produir\/\">Produir<\/a><\/li>\n\t<li id=\"menu-item-31\" class=\"coords-47-27 menu-item menu-item-type-post_type menu-item-object-page menu-item-31\"><a href=\"http:\/\/tempsdememoria.mac.cat\/lexposicio\/gaudir\/\">Gaudir<\/a><\/li>\n\t<li id=\"menu-item-30\" class=\"coords-32-27 menu-item menu-item-type-post_type menu-item-object-page menu-item-30\"><a href=\"http:\/\/tempsdememoria.mac.cat\/lexposicio\/lluitar\/\">Lluitar<\/a><\/li>\n\t<li id=\"menu-item-29\" class=\"coords-32-53 menu-item menu-item-type-post_type menu-item-object-page menu-item-29\"><a href=\"http:\/\/tempsdememoria.mac.cat\/lexposicio\/crear\/\">Crear<\/a><\/li>\n\t<li id=\"menu-item-328\" class=\"temps-de-title menu-item menu-item-type-custom menu-item-object-custom menu-item-328\"><a href=\"#\">Temps de l&#8217;ad\u00e9u<\/a><\/li>\n\t<li id=\"menu-item-28\" class=\"coords-22-40 menu-item menu-item-type-post_type menu-item-object-page menu-item-28\"><a href=\"http:\/\/tempsdememoria.mac.cat\/lexposicio\/morir\/\">Morir<\/a><\/li>\n <\/ul><div class=\"col-catedral\"><div class=\"image-catedral-menu\"><div class=\"pin-selector\"><a href=\"\"><\/a><\/div><div class=\"pin-selector-2\"><a href=\"\"><\/a><\/div><img decoding=\"async\" src=\"http:\/\/tempsdememoria.mac.cat\/wp-content\/themes\/memoria\/imgs\/catedral.png\" alt=\"Catedral\"><\/div><\/div><\/div>\n<\/li>\n<li id=\"menu-item-42\" class=\"menu-item menu-item-type-post_type menu-item-object-page menu-item-42\"><a href=\"http:\/\/tempsdememoria.mac.cat\/el-museu\/\">El monestir<\/a><\/li>\n<li id=\"menu-item-41\" class=\"menu-item menu-item-type-post_type menu-item-object-page menu-item-41\"><a href=\"http:\/\/tempsdememoria.mac.cat\/les-activitats\/\">Les activitats<\/a><\/li>\n<\/ul><\/div><\/div>\n\n\n\n<div class=\"wp-block-group block\"><div class=\"wp-block-group__inner-container is-layout-constrained wp-block-group-is-layout-constrained\"><\/div><\/div>\n","protected":false},"excerpt":{"rendered":"<p>L\u2019alimentation c\u2019est la vie&nbsp;; sans nourriture il n\u2019y a pas de vie. D\u00e8s les premi\u00e8res communaut\u00e9s, l\u2019\u00e9conomie se basait sur la gestion des ressources naturelles par la cueillette, la chasse et&nbsp; la p\u00eache. Les hommes et les femmes cr\u00e9\u00e8rent des objets qui facilit\u00e8rent l\u2019obtention de ces ressources, leur \u00e9laboration et leur consommation. Il y a [&hellip;]<\/p>\n","protected":false},"author":3,"featured_media":403,"parent":872,"menu_order":0,"comment_status":"closed","ping_status":"closed","template":"","meta":{"footnotes":""},"class_list":["post-667","page","type-page","status-publish","has-post-thumbnail","hentry"],"acf":[],"_links":{"self":[{"href":"http:\/\/tempsdememoria.mac.cat\/fr\/wp-json\/wp\/v2\/pages\/667","targetHints":{"allow":["GET"]}}],"collection":[{"href":"http:\/\/tempsdememoria.mac.cat\/fr\/wp-json\/wp\/v2\/pages"}],"about":[{"href":"http:\/\/tempsdememoria.mac.cat\/fr\/wp-json\/wp\/v2\/types\/page"}],"author":[{"embeddable":true,"href":"http:\/\/tempsdememoria.mac.cat\/fr\/wp-json\/wp\/v2\/users\/3"}],"replies":[{"embeddable":true,"href":"http:\/\/tempsdememoria.mac.cat\/fr\/wp-json\/wp\/v2\/comments?post=667"}],"version-history":[{"count":4,"href":"http:\/\/tempsdememoria.mac.cat\/fr\/wp-json\/wp\/v2\/pages\/667\/revisions"}],"predecessor-version":[{"id":1722,"href":"http:\/\/tempsdememoria.mac.cat\/fr\/wp-json\/wp\/v2\/pages\/667\/revisions\/1722"}],"up":[{"embeddable":true,"href":"http:\/\/tempsdememoria.mac.cat\/fr\/wp-json\/wp\/v2\/pages\/872"}],"wp:featuredmedia":[{"embeddable":true,"href":"http:\/\/tempsdememoria.mac.cat\/fr\/wp-json\/wp\/v2\/media\/403"}],"wp:attachment":[{"href":"http:\/\/tempsdememoria.mac.cat\/fr\/wp-json\/wp\/v2\/media?parent=667"}],"curies":[{"name":"wp","href":"https:\/\/api.w.org\/{rel}","templated":true}]}}