{"id":663,"date":"2022-09-06T14:33:00","date_gmt":"2022-09-06T14:33:00","guid":{"rendered":"http:\/\/tempsdememoria.mac.cat\/neixer\/"},"modified":"2024-01-25T09:18:04","modified_gmt":"2024-01-25T09:18:04","slug":"naitre","status":"publish","type":"page","link":"http:\/\/tempsdememoria.mac.cat\/fr\/exposition\/naitre\/","title":{"rendered":"Na\u00eetre"},"content":{"rendered":"<p style=\"text-align: center;\">D\u00e8s leur naissance les hommes apprennent \u00e0 observer, reconna\u00eetre et identifier l\u2019environnement physique et social qui les entoure. Ils apprennent tout de fa\u00e7on globale, au contact des autres, adultes et enfants, et ils assimilent la culture et les habitudes de leur environnement, un environnement qui veille \u00e0 leur d\u00e9veloppement. \u00c0 mesure que l\u2019enfant grandit et progresse dans son apprentissage, il avance sur son chemin vers l\u2019int\u00e9gration en tant qu\u2019adulte dans la communaut\u00e9. Les \u00e9tapes de ce processus sont marqu\u00e9es par des rituels de passage, bien connus des anthropologues, qui parfois laissent des traces, sous formes d\u2019objets, dans le registre arch\u00e9ologique.<\/p>\n\r\n    <div class=\"swiper\">\r\n\r\n        <!-- Additional required wrapper -->\r\n\r\n        <div class=\"swiper-wrapper\">\r\n\r\n            <!-- Slides -->\r\n\r\n            \r\n                <div class=\"swiper-slide\">\r\n\r\n                    <div class=\"slide-peca\">\r\n\r\n                        <a href=\"http:\/\/tempsdememoria.mac.cat\/fr\/objects\/peigne-de-poupee\/\">\r\n\r\n                            <div class=\"img-peca\">\r\n\r\n                                <img loading=\"lazy\" decoding=\"async\" width=\"1500\" height=\"900\" src=\"http:\/\/tempsdememoria.mac.cat\/wp-content\/uploads\/2022\/11\/pinta-1500-1-e1686641882421.jpg\" class=\"attachment-post-thumbnail size-post-thumbnail wp-post-image\" alt=\"\" \/>\r\n                            <\/div>\r\n\r\n                            <h3>Peigne de poup\u00e9e<\/h3>\r\n\r\n                            <p>Os<\/p>\r\n\r\n                            <p>Ier-IIe si\u00e8cle ap. J-C<\/p>\r\n\r\n                        <\/a>\r\n\r\n                    <\/div>\r\n\r\n                <\/div>\r\n\r\n            \r\n                <div class=\"swiper-slide\">\r\n\r\n                    <div class=\"slide-peca\">\r\n\r\n                        <a href=\"http:\/\/tempsdememoria.mac.cat\/fr\/objects\/bulle\/\">\r\n\r\n                            <div class=\"img-peca\">\r\n\r\n                                <img loading=\"lazy\" decoding=\"async\" width=\"1570\" height=\"1358\" src=\"http:\/\/tempsdememoria.mac.cat\/wp-content\/uploads\/2022\/11\/DSC_3250-e1669209470777.jpg\" class=\"attachment-post-thumbnail size-post-thumbnail wp-post-image\" alt=\"\" srcset=\"http:\/\/tempsdememoria.mac.cat\/wp-content\/uploads\/2022\/11\/DSC_3250-e1669209470777.jpg 1570w, http:\/\/tempsdememoria.mac.cat\/wp-content\/uploads\/2022\/11\/DSC_3250-e1669209470777-300x259.jpg 300w, http:\/\/tempsdememoria.mac.cat\/wp-content\/uploads\/2022\/11\/DSC_3250-e1669209470777-1024x886.jpg 1024w, http:\/\/tempsdememoria.mac.cat\/wp-content\/uploads\/2022\/11\/DSC_3250-e1669209470777-768x664.jpg 768w, http:\/\/tempsdememoria.mac.cat\/wp-content\/uploads\/2022\/11\/DSC_3250-e1669209470777-1536x1329.jpg 1536w\" sizes=\"auto, (max-width: 1570px) 100vw, 1570px\" \/>\r\n                            <\/div>\r\n\r\n                            <h3>Bulle<\/h3>\r\n\r\n                            <p>Bronze<\/p>\r\n\r\n                            <p>Ier-IIe si\u00e8cle ap. J-C<\/p>\r\n\r\n                        <\/a>\r\n\r\n                    <\/div>\r\n\r\n                <\/div>\r\n\r\n            \r\n                <div class=\"swiper-slide\">\r\n\r\n                    <div class=\"slide-peca\">\r\n\r\n                        <a href=\"http:\/\/tempsdememoria.mac.cat\/fr\/objects\/sanglier\/\">\r\n\r\n                            <div class=\"img-peca\">\r\n\r\n                                <img loading=\"lazy\" decoding=\"async\" width=\"1500\" height=\"1000\" src=\"http:\/\/tempsdememoria.mac.cat\/wp-content\/uploads\/2022\/10\/senglar-1500.jpg\" class=\"attachment-post-thumbnail size-post-thumbnail wp-post-image\" alt=\"\" srcset=\"http:\/\/tempsdememoria.mac.cat\/wp-content\/uploads\/2022\/10\/senglar-1500.jpg 1500w, http:\/\/tempsdememoria.mac.cat\/wp-content\/uploads\/2022\/10\/senglar-1500-300x200.jpg 300w, http:\/\/tempsdememoria.mac.cat\/wp-content\/uploads\/2022\/10\/senglar-1500-1024x683.jpg 1024w, http:\/\/tempsdememoria.mac.cat\/wp-content\/uploads\/2022\/10\/senglar-1500-768x512.jpg 768w\" sizes=\"auto, (max-width: 1500px) 100vw, 1500px\" \/>\r\n                            <\/div>\r\n\r\n                            <h3>Sanglier<\/h3>\r\n\r\n                            <p>Terre cuite<\/p>\r\n\r\n                            <p>VIe-IVe si\u00e8cle av. J-C<\/p>\r\n\r\n                        <\/a>\r\n\r\n                    <\/div>\r\n\r\n                <\/div>\r\n\r\n            \r\n                <div class=\"swiper-slide\">\r\n\r\n                    <div class=\"slide-peca\">\r\n\r\n                        <a href=\"http:\/\/tempsdememoria.mac.cat\/fr\/objects\/poupee-articulee\/\">\r\n\r\n                            <div class=\"img-peca\">\r\n\r\n                                <img loading=\"lazy\" decoding=\"async\" width=\"1414\" height=\"1500\" src=\"http:\/\/tempsdememoria.mac.cat\/wp-content\/uploads\/2022\/10\/nina-articulada-negra1500.jpg\" class=\"attachment-post-thumbnail size-post-thumbnail wp-post-image\" alt=\"\" srcset=\"http:\/\/tempsdememoria.mac.cat\/wp-content\/uploads\/2022\/10\/nina-articulada-negra1500.jpg 1414w, http:\/\/tempsdememoria.mac.cat\/wp-content\/uploads\/2022\/10\/nina-articulada-negra1500-283x300.jpg 283w, http:\/\/tempsdememoria.mac.cat\/wp-content\/uploads\/2022\/10\/nina-articulada-negra1500-965x1024.jpg 965w, http:\/\/tempsdememoria.mac.cat\/wp-content\/uploads\/2022\/10\/nina-articulada-negra1500-768x815.jpg 768w\" sizes=\"auto, (max-width: 1414px) 100vw, 1414px\" \/>\r\n                            <\/div>\r\n\r\n                            <h3>Poup\u00e9e articul\u00e9e<\/h3>\r\n\r\n                            <p>Terre cuite<\/p>\r\n\r\n                            <p>Ve si\u00e8cle av. J-C<\/p>\r\n\r\n                        <\/a>\r\n\r\n                    <\/div>\r\n\r\n                <\/div>\r\n\r\n            \r\n                <div class=\"swiper-slide\">\r\n\r\n                    <div class=\"slide-peca\">\r\n\r\n                        <a href=\"http:\/\/tempsdememoria.mac.cat\/fr\/objects\/biberon\/\">\r\n\r\n                            <div class=\"img-peca\">\r\n\r\n                                <img loading=\"lazy\" decoding=\"async\" width=\"1000\" height=\"1500\" src=\"http:\/\/tempsdememoria.mac.cat\/wp-content\/uploads\/2022\/09\/bibero1500-e1686641948471.jpg\" class=\"attachment-post-thumbnail size-post-thumbnail wp-post-image\" alt=\"\" \/>\r\n                            <\/div>\r\n\r\n                            <h3>Biberon<\/h3>\r\n\r\n                            <p>C\u00e9ramique<\/p>\r\n\r\n                            <p>VIe si\u00e8cle av. J-C<\/p>\r\n\r\n                        <\/a>\r\n\r\n                    <\/div>\r\n\r\n                <\/div>\r\n\r\n            \r\n                <div class=\"swiper-slide\">\r\n\r\n                    <div class=\"slide-peca\">\r\n\r\n                        <a href=\"http:\/\/tempsdememoria.mac.cat\/fr\/objects\/tortue\/\">\r\n\r\n                            <div class=\"img-peca\">\r\n\r\n                                <img loading=\"lazy\" decoding=\"async\" width=\"1500\" height=\"1000\" src=\"http:\/\/tempsdememoria.mac.cat\/wp-content\/uploads\/2022\/09\/tortuga-1500-e1686641990331.jpg\" class=\"attachment-post-thumbnail size-post-thumbnail wp-post-image\" alt=\"\" \/>\r\n                            <\/div>\r\n\r\n                            <h3>Tortue<\/h3>\r\n\r\n                            <p>C\u00e9ramique<\/p>\r\n\r\n                            <p>IIIe si\u00e8cle av. J-C<\/p>\r\n\r\n                        <\/a>\r\n\r\n                    <\/div>\r\n\r\n                <\/div>\r\n\r\n            \r\n        <\/div>\r\n\r\n        <!-- If we need navigation buttons -->\r\n\r\n        <div class=\"swiper-button-prev\"><\/div>\r\n\r\n        <div class=\"swiper-button-next\"><\/div>\r\n\r\n    <\/div>\r\n\r\n    \n<p style=\"text-align: center;\">Tout au long de l\u2019histoire, les jeux ont contribu\u00e9 au d\u00e9veloppement physique et mental des enfants, en activant leur capacit\u00e9 strat\u00e9gique, esprit cr\u00e9atif ou comp\u00e9titivit\u00e9, individuellement ou en groupe. Par le jeu, les enfants d\u00e9couvrent leur environnement, imitent le comportement des adultes et entrent en contact avec d\u2019autres enfants. Les b\u00e9b\u00e9s de quelques mois jouent avec des hochets ou de petites figurines en c\u00e9ramique. Plus tard, les jeux de r\u00f4le am\u00e8nent les petites filles \u00e0 jouer avec des poup\u00e9es et les petits gar\u00e7ons avec des \u00e9p\u00e9es, chevaux ou charrettes.<\/p>\n<div class=\"inner-catedral\"><div class=\"menu-main-container\"><ul id=\"menu-main\" class=\"menu\"><li id=\"menu-item-27\" class=\"menu-item menu-item-type-post_type menu-item-object-page menu-item-has-children menu-item-27\"><a href=\"http:\/\/tempsdememoria.mac.cat\/lexposicio\/\">L\u2019exposici\u00f3<\/a>\n<div class='block-catedral-nav'><ul class=\"sub-menu\">\n\t<li id=\"menu-item-327\" class=\"temps-de-title menu-item menu-item-type-custom menu-item-object-custom menu-item-327\"><a href=\"#\">Temps de vida<\/a><\/li>\n\t<li id=\"menu-item-40\" class=\"coords-70-40 color-927B39 menu-item menu-item-type-post_type menu-item-object-page menu-item-40\"><a href=\"http:\/\/tempsdememoria.mac.cat\/lexposicio\/neixer\/\">N\u00e9ixer<\/a><\/li>\n\t<li id=\"menu-item-33\" class=\"coords-62-27 menu-item menu-item-type-post_type menu-item-object-page menu-item-33\"><a href=\"http:\/\/tempsdememoria.mac.cat\/lexposicio\/menjar\/\">Menjar<\/a><\/li>\n\t<li id=\"menu-item-32\" class=\"coords-62-53 menu-item menu-item-type-post_type menu-item-object-page menu-item-32\"><a href=\"http:\/\/tempsdememoria.mac.cat\/lexposicio\/produir\/\">Produir<\/a><\/li>\n\t<li id=\"menu-item-31\" class=\"coords-47-27 menu-item menu-item-type-post_type menu-item-object-page menu-item-31\"><a href=\"http:\/\/tempsdememoria.mac.cat\/lexposicio\/gaudir\/\">Gaudir<\/a><\/li>\n\t<li id=\"menu-item-30\" class=\"coords-32-27 menu-item menu-item-type-post_type menu-item-object-page menu-item-30\"><a href=\"http:\/\/tempsdememoria.mac.cat\/lexposicio\/lluitar\/\">Lluitar<\/a><\/li>\n\t<li id=\"menu-item-29\" class=\"coords-32-53 menu-item menu-item-type-post_type menu-item-object-page menu-item-29\"><a href=\"http:\/\/tempsdememoria.mac.cat\/lexposicio\/crear\/\">Crear<\/a><\/li>\n\t<li id=\"menu-item-328\" class=\"temps-de-title menu-item menu-item-type-custom menu-item-object-custom menu-item-328\"><a href=\"#\">Temps de l&#8217;ad\u00e9u<\/a><\/li>\n\t<li id=\"menu-item-28\" class=\"coords-22-40 menu-item menu-item-type-post_type menu-item-object-page menu-item-28\"><a href=\"http:\/\/tempsdememoria.mac.cat\/lexposicio\/morir\/\">Morir<\/a><\/li>\n <\/ul><div class=\"col-catedral\"><div class=\"image-catedral-menu\"><div class=\"pin-selector\"><a href=\"\"><\/a><\/div><div class=\"pin-selector-2\"><a href=\"\"><\/a><\/div><img decoding=\"async\" src=\"http:\/\/tempsdememoria.mac.cat\/wp-content\/themes\/memoria\/imgs\/catedral.png\" alt=\"Catedral\"><\/div><\/div><\/div>\n<\/li>\n<li id=\"menu-item-42\" class=\"menu-item menu-item-type-post_type menu-item-object-page menu-item-42\"><a href=\"http:\/\/tempsdememoria.mac.cat\/el-museu\/\">El monestir<\/a><\/li>\n<li id=\"menu-item-41\" class=\"menu-item menu-item-type-post_type menu-item-object-page menu-item-41\"><a href=\"http:\/\/tempsdememoria.mac.cat\/les-activitats\/\">Les activitats<\/a><\/li>\n<\/ul><\/div><\/div>\n","protected":false},"excerpt":{"rendered":"<p>D\u00e8s leur naissance les hommes apprennent \u00e0 observer, reconna\u00eetre et identifier l\u2019environnement physique et social qui les entoure. Ils apprennent tout de fa\u00e7on globale, au contact des autres, adultes et enfants, et ils assimilent la culture et les habitudes de leur environnement, un environnement qui veille \u00e0 leur d\u00e9veloppement. \u00c0 mesure que l\u2019enfant grandit et [&hellip;]<\/p>\n","protected":false},"author":3,"featured_media":379,"parent":872,"menu_order":0,"comment_status":"closed","ping_status":"closed","template":"","meta":{"footnotes":""},"class_list":["post-663","page","type-page","status-publish","has-post-thumbnail","hentry"],"acf":[],"_links":{"self":[{"href":"http:\/\/tempsdememoria.mac.cat\/fr\/wp-json\/wp\/v2\/pages\/663","targetHints":{"allow":["GET"]}}],"collection":[{"href":"http:\/\/tempsdememoria.mac.cat\/fr\/wp-json\/wp\/v2\/pages"}],"about":[{"href":"http:\/\/tempsdememoria.mac.cat\/fr\/wp-json\/wp\/v2\/types\/page"}],"author":[{"embeddable":true,"href":"http:\/\/tempsdememoria.mac.cat\/fr\/wp-json\/wp\/v2\/users\/3"}],"replies":[{"embeddable":true,"href":"http:\/\/tempsdememoria.mac.cat\/fr\/wp-json\/wp\/v2\/comments?post=663"}],"version-history":[{"count":2,"href":"http:\/\/tempsdememoria.mac.cat\/fr\/wp-json\/wp\/v2\/pages\/663\/revisions"}],"predecessor-version":[{"id":1153,"href":"http:\/\/tempsdememoria.mac.cat\/fr\/wp-json\/wp\/v2\/pages\/663\/revisions\/1153"}],"up":[{"embeddable":true,"href":"http:\/\/tempsdememoria.mac.cat\/fr\/wp-json\/wp\/v2\/pages\/872"}],"wp:featuredmedia":[{"embeddable":true,"href":"http:\/\/tempsdememoria.mac.cat\/fr\/wp-json\/wp\/v2\/media\/379"}],"wp:attachment":[{"href":"http:\/\/tempsdememoria.mac.cat\/fr\/wp-json\/wp\/v2\/media?parent=663"}],"curies":[{"name":"wp","href":"https:\/\/api.w.org\/{rel}","templated":true}]}}