{"id":575,"date":"2022-08-31T06:40:35","date_gmt":"2022-08-31T06:40:35","guid":{"rendered":"http:\/\/tempsdememoria.mac.cat\/pagina-ejemplo\/"},"modified":"2024-01-25T09:23:39","modified_gmt":"2024-01-25T09:23:39","slug":"pagina-ejemplo","status":"publish","type":"page","link":"http:\/\/tempsdememoria.mac.cat\/fr\/","title":{"rendered":"Inici"},"content":{"rendered":"\n<p class=\"has-text-align-center\">Le Mus\u00e9e d\u2019Arch\u00e9ologie de Catalogne de G\u00e9rone abrite les collections arch\u00e9ologiques d\u00e9couvertes lors de fouilles de diff\u00e9rents sites de la province de G\u00e9rone. Le Mus\u00e9e Provincial d\u2019Antiquit\u00e9s et des Beaux-Arts, le plus ancien de la r\u00e9gion, fond\u00e9 en 1845 par la Commission Provinciale des Monuments, rassemble ces collections. Depuis 1857, il est install\u00e9 dans le monast\u00e8re de Sant Pere de Galligants.<\/p>\n\n\n\n<p class=\"has-text-align-center\">Pour les 175 ans de sa fondation, l\u2019exposition pr\u00e9sente quelques-uns des objets les plus remarquables des collections du mus\u00e9e. Les pi\u00e8ces expos\u00e9es, de grande qualit\u00e9 esth\u00e9tique, sont non seulement d\u2019\u00e9mouvants tr\u00e9sors arch\u00e9ologiques mais elles sont aussi exceptionnelles pour la condition historique qu\u2019elles renferment. En tant que culture mat\u00e9rielle du pass\u00e9, elles racontent des histoires, et sont t\u00e9moins de la m\u00e9moire historique de la vie et de la mort. C\u2019est un parcours qui est bas\u00e9 sur les constantes biologiques et psychologiques de la nature humaine. Chacun de ces tr\u00e9sors cache, apporte histoire et information avec des anecdotes, traditions, particularit\u00e9s, sp\u00e9cificit\u00e9s. Ce sont des phares de m\u00e9moire, argile d\u2019identit\u00e9, morceaux d\u2019humanit\u00e9 nous rapprochant du pass\u00e9 et nous montrant l\u2019importance des mus\u00e9es pour que la vie continue.<\/p>\n\n\n\n<div class=\"wp-block-columns home-links is-layout-flex wp-container-core-columns-is-layout-9d6595d7 wp-block-columns-is-layout-flex\">\n<div class=\"wp-block-column is-layout-flow wp-block-column-is-layout-flow\" style=\"flex-basis:30%\">\n<h4 class=\"wp-block-heading has-text-align-center\"><a href=\"http:\/\/tempsdememoria.mac.cat\/fr\/el-museu\/\" data-type=\"page\" data-id=\"34\"><\/a><a href=\"http:\/\/tempsdememoria.mac.cat\/fr\/le-monastere\/\">LE MONAST\u00c8RE<\/a><\/h4>\n<\/div>\n\n\n\n<div class=\"wp-block-column is-layout-flow wp-block-column-is-layout-flow\" style=\"flex-basis:30%\">\n<h4 class=\"wp-block-heading has-text-align-center\"><a href=\"http:\/\/tempsdememoria.mac.cat\/fr\/exposition\/\">EXPOSITION<\/a><\/h4>\n<\/div>\n<\/div>\n","protected":false},"excerpt":{"rendered":"<p>Le Mus\u00e9e d\u2019Arch\u00e9ologie de Catalogne de G\u00e9rone abrite les collections arch\u00e9ologiques d\u00e9couvertes lors de fouilles de diff\u00e9rents sites de la province de G\u00e9rone. Le Mus\u00e9e Provincial d\u2019Antiquit\u00e9s et des Beaux-Arts, le plus ancien de la r\u00e9gion, fond\u00e9 en 1845 par la Commission Provinciale des Monuments, rassemble ces collections. Depuis 1857, il est install\u00e9 dans le [&hellip;]<\/p>\n","protected":false},"author":2,"featured_media":355,"parent":0,"menu_order":0,"comment_status":"closed","ping_status":"open","template":"","meta":{"footnotes":""},"class_list":["post-575","page","type-page","status-publish","has-post-thumbnail","hentry"],"acf":[],"_links":{"self":[{"href":"http:\/\/tempsdememoria.mac.cat\/fr\/wp-json\/wp\/v2\/pages\/575","targetHints":{"allow":["GET"]}}],"collection":[{"href":"http:\/\/tempsdememoria.mac.cat\/fr\/wp-json\/wp\/v2\/pages"}],"about":[{"href":"http:\/\/tempsdememoria.mac.cat\/fr\/wp-json\/wp\/v2\/types\/page"}],"author":[{"embeddable":true,"href":"http:\/\/tempsdememoria.mac.cat\/fr\/wp-json\/wp\/v2\/users\/2"}],"replies":[{"embeddable":true,"href":"http:\/\/tempsdememoria.mac.cat\/fr\/wp-json\/wp\/v2\/comments?post=575"}],"version-history":[{"count":8,"href":"http:\/\/tempsdememoria.mac.cat\/fr\/wp-json\/wp\/v2\/pages\/575\/revisions"}],"predecessor-version":[{"id":1699,"href":"http:\/\/tempsdememoria.mac.cat\/fr\/wp-json\/wp\/v2\/pages\/575\/revisions\/1699"}],"wp:featuredmedia":[{"embeddable":true,"href":"http:\/\/tempsdememoria.mac.cat\/fr\/wp-json\/wp\/v2\/media\/355"}],"wp:attachment":[{"href":"http:\/\/tempsdememoria.mac.cat\/fr\/wp-json\/wp\/v2\/media?parent=575"}],"curies":[{"name":"wp","href":"https:\/\/api.w.org\/{rel}","templated":true}]}}