{"id":656,"date":"2022-09-06T14:30:10","date_gmt":"2022-09-06T14:30:10","guid":{"rendered":"http:\/\/tempsdememoria.mac.cat\/crear\/"},"modified":"2024-01-25T12:22:49","modified_gmt":"2024-01-25T12:22:49","slug":"crear","status":"publish","type":"page","link":"http:\/\/tempsdememoria.mac.cat\/es\/exposicion\/crear\/","title":{"rendered":"Crear"},"content":{"rendered":"<p style=\"text-align: center;\">Desde la prehistoria, las evidencias materiales vinculadas a las pr\u00e1cticas o doctrinas religiosas eran los elementos que vehiculaban las relaciones entre los seres humanos y los seres superiores o divinidades. Con el mundo cl\u00e1sico, los actos asociados a la religi\u00f3n p\u00fablica, que exig\u00edan tambi\u00e9n el compromiso de los ciudadanos en la participaci\u00f3n de ceremonias de car\u00e1cter c\u00edvico, se llevaban a cabo en espacios p\u00fablicos destinados a tal fin, como santuarios o templos que, a su vez, eran tambi\u00e9n un elemento definidor de la identidad colectiva. Tenemos constancia de otras pr\u00e1cticas pertenecientes al \u00e1mbito m\u00e1s personal y familiar, asociadas a unos valores morales y \u00e9ticos a trav\u00e9s de los que se pretend\u00eda obtener un bienestar individual. Ambas vertientes, tanto la p\u00fablica como la privada, iban ligadas a conceptos y anhelos m\u00e1s profundos de plenitud y superaci\u00f3n, relacionados con el arte y la expresi\u00f3n art\u00edstica.<\/p>\n\r\n    <div class=\"swiper\">\r\n\r\n        <!-- Additional required wrapper -->\r\n\r\n        <div class=\"swiper-wrapper\">\r\n\r\n            <!-- Slides -->\r\n\r\n            \r\n                <div class=\"swiper-slide\">\r\n\r\n                    <div class=\"slide-peca\">\r\n\r\n                        <a href=\"http:\/\/tempsdememoria.mac.cat\/es\/objects\/pez\/\">\r\n\r\n                            <div class=\"img-peca\">\r\n\r\n                                <img loading=\"lazy\" decoding=\"async\" width=\"1140\" height=\"570\" src=\"http:\/\/tempsdememoria.mac.cat\/wp-content\/uploads\/2023\/05\/peix-9.jpg\" class=\"attachment-post-thumbnail size-post-thumbnail wp-post-image\" alt=\"\" srcset=\"http:\/\/tempsdememoria.mac.cat\/wp-content\/uploads\/2023\/05\/peix-9.jpg 1140w, http:\/\/tempsdememoria.mac.cat\/wp-content\/uploads\/2023\/05\/peix-9-300x150.jpg 300w, http:\/\/tempsdememoria.mac.cat\/wp-content\/uploads\/2023\/05\/peix-9-1024x512.jpg 1024w, http:\/\/tempsdememoria.mac.cat\/wp-content\/uploads\/2023\/05\/peix-9-768x384.jpg 768w\" sizes=\"auto, (max-width: 1140px) 100vw, 1140px\" \/>\r\n                            <\/div>\r\n\r\n                            <h3>Pez<\/h3>\r\n\r\n                            <p>Hueso<\/p>\r\n\r\n                            <p>IV-V dC<\/p>\r\n\r\n                        <\/a>\r\n\r\n                    <\/div>\r\n\r\n                <\/div>\r\n\r\n            \r\n                <div class=\"swiper-slide\">\r\n\r\n                    <div class=\"slide-peca\">\r\n\r\n                        <a href=\"http:\/\/tempsdememoria.mac.cat\/es\/objects\/lampara\/\">\r\n\r\n                            <div class=\"img-peca\">\r\n\r\n                                <img loading=\"lazy\" decoding=\"async\" width=\"1500\" height=\"1000\" src=\"http:\/\/tempsdememoria.mac.cat\/wp-content\/uploads\/2022\/11\/llantia-ceramica-1500-e1686643355591.jpg\" class=\"attachment-post-thumbnail size-post-thumbnail wp-post-image\" alt=\"\" \/>\r\n                            <\/div>\r\n\r\n                            <h3>L\u00e1mpara<\/h3>\r\n\r\n                            <p>Cer\u00e1mica<\/p>\r\n\r\n                            <p>I dC<\/p>\r\n\r\n                        <\/a>\r\n\r\n                    <\/div>\r\n\r\n                <\/div>\r\n\r\n            \r\n                <div class=\"swiper-slide\">\r\n\r\n                    <div class=\"slide-peca\">\r\n\r\n                        <a href=\"http:\/\/tempsdememoria.mac.cat\/es\/objects\/pebetero\/\">\r\n\r\n                            <div class=\"img-peca\">\r\n\r\n                                <img loading=\"lazy\" decoding=\"async\" width=\"1000\" height=\"1500\" src=\"http:\/\/tempsdememoria.mac.cat\/wp-content\/uploads\/2022\/11\/peveter-1500-e1686643398987.jpg\" class=\"attachment-post-thumbnail size-post-thumbnail wp-post-image\" alt=\"\" \/>\r\n                            <\/div>\r\n\r\n                            <h3>Pebetero<\/h3>\r\n\r\n                            <p>Terracota<\/p>\r\n\r\n                            <p>III aC<\/p>\r\n\r\n                        <\/a>\r\n\r\n                    <\/div>\r\n\r\n                <\/div>\r\n\r\n            \r\n                <div class=\"swiper-slide\">\r\n\r\n                    <div class=\"slide-peca\">\r\n\r\n                        <a href=\"http:\/\/tempsdememoria.mac.cat\/es\/objects\/exvoto-con-forma-de-bucraneo\/\">\r\n\r\n                            <div class=\"img-peca\">\r\n\r\n                                <img loading=\"lazy\" decoding=\"async\" width=\"1500\" height=\"1000\" src=\"http:\/\/tempsdememoria.mac.cat\/wp-content\/uploads\/2022\/11\/bucrani-1500-e1686643436978.jpg\" class=\"attachment-post-thumbnail size-post-thumbnail wp-post-image\" alt=\"\" \/>\r\n                            <\/div>\r\n\r\n                            <h3>Bucr\u00e1neo<\/h3>\r\n\r\n                            <p>Bronce<\/p>\r\n\r\n                            <p>I dC<\/p>\r\n\r\n                        <\/a>\r\n\r\n                    <\/div>\r\n\r\n                <\/div>\r\n\r\n            \r\n                <div class=\"swiper-slide\">\r\n\r\n                    <div class=\"slide-peca\">\r\n\r\n                        <a href=\"http:\/\/tempsdememoria.mac.cat\/es\/objects\/alabastro-2\/\">\r\n\r\n                            <div class=\"img-peca\">\r\n\r\n                                <img loading=\"lazy\" decoding=\"async\" width=\"1000\" height=\"1500\" src=\"http:\/\/tempsdememoria.mac.cat\/wp-content\/uploads\/2022\/11\/alabastre-1500.jpg\" class=\"attachment-post-thumbnail size-post-thumbnail wp-post-image\" alt=\"\" srcset=\"http:\/\/tempsdememoria.mac.cat\/wp-content\/uploads\/2022\/11\/alabastre-1500.jpg 1000w, http:\/\/tempsdememoria.mac.cat\/wp-content\/uploads\/2022\/11\/alabastre-1500-200x300.jpg 200w, http:\/\/tempsdememoria.mac.cat\/wp-content\/uploads\/2022\/11\/alabastre-1500-683x1024.jpg 683w, http:\/\/tempsdememoria.mac.cat\/wp-content\/uploads\/2022\/11\/alabastre-1500-768x1152.jpg 768w\" sizes=\"auto, (max-width: 1000px) 100vw, 1000px\" \/>\r\n                            <\/div>\r\n\r\n                            <h3>Alabastro<\/h3>\r\n\r\n                            <p>Cer\u00e1mica \u00e1tica de figuras negras<\/p>\r\n\r\n                            <p>V aC<\/p>\r\n\r\n                        <\/a>\r\n\r\n                    <\/div>\r\n\r\n                <\/div>\r\n\r\n            \r\n                <div class=\"swiper-slide\">\r\n\r\n                    <div class=\"slide-peca\">\r\n\r\n                        <a href=\"http:\/\/tempsdememoria.mac.cat\/es\/objects\/silbato\/\">\r\n\r\n                            <div class=\"img-peca\">\r\n\r\n                                <img loading=\"lazy\" decoding=\"async\" width=\"1500\" height=\"1000\" src=\"http:\/\/tempsdememoria.mac.cat\/wp-content\/uploads\/2022\/11\/xiulet-1500-e1686643469583.jpg\" class=\"attachment-post-thumbnail size-post-thumbnail wp-post-image\" alt=\"\" \/>\r\n                            <\/div>\r\n\r\n                            <h3>Silbato<\/h3>\r\n\r\n                            <p>Hueso<\/p>\r\n\r\n                            <p>I-II dC<\/p>\r\n\r\n                        <\/a>\r\n\r\n                    <\/div>\r\n\r\n                <\/div>\r\n\r\n            \r\n                <div class=\"swiper-slide\">\r\n\r\n                    <div class=\"slide-peca\">\r\n\r\n                        <a href=\"http:\/\/tempsdememoria.mac.cat\/es\/objects\/amuleto-falico\/\">\r\n\r\n                            <div class=\"img-peca\">\r\n\r\n                                <img loading=\"lazy\" decoding=\"async\" width=\"1500\" height=\"1000\" src=\"http:\/\/tempsdememoria.mac.cat\/wp-content\/uploads\/2022\/11\/amulet-1500-e1686643509254.jpg\" class=\"attachment-post-thumbnail size-post-thumbnail wp-post-image\" alt=\"\" \/>\r\n                            <\/div>\r\n\r\n                            <h3>Amuleto f\u00e1lico<\/h3>\r\n\r\n                            <p>Bronce<\/p>\r\n\r\n                            <p>I-II dC<\/p>\r\n\r\n                        <\/a>\r\n\r\n                    <\/div>\r\n\r\n                <\/div>\r\n\r\n            \r\n                <div class=\"swiper-slide\">\r\n\r\n                    <div class=\"slide-peca\">\r\n\r\n                        <a href=\"http:\/\/tempsdememoria.mac.cat\/es\/objects\/ara\/\">\r\n\r\n                            <div class=\"img-peca\">\r\n\r\n                                <img loading=\"lazy\" decoding=\"async\" width=\"1313\" height=\"1500\" src=\"http:\/\/tempsdememoria.mac.cat\/wp-content\/uploads\/2022\/10\/Ara-Pontos1500.jpg\" class=\"attachment-post-thumbnail size-post-thumbnail wp-post-image\" alt=\"\" srcset=\"http:\/\/tempsdememoria.mac.cat\/wp-content\/uploads\/2022\/10\/Ara-Pontos1500.jpg 1313w, http:\/\/tempsdememoria.mac.cat\/wp-content\/uploads\/2022\/10\/Ara-Pontos1500-263x300.jpg 263w, http:\/\/tempsdememoria.mac.cat\/wp-content\/uploads\/2022\/10\/Ara-Pontos1500-896x1024.jpg 896w, http:\/\/tempsdememoria.mac.cat\/wp-content\/uploads\/2022\/10\/Ara-Pontos1500-768x877.jpg 768w\" sizes=\"auto, (max-width: 1313px) 100vw, 1313px\" \/>\r\n                            <\/div>\r\n\r\n                            <h3>Ara<\/h3>\r\n\r\n                            <p>M\u00e1rmol<\/p>\r\n\r\n                            <p>III-II aC<\/p>\r\n\r\n                        <\/a>\r\n\r\n                    <\/div>\r\n\r\n                <\/div>\r\n\r\n            \r\n                <div class=\"swiper-slide\">\r\n\r\n                    <div class=\"slide-peca\">\r\n\r\n                        <a href=\"http:\/\/tempsdememoria.mac.cat\/es\/objects\/mosaico\/\">\r\n\r\n                            <div class=\"img-peca\">\r\n\r\n                                <img loading=\"lazy\" decoding=\"async\" width=\"677\" height=\"886\" src=\"http:\/\/tempsdememoria.mac.cat\/wp-content\/uploads\/2022\/10\/mosaic-fons-negre-1.jpg\" class=\"attachment-post-thumbnail size-post-thumbnail wp-post-image\" alt=\"\" srcset=\"http:\/\/tempsdememoria.mac.cat\/wp-content\/uploads\/2022\/10\/mosaic-fons-negre-1.jpg 677w, http:\/\/tempsdememoria.mac.cat\/wp-content\/uploads\/2022\/10\/mosaic-fons-negre-1-229x300.jpg 229w\" sizes=\"auto, (max-width: 677px) 100vw, 677px\" \/>\r\n                            <\/div>\r\n\r\n                            <h3>Mosaico<\/h3>\r\n\r\n                            <p>Teselas de piedra ligadas con mortero<\/p>\r\n\r\n                            <p>III dC<\/p>\r\n\r\n                        <\/a>\r\n\r\n                    <\/div>\r\n\r\n                <\/div>\r\n\r\n            \r\n                <div class=\"swiper-slide\">\r\n\r\n                    <div class=\"slide-peca\">\r\n\r\n                        <a href=\"http:\/\/tempsdememoria.mac.cat\/es\/objects\/cabeza-de-leon\/\">\r\n\r\n                            <div class=\"img-peca\">\r\n\r\n                                <img loading=\"lazy\" decoding=\"async\" width=\"1500\" height=\"1000\" src=\"http:\/\/tempsdememoria.mac.cat\/wp-content\/uploads\/2022\/10\/cap-lleo-1500-e1686643595708.jpg\" class=\"attachment-post-thumbnail size-post-thumbnail wp-post-image\" alt=\"\" \/>\r\n                            <\/div>\r\n\r\n                            <h3>Cabeza de le\u00f3n<\/h3>\r\n\r\n                            <p>M\u00e1rmol<\/p>\r\n\r\n                            <p>XII<\/p>\r\n\r\n                        <\/a>\r\n\r\n                    <\/div>\r\n\r\n                <\/div>\r\n\r\n            \r\n                <div class=\"swiper-slide\">\r\n\r\n                    <div class=\"slide-peca\">\r\n\r\n                        <a href=\"http:\/\/tempsdememoria.mac.cat\/es\/objects\/askos-con-cabeza-de-aquelous\/\">\r\n\r\n                            <div class=\"img-peca\">\r\n\r\n                                <img loading=\"lazy\" decoding=\"async\" width=\"1500\" height=\"966\" src=\"http:\/\/tempsdememoria.mac.cat\/wp-content\/uploads\/2022\/09\/Asc-jonic1500.jpg\" class=\"attachment-post-thumbnail size-post-thumbnail wp-post-image\" alt=\"\" srcset=\"http:\/\/tempsdememoria.mac.cat\/wp-content\/uploads\/2022\/09\/Asc-jonic1500.jpg 1500w, http:\/\/tempsdememoria.mac.cat\/wp-content\/uploads\/2022\/09\/Asc-jonic1500-300x193.jpg 300w, http:\/\/tempsdememoria.mac.cat\/wp-content\/uploads\/2022\/09\/Asc-jonic1500-1024x659.jpg 1024w, http:\/\/tempsdememoria.mac.cat\/wp-content\/uploads\/2022\/09\/Asc-jonic1500-768x495.jpg 768w\" sizes=\"auto, (max-width: 1500px) 100vw, 1500px\" \/>\r\n                            <\/div>\r\n\r\n                            <h3>Askos con cabeza de Aquelous<\/h3>\r\n\r\n                            <p>Cer\u00e1mica<\/p>\r\n\r\n                            <p>III aC<\/p>\r\n\r\n                        <\/a>\r\n\r\n                    <\/div>\r\n\r\n                <\/div>\r\n\r\n            \r\n        <\/div>\r\n\r\n        <!-- If we need navigation buttons -->\r\n\r\n        <div class=\"swiper-button-prev\"><\/div>\r\n\r\n        <div class=\"swiper-button-next\"><\/div>\r\n\r\n    <\/div>\r\n\r\n    \n<p style=\"text-align: center;\"><strong>Expresiones art\u00edsticas<\/strong><\/p>\n<p style=\"text-align: center;\">El proceso creativo responde a la necesidad humana de expresar una emoci\u00f3n o idea, a partir de la capacidad de abstracci\u00f3n de esta y su representaci\u00f3n formal o material. A trav\u00e9s de diferentes expresiones art\u00edsticas (pintura, escultura, cer\u00e1mica, etc.), los humanos han dejado testimonio de rasgos propios de las diversas culturas que han modelado.<\/p>\n<p style=\"text-align: center;\"><strong>Creencias<\/strong><\/p>\n<p style=\"text-align: center;\">Mitolog\u00eda, religi\u00f3n y superstici\u00f3n: b\u00fasqueda de explicaciones a los grandes misterios de la vida y de la muerte; expresi\u00f3n p\u00fablica y privada de las creencias; propiciaci\u00f3n de la buena suerte para afrontar los miedos m\u00e1s \u00edntimos y personales.<\/p>\n<div class=\"inner-catedral\"><div class=\"menu-main-container\"><ul id=\"menu-main\" class=\"menu\"><li id=\"menu-item-27\" class=\"menu-item menu-item-type-post_type menu-item-object-page menu-item-has-children menu-item-27\"><a href=\"http:\/\/tempsdememoria.mac.cat\/lexposicio\/\">L\u2019exposici\u00f3<\/a>\n<div class='block-catedral-nav'><ul class=\"sub-menu\">\n\t<li id=\"menu-item-327\" class=\"temps-de-title menu-item menu-item-type-custom menu-item-object-custom menu-item-327\"><a href=\"#\">Temps de vida<\/a><\/li>\n\t<li id=\"menu-item-40\" class=\"coords-70-40 color-927B39 menu-item menu-item-type-post_type menu-item-object-page menu-item-40\"><a href=\"http:\/\/tempsdememoria.mac.cat\/lexposicio\/neixer\/\">N\u00e9ixer<\/a><\/li>\n\t<li id=\"menu-item-33\" class=\"coords-62-27 menu-item menu-item-type-post_type menu-item-object-page menu-item-33\"><a href=\"http:\/\/tempsdememoria.mac.cat\/lexposicio\/menjar\/\">Menjar<\/a><\/li>\n\t<li id=\"menu-item-32\" class=\"coords-62-53 menu-item menu-item-type-post_type menu-item-object-page menu-item-32\"><a href=\"http:\/\/tempsdememoria.mac.cat\/lexposicio\/produir\/\">Produir<\/a><\/li>\n\t<li id=\"menu-item-31\" class=\"coords-47-27 menu-item menu-item-type-post_type menu-item-object-page menu-item-31\"><a href=\"http:\/\/tempsdememoria.mac.cat\/lexposicio\/gaudir\/\">Gaudir<\/a><\/li>\n\t<li id=\"menu-item-30\" class=\"coords-32-27 menu-item menu-item-type-post_type menu-item-object-page menu-item-30\"><a href=\"http:\/\/tempsdememoria.mac.cat\/lexposicio\/lluitar\/\">Lluitar<\/a><\/li>\n\t<li id=\"menu-item-29\" class=\"coords-32-53 menu-item menu-item-type-post_type menu-item-object-page menu-item-29\"><a href=\"http:\/\/tempsdememoria.mac.cat\/lexposicio\/crear\/\">Crear<\/a><\/li>\n\t<li id=\"menu-item-328\" class=\"temps-de-title menu-item menu-item-type-custom menu-item-object-custom menu-item-328\"><a href=\"#\">Temps de l&#8217;ad\u00e9u<\/a><\/li>\n\t<li id=\"menu-item-28\" class=\"coords-22-40 menu-item menu-item-type-post_type menu-item-object-page menu-item-28\"><a href=\"http:\/\/tempsdememoria.mac.cat\/lexposicio\/morir\/\">Morir<\/a><\/li>\n <\/ul><div class=\"col-catedral\"><div class=\"image-catedral-menu\"><div class=\"pin-selector\"><a href=\"\"><\/a><\/div><div class=\"pin-selector-2\"><a href=\"\"><\/a><\/div><img decoding=\"async\" src=\"http:\/\/tempsdememoria.mac.cat\/wp-content\/themes\/memoria\/imgs\/catedral.png\" alt=\"Catedral\"><\/div><\/div><\/div>\n<\/li>\n<li id=\"menu-item-42\" class=\"menu-item menu-item-type-post_type menu-item-object-page menu-item-42\"><a href=\"http:\/\/tempsdememoria.mac.cat\/el-museu\/\">El monestir<\/a><\/li>\n<li id=\"menu-item-41\" class=\"menu-item menu-item-type-post_type menu-item-object-page menu-item-41\"><a href=\"http:\/\/tempsdememoria.mac.cat\/les-activitats\/\">Les activitats<\/a><\/li>\n<\/ul><\/div><\/div>\n","protected":false},"excerpt":{"rendered":"<p>Desde la prehistoria, las evidencias materiales vinculadas a las pr\u00e1cticas o doctrinas religiosas eran los elementos que vehiculaban las relaciones entre los seres humanos y los seres superiores o divinidades. Con el mundo cl\u00e1sico, los actos asociados a la religi\u00f3n p\u00fablica, que exig\u00edan tambi\u00e9n el compromiso de los ciudadanos en la participaci\u00f3n de ceremonias de [&hellip;]<\/p>\n","protected":false},"author":3,"featured_media":386,"parent":866,"menu_order":0,"comment_status":"closed","ping_status":"closed","template":"","meta":{"footnotes":""},"class_list":["post-656","page","type-page","status-publish","has-post-thumbnail","hentry"],"acf":[],"_links":{"self":[{"href":"http:\/\/tempsdememoria.mac.cat\/es\/wp-json\/wp\/v2\/pages\/656","targetHints":{"allow":["GET"]}}],"collection":[{"href":"http:\/\/tempsdememoria.mac.cat\/es\/wp-json\/wp\/v2\/pages"}],"about":[{"href":"http:\/\/tempsdememoria.mac.cat\/es\/wp-json\/wp\/v2\/types\/page"}],"author":[{"embeddable":true,"href":"http:\/\/tempsdememoria.mac.cat\/es\/wp-json\/wp\/v2\/users\/3"}],"replies":[{"embeddable":true,"href":"http:\/\/tempsdememoria.mac.cat\/es\/wp-json\/wp\/v2\/comments?post=656"}],"version-history":[{"count":3,"href":"http:\/\/tempsdememoria.mac.cat\/es\/wp-json\/wp\/v2\/pages\/656\/revisions"}],"predecessor-version":[{"id":1706,"href":"http:\/\/tempsdememoria.mac.cat\/es\/wp-json\/wp\/v2\/pages\/656\/revisions\/1706"}],"up":[{"embeddable":true,"href":"http:\/\/tempsdememoria.mac.cat\/es\/wp-json\/wp\/v2\/pages\/866"}],"wp:featuredmedia":[{"embeddable":true,"href":"http:\/\/tempsdememoria.mac.cat\/es\/wp-json\/wp\/v2\/media\/386"}],"wp:attachment":[{"href":"http:\/\/tempsdememoria.mac.cat\/es\/wp-json\/wp\/v2\/media?parent=656"}],"curies":[{"name":"wp","href":"https:\/\/api.w.org\/{rel}","templated":true}]}}