{"id":653,"date":"2022-09-06T14:29:59","date_gmt":"2022-09-06T14:29:59","guid":{"rendered":"http:\/\/tempsdememoria.mac.cat\/lluitar\/"},"modified":"2024-01-25T12:23:09","modified_gmt":"2024-01-25T12:23:09","slug":"luchar","status":"publish","type":"page","link":"http:\/\/tempsdememoria.mac.cat\/es\/exposicion\/luchar\/","title":{"rendered":"Luchar"},"content":{"rendered":"<p style=\"text-align: center;\">La violencia ha sido una constante en la historia de la humanidad, hasta el punto de que el fil\u00f3sofo griego Plat\u00f3n, en el siglo IV a. C., consideraba el concepto de la Paz como una circunstancia excepcional entre la violenta normalidad. Esta violencia, que pod\u00eda abarcar todos los aspectos de la sociedad y de la vida cotidiana, acababa por manifestarse en grandes estallidos de disputas y de enfrentamientos b\u00e9licos. Tambi\u00e9n hab\u00eda una violencia vinculada a los ritos y creencias, que se manifestaba en forma de sacrificios humanos. Adem\u00e1s de las armas, el registro arqueol\u00f3gico ha conservado abundantes muestras de actos violentos: cuerpos enteros o partes del cuerpo y esqueletos de las v\u00edctimas con evidentes signos de heridas y lesiones.<\/p>\n\r\n    <div class=\"swiper\">\r\n\r\n        <!-- Additional required wrapper -->\r\n\r\n        <div class=\"swiper-wrapper\">\r\n\r\n            <!-- Slides -->\r\n\r\n            \r\n                <div class=\"swiper-slide\">\r\n\r\n                    <div class=\"slide-peca\">\r\n\r\n                        <a href=\"http:\/\/tempsdememoria.mac.cat\/es\/objects\/umbo-de-escudo\/\">\r\n\r\n                            <div class=\"img-peca\">\r\n\r\n                                <img loading=\"lazy\" decoding=\"async\" width=\"1500\" height=\"1000\" src=\"http:\/\/tempsdememoria.mac.cat\/wp-content\/uploads\/2022\/11\/umbo1500-e1686643240371.jpg\" class=\"attachment-post-thumbnail size-post-thumbnail wp-post-image\" alt=\"\" \/>\r\n                            <\/div>\r\n\r\n                            <h3>Umbo de escudo<\/h3>\r\n\r\n                            <p>Hierro<\/p>\r\n\r\n                            <p>III-II aC<\/p>\r\n\r\n                        <\/a>\r\n\r\n                    <\/div>\r\n\r\n                <\/div>\r\n\r\n            \r\n                <div class=\"swiper-slide\">\r\n\r\n                    <div class=\"slide-peca\">\r\n\r\n                        <a href=\"http:\/\/tempsdememoria.mac.cat\/es\/objects\/espada-con-vaina\/\">\r\n\r\n                            <div class=\"img-peca\">\r\n\r\n                                <img loading=\"lazy\" decoding=\"async\" width=\"1500\" height=\"660\" src=\"http:\/\/tempsdememoria.mac.cat\/wp-content\/uploads\/2022\/11\/espasa-beina-negra1500.jpg\" class=\"attachment-post-thumbnail size-post-thumbnail wp-post-image\" alt=\"\" srcset=\"http:\/\/tempsdememoria.mac.cat\/wp-content\/uploads\/2022\/11\/espasa-beina-negra1500.jpg 1500w, http:\/\/tempsdememoria.mac.cat\/wp-content\/uploads\/2022\/11\/espasa-beina-negra1500-300x132.jpg 300w, http:\/\/tempsdememoria.mac.cat\/wp-content\/uploads\/2022\/11\/espasa-beina-negra1500-1024x451.jpg 1024w, http:\/\/tempsdememoria.mac.cat\/wp-content\/uploads\/2022\/11\/espasa-beina-negra1500-768x338.jpg 768w\" sizes=\"auto, (max-width: 1500px) 100vw, 1500px\" \/>\r\n                            <\/div>\r\n\r\n                            <h3>Espada con vaina<\/h3>\r\n\r\n                            <p>Hierro<\/p>\r\n\r\n                            <p>III-II aC<\/p>\r\n\r\n                        <\/a>\r\n\r\n                    <\/div>\r\n\r\n                <\/div>\r\n\r\n            \r\n                <div class=\"swiper-slide\">\r\n\r\n                    <div class=\"slide-peca\">\r\n\r\n                        <a href=\"http:\/\/tempsdememoria.mac.cat\/es\/objects\/puntas-de-flecha\/\">\r\n\r\n                            <div class=\"img-peca\">\r\n\r\n                                <img loading=\"lazy\" decoding=\"async\" width=\"1500\" height=\"1000\" src=\"http:\/\/tempsdememoria.mac.cat\/wp-content\/uploads\/2022\/10\/puntes-fletxa-1500-e1686643171651.jpg\" class=\"attachment-post-thumbnail size-post-thumbnail wp-post-image\" alt=\"\" \/>\r\n                            <\/div>\r\n\r\n                            <h3>Puntas de flecha<\/h3>\r\n\r\n                            <p>S\u00edlex<\/p>\r\n\r\n                            <p>4.500-3.300 aC<\/p>\r\n\r\n                        <\/a>\r\n\r\n                    <\/div>\r\n\r\n                <\/div>\r\n\r\n            \r\n                <div class=\"swiper-slide\">\r\n\r\n                    <div class=\"slide-peca\">\r\n\r\n                        <a href=\"http:\/\/tempsdememoria.mac.cat\/es\/objects\/alabarda\/\">\r\n\r\n                            <div class=\"img-peca\">\r\n\r\n                                <img loading=\"lazy\" decoding=\"async\" width=\"1140\" height=\"570\" src=\"http:\/\/tempsdememoria.mac.cat\/wp-content\/uploads\/2022\/10\/MAC-GIR-000054_S.Comalat-8-3.jpg\" class=\"attachment-post-thumbnail size-post-thumbnail wp-post-image\" alt=\"\" srcset=\"http:\/\/tempsdememoria.mac.cat\/wp-content\/uploads\/2022\/10\/MAC-GIR-000054_S.Comalat-8-3.jpg 1140w, http:\/\/tempsdememoria.mac.cat\/wp-content\/uploads\/2022\/10\/MAC-GIR-000054_S.Comalat-8-3-300x150.jpg 300w, http:\/\/tempsdememoria.mac.cat\/wp-content\/uploads\/2022\/10\/MAC-GIR-000054_S.Comalat-8-3-1024x512.jpg 1024w, http:\/\/tempsdememoria.mac.cat\/wp-content\/uploads\/2022\/10\/MAC-GIR-000054_S.Comalat-8-3-768x384.jpg 768w\" sizes=\"auto, (max-width: 1140px) 100vw, 1140px\" \/>\r\n                            <\/div>\r\n\r\n                            <h3>Alabarda<\/h3>\r\n\r\n                            <p>Cobre<\/p>\r\n\r\n                            <p>2.300-1.800 aC<\/p>\r\n\r\n                        <\/a>\r\n\r\n                    <\/div>\r\n\r\n                <\/div>\r\n\r\n            \r\n                <div class=\"swiper-slide\">\r\n\r\n                    <div class=\"slide-peca\">\r\n\r\n                        <a href=\"http:\/\/tempsdememoria.mac.cat\/es\/objects\/espada\/\">\r\n\r\n                            <div class=\"img-peca\">\r\n\r\n                                <img loading=\"lazy\" decoding=\"async\" width=\"1500\" height=\"1125\" src=\"http:\/\/tempsdememoria.mac.cat\/wp-content\/uploads\/2022\/10\/Esapasa-Camallera1500.jpg\" class=\"attachment-post-thumbnail size-post-thumbnail wp-post-image\" alt=\"\" srcset=\"http:\/\/tempsdememoria.mac.cat\/wp-content\/uploads\/2022\/10\/Esapasa-Camallera1500.jpg 1500w, http:\/\/tempsdememoria.mac.cat\/wp-content\/uploads\/2022\/10\/Esapasa-Camallera1500-300x225.jpg 300w, http:\/\/tempsdememoria.mac.cat\/wp-content\/uploads\/2022\/10\/Esapasa-Camallera1500-1024x768.jpg 1024w, http:\/\/tempsdememoria.mac.cat\/wp-content\/uploads\/2022\/10\/Esapasa-Camallera1500-768x576.jpg 768w\" sizes=\"auto, (max-width: 1500px) 100vw, 1500px\" \/>\r\n                            <\/div>\r\n\r\n                            <h3>Espada<\/h3>\r\n\r\n                            <p>Hierro<\/p>\r\n\r\n                            <p>VII-VI aC<\/p>\r\n\r\n                        <\/a>\r\n\r\n                    <\/div>\r\n\r\n                <\/div>\r\n\r\n            \r\n        <\/div>\r\n\r\n        <!-- If we need navigation buttons -->\r\n\r\n        <div class=\"swiper-button-prev\"><\/div>\r\n\r\n        <div class=\"swiper-button-next\"><\/div>\r\n\r\n    <\/div>\r\n\r\n    \n<p style=\"text-align: center;\">La guerra ha sido uno de los grandes motores tecnol\u00f3gicos a lo largo de la historia. El armamento es uno de los elementos m\u00e1s frecuentes en los yacimientos arqueol\u00f3gicos, aunque a veces puede costar diferenciar lo que es especialmente b\u00e9lico de lo que puede ser una herramienta de caza o simplemente un s\u00edmbolo de prestigio.<\/p>\n<div class=\"inner-catedral\"><div class=\"menu-main-container\"><ul id=\"menu-main\" class=\"menu\"><li id=\"menu-item-27\" class=\"menu-item menu-item-type-post_type menu-item-object-page menu-item-has-children menu-item-27\"><a href=\"http:\/\/tempsdememoria.mac.cat\/lexposicio\/\">L\u2019exposici\u00f3<\/a>\n<div class='block-catedral-nav'><ul class=\"sub-menu\">\n\t<li id=\"menu-item-327\" class=\"temps-de-title menu-item menu-item-type-custom menu-item-object-custom menu-item-327\"><a href=\"#\">Temps de vida<\/a><\/li>\n\t<li id=\"menu-item-40\" class=\"coords-70-40 color-927B39 menu-item menu-item-type-post_type menu-item-object-page menu-item-40\"><a href=\"http:\/\/tempsdememoria.mac.cat\/lexposicio\/neixer\/\">N\u00e9ixer<\/a><\/li>\n\t<li id=\"menu-item-33\" class=\"coords-62-27 menu-item menu-item-type-post_type menu-item-object-page menu-item-33\"><a href=\"http:\/\/tempsdememoria.mac.cat\/lexposicio\/menjar\/\">Menjar<\/a><\/li>\n\t<li id=\"menu-item-32\" class=\"coords-62-53 menu-item menu-item-type-post_type menu-item-object-page menu-item-32\"><a href=\"http:\/\/tempsdememoria.mac.cat\/lexposicio\/produir\/\">Produir<\/a><\/li>\n\t<li id=\"menu-item-31\" class=\"coords-47-27 menu-item menu-item-type-post_type menu-item-object-page menu-item-31\"><a href=\"http:\/\/tempsdememoria.mac.cat\/lexposicio\/gaudir\/\">Gaudir<\/a><\/li>\n\t<li id=\"menu-item-30\" class=\"coords-32-27 menu-item menu-item-type-post_type menu-item-object-page menu-item-30\"><a href=\"http:\/\/tempsdememoria.mac.cat\/lexposicio\/lluitar\/\">Lluitar<\/a><\/li>\n\t<li id=\"menu-item-29\" class=\"coords-32-53 menu-item menu-item-type-post_type menu-item-object-page menu-item-29\"><a href=\"http:\/\/tempsdememoria.mac.cat\/lexposicio\/crear\/\">Crear<\/a><\/li>\n\t<li id=\"menu-item-328\" class=\"temps-de-title menu-item menu-item-type-custom menu-item-object-custom menu-item-328\"><a href=\"#\">Temps de l&#8217;ad\u00e9u<\/a><\/li>\n\t<li id=\"menu-item-28\" class=\"coords-22-40 menu-item menu-item-type-post_type menu-item-object-page menu-item-28\"><a href=\"http:\/\/tempsdememoria.mac.cat\/lexposicio\/morir\/\">Morir<\/a><\/li>\n <\/ul><div class=\"col-catedral\"><div class=\"image-catedral-menu\"><div class=\"pin-selector\"><a href=\"\"><\/a><\/div><div class=\"pin-selector-2\"><a href=\"\"><\/a><\/div><img decoding=\"async\" src=\"http:\/\/tempsdememoria.mac.cat\/wp-content\/themes\/memoria\/imgs\/catedral.png\" alt=\"Catedral\"><\/div><\/div><\/div>\n<\/li>\n<li id=\"menu-item-42\" class=\"menu-item menu-item-type-post_type menu-item-object-page menu-item-42\"><a href=\"http:\/\/tempsdememoria.mac.cat\/el-museu\/\">El monestir<\/a><\/li>\n<li id=\"menu-item-41\" class=\"menu-item menu-item-type-post_type menu-item-object-page menu-item-41\"><a href=\"http:\/\/tempsdememoria.mac.cat\/les-activitats\/\">Les activitats<\/a><\/li>\n<\/ul><\/div><\/div>\n","protected":false},"excerpt":{"rendered":"<p>La violencia ha sido una constante en la historia de la humanidad, hasta el punto de que el fil\u00f3sofo griego Plat\u00f3n, en el siglo IV a. C., consideraba el concepto de la Paz como una circunstancia excepcional entre la violenta normalidad. Esta violencia, que pod\u00eda abarcar todos los aspectos de la sociedad y de la [&hellip;]<\/p>\n","protected":false},"author":3,"featured_media":1384,"parent":866,"menu_order":0,"comment_status":"closed","ping_status":"closed","template":"","meta":{"footnotes":""},"class_list":["post-653","page","type-page","status-publish","has-post-thumbnail","hentry"],"acf":[],"_links":{"self":[{"href":"http:\/\/tempsdememoria.mac.cat\/es\/wp-json\/wp\/v2\/pages\/653","targetHints":{"allow":["GET"]}}],"collection":[{"href":"http:\/\/tempsdememoria.mac.cat\/es\/wp-json\/wp\/v2\/pages"}],"about":[{"href":"http:\/\/tempsdememoria.mac.cat\/es\/wp-json\/wp\/v2\/types\/page"}],"author":[{"embeddable":true,"href":"http:\/\/tempsdememoria.mac.cat\/es\/wp-json\/wp\/v2\/users\/3"}],"replies":[{"embeddable":true,"href":"http:\/\/tempsdememoria.mac.cat\/es\/wp-json\/wp\/v2\/comments?post=653"}],"version-history":[{"count":2,"href":"http:\/\/tempsdememoria.mac.cat\/es\/wp-json\/wp\/v2\/pages\/653\/revisions"}],"predecessor-version":[{"id":1707,"href":"http:\/\/tempsdememoria.mac.cat\/es\/wp-json\/wp\/v2\/pages\/653\/revisions\/1707"}],"up":[{"embeddable":true,"href":"http:\/\/tempsdememoria.mac.cat\/es\/wp-json\/wp\/v2\/pages\/866"}],"wp:featuredmedia":[{"embeddable":true,"href":"http:\/\/tempsdememoria.mac.cat\/es\/wp-json\/wp\/v2\/media\/1384"}],"wp:attachment":[{"href":"http:\/\/tempsdememoria.mac.cat\/es\/wp-json\/wp\/v2\/media?parent=653"}],"curies":[{"name":"wp","href":"https:\/\/api.w.org\/{rel}","templated":true}]}}