{"id":648,"date":"2022-09-06T14:29:41","date_gmt":"2022-09-06T14:29:41","guid":{"rendered":"http:\/\/tempsdememoria.mac.cat\/gaudir\/"},"modified":"2024-01-25T12:23:43","modified_gmt":"2024-01-25T12:23:43","slug":"disfrutar","status":"publish","type":"page","link":"http:\/\/tempsdememoria.mac.cat\/es\/exposicion\/disfrutar\/","title":{"rendered":"Disfrutar"},"content":{"rendered":"<p style=\"text-align: center;\">M\u00e1s all\u00e1 de las necesidades b\u00e1sicas de subsistencia, los seres humanos siempre hemos deseado poseer objetos que satisfagan los aspectos m\u00e1s \u00edntimos y personales, as\u00ed como disponer de momentos para el ocio y el tiempo libre. La sedentarizaci\u00f3n, en el neol\u00edtico, y sobre todo la creaci\u00f3n de excedentes en las culturas griega y romana permitieron disponer de los recursos suficientes para fabricar, comprar e importar objetos de consumo, considerados de lujo, tanto por el valioso material con el que estaban hechos y que, generalmente, no ten\u00edan a su alcance, como por el trabajo y las t\u00e9cnicas especializadas que requer\u00edan para su elaboraci\u00f3n. Un \u00e1mbito muy diferente es el del juego, una actividad tan vieja como la misma especie humana y propia de su socializaci\u00f3n y ocio, que experiment\u00f3 un notable desarrollo en las sociedades antiguas.<\/p>\n<p style=\"text-align: center;\">Objetos destinados a la higiene y al cuidado personal, pero tambi\u00e9n instrumental m\u00e9dico y quir\u00fargico. Objetos que facilitan el comercio, como las pesas, medidas y monedas, pero tambi\u00e9n material e instrumental de escritura, que permite la transmisi\u00f3n y la conservaci\u00f3n de ideas y de conocimientos que hasta el momento de la aparici\u00f3n de la escritura solo se pod\u00edan transmitir oralmente. Se iniciaba as\u00ed una explosi\u00f3n de posibilidades y capacidades de comunicaci\u00f3n de todo tipo de contenidos que hoy en d\u00eda a\u00fan contin\u00faa. Bienestar y ocio, disfrute f\u00edsico, pero tambi\u00e9n disfrute espiritual e intelectual.<\/p>\n\r\n    <div class=\"swiper\">\r\n\r\n        <!-- Additional required wrapper -->\r\n\r\n        <div class=\"swiper-wrapper\">\r\n\r\n            <!-- Slides -->\r\n\r\n            \r\n                <div class=\"swiper-slide\">\r\n\r\n                    <div class=\"slide-peca\">\r\n\r\n                        <a href=\"http:\/\/tempsdememoria.mac.cat\/es\/objects\/collar\/\">\r\n\r\n                            <div class=\"img-peca\">\r\n\r\n                                <img loading=\"lazy\" decoding=\"async\" width=\"1000\" height=\"1500\" src=\"http:\/\/tempsdememoria.mac.cat\/wp-content\/uploads\/2023\/05\/collaret-1500-e1686642467247.jpg\" class=\"attachment-post-thumbnail size-post-thumbnail wp-post-image\" alt=\"\" \/>\r\n                            <\/div>\r\n\r\n                            <h3>Collar<\/h3>\r\n\r\n                            <p>Cristal moldeado sobre varilla<\/p>\r\n\r\n                            <p>IV-III aC<\/p>\r\n\r\n                        <\/a>\r\n\r\n                    <\/div>\r\n\r\n                <\/div>\r\n\r\n            \r\n                <div class=\"swiper-slide\">\r\n\r\n                    <div class=\"slide-peca\">\r\n\r\n                        <a href=\"http:\/\/tempsdememoria.mac.cat\/es\/objects\/balsamera\/\">\r\n\r\n                            <div class=\"img-peca\">\r\n\r\n                                <img loading=\"lazy\" decoding=\"async\" width=\"999\" height=\"1500\" src=\"http:\/\/tempsdememoria.mac.cat\/wp-content\/uploads\/2022\/11\/balsamera-blava-1500-e1686642501162.jpg\" class=\"attachment-post-thumbnail size-post-thumbnail wp-post-image\" alt=\"\" \/>\r\n                            <\/div>\r\n\r\n                            <h3>Balsamera<\/h3>\r\n\r\n                            <p>Cristal<\/p>\r\n\r\n                            <p>I-II dC<\/p>\r\n\r\n                        <\/a>\r\n\r\n                    <\/div>\r\n\r\n                <\/div>\r\n\r\n            \r\n                <div class=\"swiper-slide\">\r\n\r\n                    <div class=\"slide-peca\">\r\n\r\n                        <a href=\"http:\/\/tempsdememoria.mac.cat\/es\/objects\/lecito\/\">\r\n\r\n                            <div class=\"img-peca\">\r\n\r\n                                <img loading=\"lazy\" decoding=\"async\" width=\"1366\" height=\"1134\" src=\"http:\/\/tempsdememoria.mac.cat\/wp-content\/uploads\/2022\/11\/MAC-GIR-000018-1-e1686642591943.jpg\" class=\"attachment-post-thumbnail size-post-thumbnail wp-post-image\" alt=\"\" \/>\r\n                            <\/div>\r\n\r\n                            <h3>L\u00e9cito<\/h3>\r\n\r\n                            <p>Cer\u00e1mica \u00e1tica de figuras negras<\/p>\r\n\r\n                            <p>VI-V aC<\/p>\r\n\r\n                        <\/a>\r\n\r\n                    <\/div>\r\n\r\n                <\/div>\r\n\r\n            \r\n                <div class=\"swiper-slide\">\r\n\r\n                    <div class=\"slide-peca\">\r\n\r\n                        <a href=\"http:\/\/tempsdememoria.mac.cat\/es\/objects\/alabastro\/\">\r\n\r\n                            <div class=\"img-peca\">\r\n\r\n                                <img loading=\"lazy\" decoding=\"async\" width=\"1707\" height=\"2560\" src=\"http:\/\/tempsdememoria.mac.cat\/wp-content\/uploads\/2022\/11\/alabastre-scaled-e1686642692555.jpg\" class=\"attachment-post-thumbnail size-post-thumbnail wp-post-image\" alt=\"\" \/>\r\n                            <\/div>\r\n\r\n                            <h3>Alabastro<\/h3>\r\n\r\n                            <p>Alabastro<\/p>\r\n\r\n                            <p>VII-IV aC<\/p>\r\n\r\n                        <\/a>\r\n\r\n                    <\/div>\r\n\r\n                <\/div>\r\n\r\n            \r\n                <div class=\"swiper-slide\">\r\n\r\n                    <div class=\"slide-peca\">\r\n\r\n                        <a href=\"http:\/\/tempsdememoria.mac.cat\/es\/objects\/estrigil\/\">\r\n\r\n                            <div class=\"img-peca\">\r\n\r\n                                <img loading=\"lazy\" decoding=\"async\" width=\"1582\" height=\"1251\" src=\"http:\/\/tempsdememoria.mac.cat\/wp-content\/uploads\/2022\/11\/DSC_3308-e1669209420473.jpg\" class=\"attachment-post-thumbnail size-post-thumbnail wp-post-image\" alt=\"\" srcset=\"http:\/\/tempsdememoria.mac.cat\/wp-content\/uploads\/2022\/11\/DSC_3308-e1669209420473.jpg 1582w, http:\/\/tempsdememoria.mac.cat\/wp-content\/uploads\/2022\/11\/DSC_3308-e1669209420473-300x237.jpg 300w, http:\/\/tempsdememoria.mac.cat\/wp-content\/uploads\/2022\/11\/DSC_3308-e1669209420473-1024x810.jpg 1024w, http:\/\/tempsdememoria.mac.cat\/wp-content\/uploads\/2022\/11\/DSC_3308-e1669209420473-768x607.jpg 768w, http:\/\/tempsdememoria.mac.cat\/wp-content\/uploads\/2022\/11\/DSC_3308-e1669209420473-1536x1215.jpg 1536w\" sizes=\"auto, (max-width: 1582px) 100vw, 1582px\" \/>\r\n                            <\/div>\r\n\r\n                            <h3>Estr\u00edgil<\/h3>\r\n\r\n                            <p>Bronce<\/p>\r\n\r\n                            <p>I aC<\/p>\r\n\r\n                        <\/a>\r\n\r\n                    <\/div>\r\n\r\n                <\/div>\r\n\r\n            \r\n                <div class=\"swiper-slide\">\r\n\r\n                    <div class=\"slide-peca\">\r\n\r\n                        <a href=\"http:\/\/tempsdememoria.mac.cat\/es\/objects\/sello-signaculum\/\">\r\n\r\n                            <div class=\"img-peca\">\r\n\r\n                                <img loading=\"lazy\" decoding=\"async\" width=\"1500\" height=\"1125\" src=\"http:\/\/tempsdememoria.mac.cat\/wp-content\/uploads\/2022\/11\/segell-negre1500.jpg\" class=\"attachment-post-thumbnail size-post-thumbnail wp-post-image\" alt=\"\" srcset=\"http:\/\/tempsdememoria.mac.cat\/wp-content\/uploads\/2022\/11\/segell-negre1500.jpg 1500w, http:\/\/tempsdememoria.mac.cat\/wp-content\/uploads\/2022\/11\/segell-negre1500-300x225.jpg 300w, http:\/\/tempsdememoria.mac.cat\/wp-content\/uploads\/2022\/11\/segell-negre1500-1024x768.jpg 1024w, http:\/\/tempsdememoria.mac.cat\/wp-content\/uploads\/2022\/11\/segell-negre1500-768x576.jpg 768w\" sizes=\"auto, (max-width: 1500px) 100vw, 1500px\" \/>\r\n                            <\/div>\r\n\r\n                            <h3>Sello (Signaculum)<\/h3>\r\n\r\n                            <p>Bronce<\/p>\r\n\r\n                            <p>III dC<\/p>\r\n\r\n                        <\/a>\r\n\r\n                    <\/div>\r\n\r\n                <\/div>\r\n\r\n            \r\n                <div class=\"swiper-slide\">\r\n\r\n                    <div class=\"slide-peca\">\r\n\r\n                        <a href=\"http:\/\/tempsdememoria.mac.cat\/es\/objects\/estilete\/\">\r\n\r\n                            <div class=\"img-peca\">\r\n\r\n                                <img loading=\"lazy\" decoding=\"async\" width=\"1500\" height=\"1000\" src=\"http:\/\/tempsdememoria.mac.cat\/wp-content\/uploads\/2022\/11\/estil-1500-e1686654746835.jpg\" class=\"attachment-post-thumbnail size-post-thumbnail wp-post-image\" alt=\"\" \/>\r\n                            <\/div>\r\n\r\n                            <h3>Estilete<\/h3>\r\n\r\n                            <p>Hueso<\/p>\r\n\r\n                            <p>II aC<\/p>\r\n\r\n                        <\/a>\r\n\r\n                    <\/div>\r\n\r\n                <\/div>\r\n\r\n            \r\n                <div class=\"swiper-slide\">\r\n\r\n                    <div class=\"slide-peca\">\r\n\r\n                        <a href=\"http:\/\/tempsdememoria.mac.cat\/es\/objects\/diadema\/\">\r\n\r\n                            <div class=\"img-peca\">\r\n\r\n                                <img loading=\"lazy\" decoding=\"async\" width=\"1500\" height=\"689\" src=\"http:\/\/tempsdememoria.mac.cat\/wp-content\/uploads\/2022\/10\/diadema-1500.jpg\" class=\"attachment-post-thumbnail size-post-thumbnail wp-post-image\" alt=\"\" srcset=\"http:\/\/tempsdememoria.mac.cat\/wp-content\/uploads\/2022\/10\/diadema-1500.jpg 1500w, http:\/\/tempsdememoria.mac.cat\/wp-content\/uploads\/2022\/10\/diadema-1500-300x138.jpg 300w, http:\/\/tempsdememoria.mac.cat\/wp-content\/uploads\/2022\/10\/diadema-1500-1024x470.jpg 1024w, http:\/\/tempsdememoria.mac.cat\/wp-content\/uploads\/2022\/10\/diadema-1500-768x353.jpg 768w\" sizes=\"auto, (max-width: 1500px) 100vw, 1500px\" \/>\r\n                            <\/div>\r\n\r\n                            <h3>Diadema<\/h3>\r\n\r\n                            <p>Plata<\/p>\r\n\r\n                            <p>VII-VI aC<\/p>\r\n\r\n                        <\/a>\r\n\r\n                    <\/div>\r\n\r\n                <\/div>\r\n\r\n            \r\n                <div class=\"swiper-slide\">\r\n\r\n                    <div class=\"slide-peca\">\r\n\r\n                        <a href=\"http:\/\/tempsdememoria.mac.cat\/es\/objects\/ficha-de-juego\/\">\r\n\r\n                            <div class=\"img-peca\">\r\n\r\n                                <img loading=\"lazy\" decoding=\"async\" width=\"1140\" height=\"570\" src=\"http:\/\/tempsdememoria.mac.cat\/wp-content\/uploads\/2022\/10\/fitxa-joc-negra-3-e1686642428605.jpg\" class=\"attachment-post-thumbnail size-post-thumbnail wp-post-image\" alt=\"\" \/>\r\n                            <\/div>\r\n\r\n                            <h3>Ficha de juego<\/h3>\r\n\r\n                            <p>Hueso<\/p>\r\n\r\n                            <p>II-I aC<\/p>\r\n\r\n                        <\/a>\r\n\r\n                    <\/div>\r\n\r\n                <\/div>\r\n\r\n            \r\n                <div class=\"swiper-slide\">\r\n\r\n                    <div class=\"slide-peca\">\r\n\r\n                        <a href=\"http:\/\/tempsdememoria.mac.cat\/es\/objects\/anforisco\/\">\r\n\r\n                            <div class=\"img-peca\">\r\n\r\n                                <img loading=\"lazy\" decoding=\"async\" width=\"1066\" height=\"1500\" src=\"http:\/\/tempsdememoria.mac.cat\/wp-content\/uploads\/2022\/10\/amforisc-negre1500.jpg\" class=\"attachment-post-thumbnail size-post-thumbnail wp-post-image\" alt=\"\" srcset=\"http:\/\/tempsdememoria.mac.cat\/wp-content\/uploads\/2022\/10\/amforisc-negre1500.jpg 1066w, http:\/\/tempsdememoria.mac.cat\/wp-content\/uploads\/2022\/10\/amforisc-negre1500-213x300.jpg 213w, http:\/\/tempsdememoria.mac.cat\/wp-content\/uploads\/2022\/10\/amforisc-negre1500-728x1024.jpg 728w, http:\/\/tempsdememoria.mac.cat\/wp-content\/uploads\/2022\/10\/amforisc-negre1500-768x1081.jpg 768w\" sizes=\"auto, (max-width: 1066px) 100vw, 1066px\" \/>\r\n                            <\/div>\r\n\r\n                            <h3>Anforisco<\/h3>\r\n\r\n                            <p>Cristal moldeado sobre n\u00facleo<\/p>\r\n\r\n                            <p>VI-IV aC<\/p>\r\n\r\n                        <\/a>\r\n\r\n                    <\/div>\r\n\r\n                <\/div>\r\n\r\n            \r\n                <div class=\"swiper-slide\">\r\n\r\n                    <div class=\"slide-peca\">\r\n\r\n                        <a href=\"http:\/\/tempsdememoria.mac.cat\/es\/objects\/lampara-con-forma-de-pie\/\">\r\n\r\n                            <div class=\"img-peca\">\r\n\r\n                                <img loading=\"lazy\" decoding=\"async\" width=\"1500\" height=\"1000\" src=\"http:\/\/tempsdememoria.mac.cat\/wp-content\/uploads\/2022\/10\/llantia-peu-1500-e1686642857137.jpg\" class=\"attachment-post-thumbnail size-post-thumbnail wp-post-image\" alt=\"\" \/>\r\n                            <\/div>\r\n\r\n                            <h3>L\u00e1mpara con forma de pie<\/h3>\r\n\r\n                            <p>Bronce<\/p>\r\n\r\n                            <p>I dC<\/p>\r\n\r\n                        <\/a>\r\n\r\n                    <\/div>\r\n\r\n                <\/div>\r\n\r\n            \r\n                <div class=\"swiper-slide\">\r\n\r\n                    <div class=\"slide-peca\">\r\n\r\n                        <a href=\"http:\/\/tempsdememoria.mac.cat\/es\/objects\/aguja-para-cataratas\/\">\r\n\r\n                            <div class=\"img-peca\">\r\n\r\n                                <img loading=\"lazy\" decoding=\"async\" width=\"1500\" height=\"997\" src=\"http:\/\/tempsdememoria.mac.cat\/wp-content\/uploads\/2022\/10\/agulla-cataractes-1500.jpg\" class=\"attachment-post-thumbnail size-post-thumbnail wp-post-image\" alt=\"\" srcset=\"http:\/\/tempsdememoria.mac.cat\/wp-content\/uploads\/2022\/10\/agulla-cataractes-1500.jpg 1500w, http:\/\/tempsdememoria.mac.cat\/wp-content\/uploads\/2022\/10\/agulla-cataractes-1500-300x199.jpg 300w, http:\/\/tempsdememoria.mac.cat\/wp-content\/uploads\/2022\/10\/agulla-cataractes-1500-1024x681.jpg 1024w, http:\/\/tempsdememoria.mac.cat\/wp-content\/uploads\/2022\/10\/agulla-cataractes-1500-768x510.jpg 768w\" sizes=\"auto, (max-width: 1500px) 100vw, 1500px\" \/>\r\n                            <\/div>\r\n\r\n                            <h3>Aguja para cataratas<\/h3>\r\n\r\n                            <p>Bronce<\/p>\r\n\r\n                            <p>II-III dC<\/p>\r\n\r\n                        <\/a>\r\n\r\n                    <\/div>\r\n\r\n                <\/div>\r\n\r\n            \r\n                <div class=\"swiper-slide\">\r\n\r\n                    <div class=\"slide-peca\">\r\n\r\n                        <a href=\"http:\/\/tempsdememoria.mac.cat\/es\/objects\/tesorillo-de-monedas\/\">\r\n\r\n                            <div class=\"img-peca\">\r\n\r\n                                <img loading=\"lazy\" decoding=\"async\" width=\"1500\" height=\"1000\" src=\"http:\/\/tempsdememoria.mac.cat\/wp-content\/uploads\/2022\/10\/tresoret-1500-e1686642923985.jpg\" class=\"attachment-post-thumbnail size-post-thumbnail wp-post-image\" alt=\"\" \/>\r\n                            <\/div>\r\n\r\n                            <h3>Tesorillo de monedas<\/h3>\r\n\r\n                            <p>Plata<\/p>\r\n\r\n                            <p>II aC<\/p>\r\n\r\n                        <\/a>\r\n\r\n                    <\/div>\r\n\r\n                <\/div>\r\n\r\n            \r\n                <div class=\"swiper-slide\">\r\n\r\n                    <div class=\"slide-peca\">\r\n\r\n                        <a href=\"http:\/\/tempsdememoria.mac.cat\/es\/objects\/ponderal-bizantino\/\">\r\n\r\n                            <div class=\"img-peca\">\r\n\r\n                                <img loading=\"lazy\" decoding=\"async\" width=\"1140\" height=\"945\" src=\"http:\/\/tempsdememoria.mac.cat\/wp-content\/uploads\/2022\/10\/pesal-reduit-2.jpg\" class=\"attachment-post-thumbnail size-post-thumbnail wp-post-image\" alt=\"\" srcset=\"http:\/\/tempsdememoria.mac.cat\/wp-content\/uploads\/2022\/10\/pesal-reduit-2.jpg 1140w, http:\/\/tempsdememoria.mac.cat\/wp-content\/uploads\/2022\/10\/pesal-reduit-2-300x249.jpg 300w, http:\/\/tempsdememoria.mac.cat\/wp-content\/uploads\/2022\/10\/pesal-reduit-2-1024x849.jpg 1024w, http:\/\/tempsdememoria.mac.cat\/wp-content\/uploads\/2022\/10\/pesal-reduit-2-768x637.jpg 768w\" sizes=\"auto, (max-width: 1140px) 100vw, 1140px\" \/>\r\n                            <\/div>\r\n\r\n                            <h3>Ponderal bizantino<\/h3>\r\n\r\n                            <p>Bronce<\/p>\r\n\r\n                            <p>VII dC<\/p>\r\n\r\n                        <\/a>\r\n\r\n                    <\/div>\r\n\r\n                <\/div>\r\n\r\n            \r\n                <div class=\"swiper-slide\">\r\n\r\n                    <div class=\"slide-peca\">\r\n\r\n                        <a href=\"http:\/\/tempsdememoria.mac.cat\/es\/objects\/plomo-con-inscripcion-iberica\/\">\r\n\r\n                            <div class=\"img-peca\">\r\n\r\n                                <img loading=\"lazy\" decoding=\"async\" width=\"1500\" height=\"718\" src=\"http:\/\/tempsdememoria.mac.cat\/wp-content\/uploads\/2022\/10\/carta-comercial-1500.jpg\" class=\"attachment-post-thumbnail size-post-thumbnail wp-post-image\" alt=\"\" srcset=\"http:\/\/tempsdememoria.mac.cat\/wp-content\/uploads\/2022\/10\/carta-comercial-1500.jpg 1500w, http:\/\/tempsdememoria.mac.cat\/wp-content\/uploads\/2022\/10\/carta-comercial-1500-300x144.jpg 300w, http:\/\/tempsdememoria.mac.cat\/wp-content\/uploads\/2022\/10\/carta-comercial-1500-1024x490.jpg 1024w, http:\/\/tempsdememoria.mac.cat\/wp-content\/uploads\/2022\/10\/carta-comercial-1500-768x368.jpg 768w\" sizes=\"auto, (max-width: 1500px) 100vw, 1500px\" \/>\r\n                            <\/div>\r\n\r\n                            <h3>Plomo con inscripci\u00f3n ib\u00e9rica<\/h3>\r\n\r\n                            <p>Plomo<\/p>\r\n\r\n                            <p>III aC<\/p>\r\n\r\n                        <\/a>\r\n\r\n                    <\/div>\r\n\r\n                <\/div>\r\n\r\n            \r\n        <\/div>\r\n\r\n        <!-- If we need navigation buttons -->\r\n\r\n        <div class=\"swiper-button-prev\"><\/div>\r\n\r\n        <div class=\"swiper-button-next\"><\/div>\r\n\r\n    <\/div>\r\n\r\n    \n<p style=\"text-align: center;\"><strong>Joyas<\/strong><\/p>\n<p style=\"text-align: center;\">Desde el paleol\u00edtico se documenta la voluntad de adornar partes significativas del cuerpo, que, adem\u00e1s, pod\u00edan ser un elemento que diferenciaba a los miembros notables del grupo. El cuello, los dedos, las mu\u00f1ecas, las orejas, la cabeza, los tobillos, se adornan paulatinamente con elementos que se encuentran en la naturaleza. La extracci\u00f3n de metales, la transformaci\u00f3n de minerales y la aplicaci\u00f3n de gemas para crear estos peque\u00f1os art\u00edculos de lujo implicaron, ya por aquel entonces, una especializaci\u00f3n manufacturera singular.<\/p>\n<p style=\"text-align: center;\">Sin embargo, la exhibici\u00f3n de joyas obedec\u00eda a necesidades de presentaci\u00f3n social y de indicaci\u00f3n de estatus que sobrepasaban los mismos l\u00edmites temporales de la vida. Por ello, pendientes, collares, pulseras, anillos, colgantes, f\u00edbulas o hebillas a menudo se hallan en las tumbas, como acompa\u00f1amiento funerario de quien las hab\u00eda usado en vida.<\/p>\n<p style=\"text-align: center;\"><strong>Cuidado e higiene personal<\/strong><\/p>\n<p style=\"text-align: center;\">Los h\u00e1bitos cotidianos de higiene corporal han experimentado importantes variaciones a lo largo de la historia. En el mundo cl\u00e1sico (griego y romano), el ba\u00f1o se convirti\u00f3 en una expresi\u00f3n social y de ocio, adem\u00e1s de terap\u00e9utica y de cotidianidad, y las mujeres y los hombres dedicaban parte de su tiempo a la higiene y el cuidado del cuerpo.<\/p>\n<p style=\"text-align: center;\"><strong>Perfumes y juegos<\/strong><\/p>\n<p style=\"text-align: center;\">Ya en la prehistoria los seres humanos quemaban maderas arom\u00e1ticas y resinas para que desprendiesen aromas y fragancias agradables, sobre todo en los espacios cultuales de los santuarios y en los rituales funerarios, pero tambi\u00e9n en el \u00e1mbito cotidiano y del atuendo personal. Los recipientes utilizados, de diversas formas y or\u00edgenes, conten\u00edan aceites perfumados que se difundieron, a trav\u00e9s del comercio, como objetos ex\u00f3ticos y prestigiosos.<\/p>\n<p style=\"text-align: center;\">El juego es una forma de socializaci\u00f3n inherente a la humanidad. Los momentos libres, sin actividad, provocaron la invenci\u00f3n de cientos de juegos, cuya vigencia ha llegado hasta nuestros d\u00edas. En la antig\u00fcedad, los juegos de adultos ocupaban largos ratos de ocio, especialmente los de mesa y los de azar.<\/p>\n<p style=\"text-align: center;\"><strong>Intercambio y comercio<\/strong><\/p>\n<p style=\"text-align: center;\">Cuando la humanidad es capaz de generar excedentes, se produce el intercambio y el comercio. Incluso antes de la aparici\u00f3n de la moneda, el intercambio era el medio de conseguir unos bienes a cambio de otros. La navegaci\u00f3n fluvial o mar\u00edtima ser\u00e1 la principal v\u00eda de comunicaci\u00f3n, transporte y comercio. El comercio en \u00e9poca antigua era una actividad estructurada, con rutas bien definidas y con barcos y puertos adaptados para su cometido.<\/p>\n<div class=\"inner-catedral\"><div class=\"menu-main-container\"><ul id=\"menu-main\" class=\"menu\"><li id=\"menu-item-27\" class=\"menu-item menu-item-type-post_type menu-item-object-page menu-item-has-children menu-item-27\"><a href=\"http:\/\/tempsdememoria.mac.cat\/lexposicio\/\">L\u2019exposici\u00f3<\/a>\n<div class='block-catedral-nav'><ul class=\"sub-menu\">\n\t<li id=\"menu-item-327\" class=\"temps-de-title menu-item menu-item-type-custom menu-item-object-custom menu-item-327\"><a href=\"#\">Temps de vida<\/a><\/li>\n\t<li id=\"menu-item-40\" class=\"coords-70-40 color-927B39 menu-item menu-item-type-post_type menu-item-object-page menu-item-40\"><a href=\"http:\/\/tempsdememoria.mac.cat\/lexposicio\/neixer\/\">N\u00e9ixer<\/a><\/li>\n\t<li id=\"menu-item-33\" class=\"coords-62-27 menu-item menu-item-type-post_type menu-item-object-page menu-item-33\"><a href=\"http:\/\/tempsdememoria.mac.cat\/lexposicio\/menjar\/\">Menjar<\/a><\/li>\n\t<li id=\"menu-item-32\" class=\"coords-62-53 menu-item menu-item-type-post_type menu-item-object-page menu-item-32\"><a href=\"http:\/\/tempsdememoria.mac.cat\/lexposicio\/produir\/\">Produir<\/a><\/li>\n\t<li id=\"menu-item-31\" class=\"coords-47-27 menu-item menu-item-type-post_type menu-item-object-page menu-item-31\"><a href=\"http:\/\/tempsdememoria.mac.cat\/lexposicio\/gaudir\/\">Gaudir<\/a><\/li>\n\t<li id=\"menu-item-30\" class=\"coords-32-27 menu-item menu-item-type-post_type menu-item-object-page menu-item-30\"><a href=\"http:\/\/tempsdememoria.mac.cat\/lexposicio\/lluitar\/\">Lluitar<\/a><\/li>\n\t<li id=\"menu-item-29\" class=\"coords-32-53 menu-item menu-item-type-post_type menu-item-object-page menu-item-29\"><a href=\"http:\/\/tempsdememoria.mac.cat\/lexposicio\/crear\/\">Crear<\/a><\/li>\n\t<li id=\"menu-item-328\" class=\"temps-de-title menu-item menu-item-type-custom menu-item-object-custom menu-item-328\"><a href=\"#\">Temps de l&#8217;ad\u00e9u<\/a><\/li>\n\t<li id=\"menu-item-28\" class=\"coords-22-40 menu-item menu-item-type-post_type menu-item-object-page menu-item-28\"><a href=\"http:\/\/tempsdememoria.mac.cat\/lexposicio\/morir\/\">Morir<\/a><\/li>\n <\/ul><div class=\"col-catedral\"><div class=\"image-catedral-menu\"><div class=\"pin-selector\"><a href=\"\"><\/a><\/div><div class=\"pin-selector-2\"><a href=\"\"><\/a><\/div><img decoding=\"async\" src=\"http:\/\/tempsdememoria.mac.cat\/wp-content\/themes\/memoria\/imgs\/catedral.png\" alt=\"Catedral\"><\/div><\/div><\/div>\n<\/li>\n<li id=\"menu-item-42\" class=\"menu-item menu-item-type-post_type menu-item-object-page menu-item-42\"><a href=\"http:\/\/tempsdememoria.mac.cat\/el-museu\/\">El monestir<\/a><\/li>\n<li id=\"menu-item-41\" class=\"menu-item menu-item-type-post_type menu-item-object-page menu-item-41\"><a href=\"http:\/\/tempsdememoria.mac.cat\/les-activitats\/\">Les activitats<\/a><\/li>\n<\/ul><\/div><\/div>\n","protected":false},"excerpt":{"rendered":"<p>M\u00e1s all\u00e1 de las necesidades b\u00e1sicas de subsistencia, los seres humanos siempre hemos deseado poseer objetos que satisfagan los aspectos m\u00e1s \u00edntimos y personales, as\u00ed como disponer de momentos para el ocio y el tiempo libre. La sedentarizaci\u00f3n, en el neol\u00edtico, y sobre todo la creaci\u00f3n de excedentes en las culturas griega y romana permitieron [&hellip;]<\/p>\n","protected":false},"author":3,"featured_media":1344,"parent":866,"menu_order":0,"comment_status":"closed","ping_status":"closed","template":"","meta":{"footnotes":""},"class_list":["post-648","page","type-page","status-publish","has-post-thumbnail","hentry"],"acf":[],"_links":{"self":[{"href":"http:\/\/tempsdememoria.mac.cat\/es\/wp-json\/wp\/v2\/pages\/648","targetHints":{"allow":["GET"]}}],"collection":[{"href":"http:\/\/tempsdememoria.mac.cat\/es\/wp-json\/wp\/v2\/pages"}],"about":[{"href":"http:\/\/tempsdememoria.mac.cat\/es\/wp-json\/wp\/v2\/types\/page"}],"author":[{"embeddable":true,"href":"http:\/\/tempsdememoria.mac.cat\/es\/wp-json\/wp\/v2\/users\/3"}],"replies":[{"embeddable":true,"href":"http:\/\/tempsdememoria.mac.cat\/es\/wp-json\/wp\/v2\/comments?post=648"}],"version-history":[{"count":4,"href":"http:\/\/tempsdememoria.mac.cat\/es\/wp-json\/wp\/v2\/pages\/648\/revisions"}],"predecessor-version":[{"id":1708,"href":"http:\/\/tempsdememoria.mac.cat\/es\/wp-json\/wp\/v2\/pages\/648\/revisions\/1708"}],"up":[{"embeddable":true,"href":"http:\/\/tempsdememoria.mac.cat\/es\/wp-json\/wp\/v2\/pages\/866"}],"wp:featuredmedia":[{"embeddable":true,"href":"http:\/\/tempsdememoria.mac.cat\/es\/wp-json\/wp\/v2\/media\/1344"}],"wp:attachment":[{"href":"http:\/\/tempsdememoria.mac.cat\/es\/wp-json\/wp\/v2\/media?parent=648"}],"curies":[{"name":"wp","href":"https:\/\/api.w.org\/{rel}","templated":true}]}}