{"id":640,"date":"2022-09-06T14:29:09","date_gmt":"2022-09-06T14:29:09","guid":{"rendered":"http:\/\/tempsdememoria.mac.cat\/menjar\/"},"modified":"2024-01-25T12:24:18","modified_gmt":"2024-01-25T12:24:18","slug":"comer","status":"publish","type":"page","link":"http:\/\/tempsdememoria.mac.cat\/es\/exposicion\/comer\/","title":{"rendered":"Comer"},"content":{"rendered":"\n<p class=\"has-text-align-center block\">La alimentaci\u00f3n es vida: sin alimentaci\u00f3n no hay vida. Desde las primeras comunidades, la econom\u00eda se basaba en gestionar los recursos naturales a trav\u00e9s de la recolecci\u00f3n, la caza y la pesca. Los hombres y las mujeres crearon artefactos que les facilitaron la obtenci\u00f3n de estos recursos, su elaboraci\u00f3n y su consumo. Hace 7.000 a\u00f1os, el nacimiento de la agricultura y la ganader\u00eda implic\u00f3 el control humano de los bienes de consumo, la posibilidad de crear y almacenar excedentes y el intercambio comercial. Asimismo se fueron formando h\u00e1bitos y tradiciones alimentarias que, a menudo a trav\u00e9s de la religi\u00f3n, se convirtieron en caracter\u00edsticos de diversas comunidades.<\/p>\n\n\n\n<div class=\"wp-block-group block\"><div class=\"wp-block-group__inner-container is-layout-constrained wp-block-group-is-layout-constrained\">\r\n    <div class=\"swiper\">\r\n\r\n        <!-- Additional required wrapper -->\r\n\r\n        <div class=\"swiper-wrapper\">\r\n\r\n            <!-- Slides -->\r\n\r\n            \r\n                <div class=\"swiper-slide\">\r\n\r\n                    <div class=\"slide-peca\">\r\n\r\n                        <a href=\"http:\/\/tempsdememoria.mac.cat\/es\/objects\/moli-rotatori\/\">\r\n\r\n                            <div class=\"img-peca\">\r\n\r\n                                <img loading=\"lazy\" decoding=\"async\" width=\"1500\" height=\"1089\" src=\"http:\/\/tempsdememoria.mac.cat\/wp-content\/uploads\/2022\/11\/moli1500.jpg\" class=\"attachment-post-thumbnail size-post-thumbnail wp-post-image\" alt=\"\" srcset=\"http:\/\/tempsdememoria.mac.cat\/wp-content\/uploads\/2022\/11\/moli1500.jpg 1500w, http:\/\/tempsdememoria.mac.cat\/wp-content\/uploads\/2022\/11\/moli1500-300x218.jpg 300w, http:\/\/tempsdememoria.mac.cat\/wp-content\/uploads\/2022\/11\/moli1500-1024x743.jpg 1024w, http:\/\/tempsdememoria.mac.cat\/wp-content\/uploads\/2022\/11\/moli1500-768x558.jpg 768w\" sizes=\"auto, (max-width: 1500px) 100vw, 1500px\" \/>\r\n                            <\/div>\r\n\r\n                            <h3>Molino rotatorio<\/h3>\r\n\r\n                            <p>Gres<\/p>\r\n\r\n                            <p>II aC<\/p>\r\n\r\n                        <\/a>\r\n\r\n                    <\/div>\r\n\r\n                <\/div>\r\n\r\n            \r\n                <div class=\"swiper-slide\">\r\n\r\n                    <div class=\"slide-peca\">\r\n\r\n                        <a href=\"http:\/\/tempsdememoria.mac.cat\/es\/objects\/hacha-pulida\/\">\r\n\r\n                            <div class=\"img-peca\">\r\n\r\n                                <img loading=\"lazy\" decoding=\"async\" width=\"1500\" height=\"1000\" src=\"http:\/\/tempsdememoria.mac.cat\/wp-content\/uploads\/2022\/11\/destral-contrastada1500.jpg\" class=\"attachment-post-thumbnail size-post-thumbnail wp-post-image\" alt=\"\" srcset=\"http:\/\/tempsdememoria.mac.cat\/wp-content\/uploads\/2022\/11\/destral-contrastada1500.jpg 1500w, http:\/\/tempsdememoria.mac.cat\/wp-content\/uploads\/2022\/11\/destral-contrastada1500-300x200.jpg 300w, http:\/\/tempsdememoria.mac.cat\/wp-content\/uploads\/2022\/11\/destral-contrastada1500-1024x683.jpg 1024w, http:\/\/tempsdememoria.mac.cat\/wp-content\/uploads\/2022\/11\/destral-contrastada1500-768x512.jpg 768w\" sizes=\"auto, (max-width: 1500px) 100vw, 1500px\" \/>\r\n                            <\/div>\r\n\r\n                            <h3>Hacha pulida<\/h3>\r\n\r\n                            <p>Jade<\/p>\r\n\r\n                            <p>5.600-4.500 aC<\/p>\r\n\r\n                        <\/a>\r\n\r\n                    <\/div>\r\n\r\n                <\/div>\r\n\r\n            \r\n                <div class=\"swiper-slide\">\r\n\r\n                    <div class=\"slide-peca\">\r\n\r\n                        <a href=\"http:\/\/tempsdememoria.mac.cat\/es\/objects\/pico-del-montgri\/\">\r\n\r\n                            <div class=\"img-peca\">\r\n\r\n                                <img loading=\"lazy\" decoding=\"async\" width=\"873\" height=\"1500\" src=\"http:\/\/tempsdememoria.mac.cat\/wp-content\/uploads\/2022\/11\/pic1500.jpg\" class=\"attachment-post-thumbnail size-post-thumbnail wp-post-image\" alt=\"\" srcset=\"http:\/\/tempsdememoria.mac.cat\/wp-content\/uploads\/2022\/11\/pic1500.jpg 873w, http:\/\/tempsdememoria.mac.cat\/wp-content\/uploads\/2022\/11\/pic1500-175x300.jpg 175w, http:\/\/tempsdememoria.mac.cat\/wp-content\/uploads\/2022\/11\/pic1500-596x1024.jpg 596w, http:\/\/tempsdememoria.mac.cat\/wp-content\/uploads\/2022\/11\/pic1500-768x1320.jpg 768w\" sizes=\"auto, (max-width: 873px) 100vw, 873px\" \/>\r\n                            <\/div>\r\n\r\n                            <h3>Pico del Montgr\u00ed<\/h3>\r\n\r\n                            <p>Guijarro de p\u00f3rfido<\/p>\r\n\r\n                            <p>300.000-120.000 aC<\/p>\r\n\r\n                        <\/a>\r\n\r\n                    <\/div>\r\n\r\n                <\/div>\r\n\r\n            \r\n                <div class=\"swiper-slide\">\r\n\r\n                    <div class=\"slide-peca\">\r\n\r\n                        <a href=\"http:\/\/tempsdememoria.mac.cat\/es\/objects\/podal\/\">\r\n\r\n                            <div class=\"img-peca\">\r\n\r\n                                <img loading=\"lazy\" decoding=\"async\" width=\"1500\" height=\"1000\" src=\"http:\/\/tempsdememoria.mac.cat\/wp-content\/uploads\/2022\/10\/podall-1500.jpg\" class=\"attachment-post-thumbnail size-post-thumbnail wp-post-image\" alt=\"\" srcset=\"http:\/\/tempsdememoria.mac.cat\/wp-content\/uploads\/2022\/10\/podall-1500.jpg 1500w, http:\/\/tempsdememoria.mac.cat\/wp-content\/uploads\/2022\/10\/podall-1500-300x200.jpg 300w, http:\/\/tempsdememoria.mac.cat\/wp-content\/uploads\/2022\/10\/podall-1500-1024x683.jpg 1024w, http:\/\/tempsdememoria.mac.cat\/wp-content\/uploads\/2022\/10\/podall-1500-768x512.jpg 768w\" sizes=\"auto, (max-width: 1500px) 100vw, 1500px\" \/>\r\n                            <\/div>\r\n\r\n                            <h3>Podal<\/h3>\r\n\r\n                            <p>Hierro<\/p>\r\n\r\n                            <p>III-II aC<\/p>\r\n\r\n                        <\/a>\r\n\r\n                    <\/div>\r\n\r\n                <\/div>\r\n\r\n            \r\n                <div class=\"swiper-slide\">\r\n\r\n                    <div class=\"slide-peca\">\r\n\r\n                        <a href=\"http:\/\/tempsdememoria.mac.cat\/es\/objects\/esquila\/\">\r\n\r\n                            <div class=\"img-peca\">\r\n\r\n                                <img loading=\"lazy\" decoding=\"async\" width=\"1500\" height=\"1000\" src=\"http:\/\/tempsdememoria.mac.cat\/wp-content\/uploads\/2022\/10\/esquetlla-romana1500.jpg\" class=\"attachment-post-thumbnail size-post-thumbnail wp-post-image\" alt=\"\" srcset=\"http:\/\/tempsdememoria.mac.cat\/wp-content\/uploads\/2022\/10\/esquetlla-romana1500.jpg 1500w, http:\/\/tempsdememoria.mac.cat\/wp-content\/uploads\/2022\/10\/esquetlla-romana1500-300x200.jpg 300w, http:\/\/tempsdememoria.mac.cat\/wp-content\/uploads\/2022\/10\/esquetlla-romana1500-1024x683.jpg 1024w, http:\/\/tempsdememoria.mac.cat\/wp-content\/uploads\/2022\/10\/esquetlla-romana1500-768x512.jpg 768w\" sizes=\"auto, (max-width: 1500px) 100vw, 1500px\" \/>\r\n                            <\/div>\r\n\r\n                            <h3>Esquila<\/h3>\r\n\r\n                            <p>Hierro<\/p>\r\n\r\n                            <p>III-II aC<\/p>\r\n\r\n                        <\/a>\r\n\r\n                    <\/div>\r\n\r\n                <\/div>\r\n\r\n            \r\n                <div class=\"swiper-slide\">\r\n\r\n                    <div class=\"slide-peca\">\r\n\r\n                        <a href=\"http:\/\/tempsdememoria.mac.cat\/es\/objects\/arpo\/\">\r\n\r\n                            <div class=\"img-peca\">\r\n\r\n                                <img loading=\"lazy\" decoding=\"async\" width=\"969\" height=\"1500\" src=\"http:\/\/tempsdememoria.mac.cat\/wp-content\/uploads\/2022\/10\/arpo1500.jpg\" class=\"attachment-post-thumbnail size-post-thumbnail wp-post-image\" alt=\"\" srcset=\"http:\/\/tempsdememoria.mac.cat\/wp-content\/uploads\/2022\/10\/arpo1500.jpg 969w, http:\/\/tempsdememoria.mac.cat\/wp-content\/uploads\/2022\/10\/arpo1500-194x300.jpg 194w, http:\/\/tempsdememoria.mac.cat\/wp-content\/uploads\/2022\/10\/arpo1500-662x1024.jpg 662w, http:\/\/tempsdememoria.mac.cat\/wp-content\/uploads\/2022\/10\/arpo1500-768x1189.jpg 768w\" sizes=\"auto, (max-width: 969px) 100vw, 969px\" \/>\r\n                            <\/div>\r\n\r\n                            <h3>Arp\u00f3n<\/h3>\r\n\r\n                            <p>Cuerno<\/p>\r\n\r\n                            <p>14.000-11.000 aC<\/p>\r\n\r\n                        <\/a>\r\n\r\n                    <\/div>\r\n\r\n                <\/div>\r\n\r\n            \r\n        <\/div>\r\n\r\n        <!-- If we need navigation buttons -->\r\n\r\n        <div class=\"swiper-button-prev\"><\/div>\r\n\r\n        <div class=\"swiper-button-next\"><\/div>\r\n\r\n    <\/div>\r\n\r\n    \n<\/div><\/div>\n\n\n\n<p class=\"has-text-align-center block\">Herramientas<\/p>\n\n\n\n<p class=\"has-text-align-center block\">Desde los albores de la humanidad, la elaboraci\u00f3n de herramientas se bas\u00f3 en el uso de materias como la piedra, la madera, huesos, conchas, etc., modificando su forma sin alterar su estructura interna. Con la agricultura y la ganader\u00eda, as\u00ed como con el sedentarismo, las materias se transforman y se mezclan creando materiales artificiales como la cer\u00e1mica y los metales.<\/p>\n\n\n\n<p class=\"has-text-align-center block\">Cuchillos<\/p>\n\n\n\n<p class=\"has-text-align-center block\">Actuando de prolongaci\u00f3n de la mano, los cuchillos representan los gestos cotidianos de los seres humanos. Desde el paleol\u00edtico, se han utilizado para pinchar y cortar. Las diversas maneras de empu\u00f1arlos y las formas que puede adquirir la hoja ilustran una multitud de usos pr\u00e1cticos, tanto en el campo, como en la cocina o en la mesa.<\/p>\n\n\n\n<p><\/p>\n\n\n<div class=\"inner-catedral\"><div class=\"menu-main-container\"><ul id=\"menu-main\" class=\"menu\"><li id=\"menu-item-27\" class=\"menu-item menu-item-type-post_type menu-item-object-page menu-item-has-children menu-item-27\"><a href=\"http:\/\/tempsdememoria.mac.cat\/lexposicio\/\">L\u2019exposici\u00f3<\/a>\n<div class='block-catedral-nav'><ul class=\"sub-menu\">\n\t<li id=\"menu-item-327\" class=\"temps-de-title menu-item menu-item-type-custom menu-item-object-custom menu-item-327\"><a href=\"#\">Temps de vida<\/a><\/li>\n\t<li id=\"menu-item-40\" class=\"coords-70-40 color-927B39 menu-item menu-item-type-post_type menu-item-object-page menu-item-40\"><a href=\"http:\/\/tempsdememoria.mac.cat\/lexposicio\/neixer\/\">N\u00e9ixer<\/a><\/li>\n\t<li id=\"menu-item-33\" class=\"coords-62-27 menu-item menu-item-type-post_type menu-item-object-page menu-item-33\"><a href=\"http:\/\/tempsdememoria.mac.cat\/lexposicio\/menjar\/\">Menjar<\/a><\/li>\n\t<li id=\"menu-item-32\" class=\"coords-62-53 menu-item menu-item-type-post_type menu-item-object-page menu-item-32\"><a href=\"http:\/\/tempsdememoria.mac.cat\/lexposicio\/produir\/\">Produir<\/a><\/li>\n\t<li id=\"menu-item-31\" class=\"coords-47-27 menu-item menu-item-type-post_type menu-item-object-page menu-item-31\"><a href=\"http:\/\/tempsdememoria.mac.cat\/lexposicio\/gaudir\/\">Gaudir<\/a><\/li>\n\t<li id=\"menu-item-30\" class=\"coords-32-27 menu-item menu-item-type-post_type menu-item-object-page menu-item-30\"><a href=\"http:\/\/tempsdememoria.mac.cat\/lexposicio\/lluitar\/\">Lluitar<\/a><\/li>\n\t<li id=\"menu-item-29\" class=\"coords-32-53 menu-item menu-item-type-post_type menu-item-object-page menu-item-29\"><a href=\"http:\/\/tempsdememoria.mac.cat\/lexposicio\/crear\/\">Crear<\/a><\/li>\n\t<li id=\"menu-item-328\" class=\"temps-de-title menu-item menu-item-type-custom menu-item-object-custom menu-item-328\"><a href=\"#\">Temps de l&#8217;ad\u00e9u<\/a><\/li>\n\t<li id=\"menu-item-28\" class=\"coords-22-40 menu-item menu-item-type-post_type menu-item-object-page menu-item-28\"><a href=\"http:\/\/tempsdememoria.mac.cat\/lexposicio\/morir\/\">Morir<\/a><\/li>\n <\/ul><div class=\"col-catedral\"><div class=\"image-catedral-menu\"><div class=\"pin-selector\"><a href=\"\"><\/a><\/div><div class=\"pin-selector-2\"><a href=\"\"><\/a><\/div><img decoding=\"async\" src=\"http:\/\/tempsdememoria.mac.cat\/wp-content\/themes\/memoria\/imgs\/catedral.png\" alt=\"Catedral\"><\/div><\/div><\/div>\n<\/li>\n<li id=\"menu-item-42\" class=\"menu-item menu-item-type-post_type menu-item-object-page menu-item-42\"><a href=\"http:\/\/tempsdememoria.mac.cat\/el-museu\/\">El monestir<\/a><\/li>\n<li id=\"menu-item-41\" class=\"menu-item menu-item-type-post_type menu-item-object-page menu-item-41\"><a href=\"http:\/\/tempsdememoria.mac.cat\/les-activitats\/\">Les activitats<\/a><\/li>\n<\/ul><\/div><\/div>\n\n\n\n<div class=\"wp-block-group block\"><div class=\"wp-block-group__inner-container is-layout-constrained wp-block-group-is-layout-constrained\"><\/div><\/div>\n","protected":false},"excerpt":{"rendered":"<p>La alimentaci\u00f3n es vida: sin alimentaci\u00f3n no hay vida. Desde las primeras comunidades, la econom\u00eda se basaba en gestionar los recursos naturales a trav\u00e9s de la recolecci\u00f3n, la caza y la pesca. Los hombres y las mujeres crearon artefactos que les facilitaron la obtenci\u00f3n de estos recursos, su elaboraci\u00f3n y su consumo. Hace 7.000 a\u00f1os, [&hellip;]<\/p>\n","protected":false},"author":3,"featured_media":404,"parent":866,"menu_order":0,"comment_status":"closed","ping_status":"closed","template":"","meta":{"footnotes":""},"class_list":["post-640","page","type-page","status-publish","has-post-thumbnail","hentry"],"acf":[],"_links":{"self":[{"href":"http:\/\/tempsdememoria.mac.cat\/es\/wp-json\/wp\/v2\/pages\/640","targetHints":{"allow":["GET"]}}],"collection":[{"href":"http:\/\/tempsdememoria.mac.cat\/es\/wp-json\/wp\/v2\/pages"}],"about":[{"href":"http:\/\/tempsdememoria.mac.cat\/es\/wp-json\/wp\/v2\/types\/page"}],"author":[{"embeddable":true,"href":"http:\/\/tempsdememoria.mac.cat\/es\/wp-json\/wp\/v2\/users\/3"}],"replies":[{"embeddable":true,"href":"http:\/\/tempsdememoria.mac.cat\/es\/wp-json\/wp\/v2\/comments?post=640"}],"version-history":[{"count":3,"href":"http:\/\/tempsdememoria.mac.cat\/es\/wp-json\/wp\/v2\/pages\/640\/revisions"}],"predecessor-version":[{"id":1710,"href":"http:\/\/tempsdememoria.mac.cat\/es\/wp-json\/wp\/v2\/pages\/640\/revisions\/1710"}],"up":[{"embeddable":true,"href":"http:\/\/tempsdememoria.mac.cat\/es\/wp-json\/wp\/v2\/pages\/866"}],"wp:featuredmedia":[{"embeddable":true,"href":"http:\/\/tempsdememoria.mac.cat\/es\/wp-json\/wp\/v2\/media\/404"}],"wp:attachment":[{"href":"http:\/\/tempsdememoria.mac.cat\/es\/wp-json\/wp\/v2\/media?parent=640"}],"curies":[{"name":"wp","href":"https:\/\/api.w.org\/{rel}","templated":true}]}}