{"id":637,"date":"2022-09-06T14:33:00","date_gmt":"2022-09-06T14:33:00","guid":{"rendered":"http:\/\/tempsdememoria.mac.cat\/neixer\/"},"modified":"2024-01-25T09:44:11","modified_gmt":"2024-01-25T09:44:11","slug":"nacer","status":"publish","type":"page","link":"http:\/\/tempsdememoria.mac.cat\/es\/exposicion\/nacer\/","title":{"rendered":"Nacer"},"content":{"rendered":"<p style=\"text-align: center;\">Desde que nacemos, los humanos aprendemos a observar, reconocer e identificar las caracter\u00edsticas del entorno f\u00edsico y social que nos rodea. Aprendemos de todo y de forma global, a la vez que nos relacionamos con los dem\u00e1s, adultos y ni\u00f1os, y asimilamos la cultura y los h\u00e1bitos de nuestro entorno: un entorno que vela por nuestro desarrollo. A medida que el ni\u00f1o crece y progresa en su aprendizaje, avanza en su camino para integrarse a la comunidad como adulto. Las etapas de este proceso est\u00e1n marcadas por rituales de paso, bien conocidos por los antrop\u00f3logos, que a veces dejan rastros, en forma de objetos, en el registro arqueol\u00f3gico.<\/p>\n\r\n    <div class=\"swiper\">\r\n\r\n        <!-- Additional required wrapper -->\r\n\r\n        <div class=\"swiper-wrapper\">\r\n\r\n            <!-- Slides -->\r\n\r\n            \r\n                <div class=\"swiper-slide\">\r\n\r\n                    <div class=\"slide-peca\">\r\n\r\n                        <a href=\"http:\/\/tempsdememoria.mac.cat\/es\/objects\/peine-de-nina\/\">\r\n\r\n                            <div class=\"img-peca\">\r\n\r\n                                <img loading=\"lazy\" decoding=\"async\" width=\"1500\" height=\"900\" src=\"http:\/\/tempsdememoria.mac.cat\/wp-content\/uploads\/2022\/11\/pinta-1500-1-e1686641882421.jpg\" class=\"attachment-post-thumbnail size-post-thumbnail wp-post-image\" alt=\"\" \/>\r\n                            <\/div>\r\n\r\n                            <h3>Peine de mu\u00f1eca<\/h3>\r\n\r\n                            <p>Hueso<\/p>\r\n\r\n                            <p>I-II dC<\/p>\r\n\r\n                        <\/a>\r\n\r\n                    <\/div>\r\n\r\n                <\/div>\r\n\r\n            \r\n                <div class=\"swiper-slide\">\r\n\r\n                    <div class=\"slide-peca\">\r\n\r\n                        <a href=\"http:\/\/tempsdememoria.mac.cat\/es\/objects\/bula\/\">\r\n\r\n                            <div class=\"img-peca\">\r\n\r\n                                <img loading=\"lazy\" decoding=\"async\" width=\"1570\" height=\"1358\" src=\"http:\/\/tempsdememoria.mac.cat\/wp-content\/uploads\/2022\/11\/DSC_3250-e1669209470777.jpg\" class=\"attachment-post-thumbnail size-post-thumbnail wp-post-image\" alt=\"\" srcset=\"http:\/\/tempsdememoria.mac.cat\/wp-content\/uploads\/2022\/11\/DSC_3250-e1669209470777.jpg 1570w, http:\/\/tempsdememoria.mac.cat\/wp-content\/uploads\/2022\/11\/DSC_3250-e1669209470777-300x259.jpg 300w, http:\/\/tempsdememoria.mac.cat\/wp-content\/uploads\/2022\/11\/DSC_3250-e1669209470777-1024x886.jpg 1024w, http:\/\/tempsdememoria.mac.cat\/wp-content\/uploads\/2022\/11\/DSC_3250-e1669209470777-768x664.jpg 768w, http:\/\/tempsdememoria.mac.cat\/wp-content\/uploads\/2022\/11\/DSC_3250-e1669209470777-1536x1329.jpg 1536w\" sizes=\"auto, (max-width: 1570px) 100vw, 1570px\" \/>\r\n                            <\/div>\r\n\r\n                            <h3>Bula<\/h3>\r\n\r\n                            <p>Bronce<\/p>\r\n\r\n                            <p>I-II dC<\/p>\r\n\r\n                        <\/a>\r\n\r\n                    <\/div>\r\n\r\n                <\/div>\r\n\r\n            \r\n                <div class=\"swiper-slide\">\r\n\r\n                    <div class=\"slide-peca\">\r\n\r\n                        <a href=\"http:\/\/tempsdememoria.mac.cat\/es\/objects\/jabali\/\">\r\n\r\n                            <div class=\"img-peca\">\r\n\r\n                                <img loading=\"lazy\" decoding=\"async\" width=\"1500\" height=\"1000\" src=\"http:\/\/tempsdememoria.mac.cat\/wp-content\/uploads\/2022\/10\/senglar-1500.jpg\" class=\"attachment-post-thumbnail size-post-thumbnail wp-post-image\" alt=\"\" srcset=\"http:\/\/tempsdememoria.mac.cat\/wp-content\/uploads\/2022\/10\/senglar-1500.jpg 1500w, http:\/\/tempsdememoria.mac.cat\/wp-content\/uploads\/2022\/10\/senglar-1500-300x200.jpg 300w, http:\/\/tempsdememoria.mac.cat\/wp-content\/uploads\/2022\/10\/senglar-1500-1024x683.jpg 1024w, http:\/\/tempsdememoria.mac.cat\/wp-content\/uploads\/2022\/10\/senglar-1500-768x512.jpg 768w\" sizes=\"auto, (max-width: 1500px) 100vw, 1500px\" \/>\r\n                            <\/div>\r\n\r\n                            <h3>Jabal\u00ed<\/h3>\r\n\r\n                            <p>Terracota<\/p>\r\n\r\n                            <p>V aC<\/p>\r\n\r\n                        <\/a>\r\n\r\n                    <\/div>\r\n\r\n                <\/div>\r\n\r\n            \r\n                <div class=\"swiper-slide\">\r\n\r\n                    <div class=\"slide-peca\">\r\n\r\n                        <a href=\"http:\/\/tempsdememoria.mac.cat\/es\/objects\/muneca-articulada\/\">\r\n\r\n                            <div class=\"img-peca\">\r\n\r\n                                <img loading=\"lazy\" decoding=\"async\" width=\"1414\" height=\"1500\" src=\"http:\/\/tempsdememoria.mac.cat\/wp-content\/uploads\/2022\/10\/nina-articulada-negra1500.jpg\" class=\"attachment-post-thumbnail size-post-thumbnail wp-post-image\" alt=\"\" srcset=\"http:\/\/tempsdememoria.mac.cat\/wp-content\/uploads\/2022\/10\/nina-articulada-negra1500.jpg 1414w, http:\/\/tempsdememoria.mac.cat\/wp-content\/uploads\/2022\/10\/nina-articulada-negra1500-283x300.jpg 283w, http:\/\/tempsdememoria.mac.cat\/wp-content\/uploads\/2022\/10\/nina-articulada-negra1500-965x1024.jpg 965w, http:\/\/tempsdememoria.mac.cat\/wp-content\/uploads\/2022\/10\/nina-articulada-negra1500-768x815.jpg 768w\" sizes=\"auto, (max-width: 1414px) 100vw, 1414px\" \/>\r\n                            <\/div>\r\n\r\n                            <h3>Mu\u00f1eca articulada<\/h3>\r\n\r\n                            <p>Terracota<\/p>\r\n\r\n                            <p>VI-IV aC<\/p>\r\n\r\n                        <\/a>\r\n\r\n                    <\/div>\r\n\r\n                <\/div>\r\n\r\n            \r\n                <div class=\"swiper-slide\">\r\n\r\n                    <div class=\"slide-peca\">\r\n\r\n                        <a href=\"http:\/\/tempsdememoria.mac.cat\/es\/objects\/biberon\/\">\r\n\r\n                            <div class=\"img-peca\">\r\n\r\n                                <img loading=\"lazy\" decoding=\"async\" width=\"1000\" height=\"1500\" src=\"http:\/\/tempsdememoria.mac.cat\/wp-content\/uploads\/2022\/09\/bibero1500-e1686641948471.jpg\" class=\"attachment-post-thumbnail size-post-thumbnail wp-post-image\" alt=\"\" \/>\r\n                            <\/div>\r\n\r\n                            <h3>Biber\u00f3n<\/h3>\r\n\r\n                            <p>Cer\u00e1mica<\/p>\r\n\r\n                            <p>VI aC<\/p>\r\n\r\n                        <\/a>\r\n\r\n                    <\/div>\r\n\r\n                <\/div>\r\n\r\n            \r\n                <div class=\"swiper-slide\">\r\n\r\n                    <div class=\"slide-peca\">\r\n\r\n                        <a href=\"http:\/\/tempsdememoria.mac.cat\/es\/objects\/tortuga\/\">\r\n\r\n                            <div class=\"img-peca\">\r\n\r\n                                <img loading=\"lazy\" decoding=\"async\" width=\"1500\" height=\"1000\" src=\"http:\/\/tempsdememoria.mac.cat\/wp-content\/uploads\/2022\/09\/tortuga-1500-e1686641990331.jpg\" class=\"attachment-post-thumbnail size-post-thumbnail wp-post-image\" alt=\"\" \/>\r\n                            <\/div>\r\n\r\n                            <h3>Tortuga<\/h3>\r\n\r\n                            <p>Cer\u00e1mica<\/p>\r\n\r\n                            <p>III aC<\/p>\r\n\r\n                        <\/a>\r\n\r\n                    <\/div>\r\n\r\n                <\/div>\r\n\r\n            \r\n        <\/div>\r\n\r\n        <!-- If we need navigation buttons -->\r\n\r\n        <div class=\"swiper-button-prev\"><\/div>\r\n\r\n        <div class=\"swiper-button-next\"><\/div>\r\n\r\n    <\/div>\r\n\r\n    \n<p style=\"text-align: center;\">A lo largo de la historia, los juegos han contribuido al desarrollo f\u00edsico y mental de los ni\u00f1os, activando la capacidad estrat\u00e9gica, el esp\u00edritu creativo o la competitividad, ya sea de manera individual o grupal. A trav\u00e9s del juego los ni\u00f1os descubren el entorno, imitan el comportamiento de los adultos y se relacionan con otros ni\u00f1os. Con meses, los peque\u00f1os juegan con sonajeros o peque\u00f1as figuras de cer\u00e1mica. M\u00e1s adelante, los juegos de rol llevar\u00e1n a las ni\u00f1as a jugar con mu\u00f1ecas y a los ni\u00f1os con espadas, caballos y carros.<\/p>\n<div class=\"inner-catedral\"><div class=\"menu-main-container\"><ul id=\"menu-main\" class=\"menu\"><li id=\"menu-item-27\" class=\"menu-item menu-item-type-post_type menu-item-object-page menu-item-has-children menu-item-27\"><a href=\"http:\/\/tempsdememoria.mac.cat\/lexposicio\/\">L\u2019exposici\u00f3<\/a>\n<div class='block-catedral-nav'><ul class=\"sub-menu\">\n\t<li id=\"menu-item-327\" class=\"temps-de-title menu-item menu-item-type-custom menu-item-object-custom menu-item-327\"><a href=\"#\">Temps de vida<\/a><\/li>\n\t<li id=\"menu-item-40\" class=\"coords-70-40 color-927B39 menu-item menu-item-type-post_type menu-item-object-page menu-item-40\"><a href=\"http:\/\/tempsdememoria.mac.cat\/lexposicio\/neixer\/\">N\u00e9ixer<\/a><\/li>\n\t<li id=\"menu-item-33\" class=\"coords-62-27 menu-item menu-item-type-post_type menu-item-object-page menu-item-33\"><a href=\"http:\/\/tempsdememoria.mac.cat\/lexposicio\/menjar\/\">Menjar<\/a><\/li>\n\t<li id=\"menu-item-32\" class=\"coords-62-53 menu-item menu-item-type-post_type menu-item-object-page menu-item-32\"><a href=\"http:\/\/tempsdememoria.mac.cat\/lexposicio\/produir\/\">Produir<\/a><\/li>\n\t<li id=\"menu-item-31\" class=\"coords-47-27 menu-item menu-item-type-post_type menu-item-object-page menu-item-31\"><a href=\"http:\/\/tempsdememoria.mac.cat\/lexposicio\/gaudir\/\">Gaudir<\/a><\/li>\n\t<li id=\"menu-item-30\" class=\"coords-32-27 menu-item menu-item-type-post_type menu-item-object-page menu-item-30\"><a href=\"http:\/\/tempsdememoria.mac.cat\/lexposicio\/lluitar\/\">Lluitar<\/a><\/li>\n\t<li id=\"menu-item-29\" class=\"coords-32-53 menu-item menu-item-type-post_type menu-item-object-page menu-item-29\"><a href=\"http:\/\/tempsdememoria.mac.cat\/lexposicio\/crear\/\">Crear<\/a><\/li>\n\t<li id=\"menu-item-328\" class=\"temps-de-title menu-item menu-item-type-custom menu-item-object-custom menu-item-328\"><a href=\"#\">Temps de l&#8217;ad\u00e9u<\/a><\/li>\n\t<li id=\"menu-item-28\" class=\"coords-22-40 menu-item menu-item-type-post_type menu-item-object-page menu-item-28\"><a href=\"http:\/\/tempsdememoria.mac.cat\/lexposicio\/morir\/\">Morir<\/a><\/li>\n <\/ul><div class=\"col-catedral\"><div class=\"image-catedral-menu\"><div class=\"pin-selector\"><a href=\"\"><\/a><\/div><div class=\"pin-selector-2\"><a href=\"\"><\/a><\/div><img decoding=\"async\" src=\"http:\/\/tempsdememoria.mac.cat\/wp-content\/themes\/memoria\/imgs\/catedral.png\" alt=\"Catedral\"><\/div><\/div><\/div>\n<\/li>\n<li id=\"menu-item-42\" class=\"menu-item menu-item-type-post_type menu-item-object-page menu-item-42\"><a href=\"http:\/\/tempsdememoria.mac.cat\/el-museu\/\">El monestir<\/a><\/li>\n<li id=\"menu-item-41\" class=\"menu-item menu-item-type-post_type menu-item-object-page menu-item-41\"><a href=\"http:\/\/tempsdememoria.mac.cat\/les-activitats\/\">Les activitats<\/a><\/li>\n<\/ul><\/div><\/div>\n","protected":false},"excerpt":{"rendered":"<p>Desde que nacemos, los humanos aprendemos a observar, reconocer e identificar las caracter\u00edsticas del entorno f\u00edsico y social que nos rodea. Aprendemos de todo y de forma global, a la vez que nos relacionamos con los dem\u00e1s, adultos y ni\u00f1os, y asimilamos la cultura y los h\u00e1bitos de nuestro entorno: un entorno que vela por [&hellip;]<\/p>\n","protected":false},"author":3,"featured_media":380,"parent":866,"menu_order":0,"comment_status":"closed","ping_status":"closed","template":"","meta":{"footnotes":""},"class_list":["post-637","page","type-page","status-publish","has-post-thumbnail","hentry"],"acf":[],"_links":{"self":[{"href":"http:\/\/tempsdememoria.mac.cat\/es\/wp-json\/wp\/v2\/pages\/637","targetHints":{"allow":["GET"]}}],"collection":[{"href":"http:\/\/tempsdememoria.mac.cat\/es\/wp-json\/wp\/v2\/pages"}],"about":[{"href":"http:\/\/tempsdememoria.mac.cat\/es\/wp-json\/wp\/v2\/types\/page"}],"author":[{"embeddable":true,"href":"http:\/\/tempsdememoria.mac.cat\/es\/wp-json\/wp\/v2\/users\/3"}],"replies":[{"embeddable":true,"href":"http:\/\/tempsdememoria.mac.cat\/es\/wp-json\/wp\/v2\/comments?post=637"}],"version-history":[{"count":2,"href":"http:\/\/tempsdememoria.mac.cat\/es\/wp-json\/wp\/v2\/pages\/637\/revisions"}],"predecessor-version":[{"id":1704,"href":"http:\/\/tempsdememoria.mac.cat\/es\/wp-json\/wp\/v2\/pages\/637\/revisions\/1704"}],"up":[{"embeddable":true,"href":"http:\/\/tempsdememoria.mac.cat\/es\/wp-json\/wp\/v2\/pages\/866"}],"wp:featuredmedia":[{"embeddable":true,"href":"http:\/\/tempsdememoria.mac.cat\/es\/wp-json\/wp\/v2\/media\/380"}],"wp:attachment":[{"href":"http:\/\/tempsdememoria.mac.cat\/es\/wp-json\/wp\/v2\/media?parent=637"}],"curies":[{"name":"wp","href":"https:\/\/api.w.org\/{rel}","templated":true}]}}