{"id":576,"date":"2022-08-31T06:40:35","date_gmt":"2022-08-31T06:40:35","guid":{"rendered":"http:\/\/tempsdememoria.mac.cat\/pagina-ejemplo\/"},"modified":"2024-01-25T12:25:01","modified_gmt":"2024-01-25T12:25:01","slug":"pagina-ejemplo","status":"publish","type":"page","link":"http:\/\/tempsdememoria.mac.cat\/es\/","title":{"rendered":"Inicio"},"content":{"rendered":"\n<p class=\"has-text-align-center\">La sede de Girona del Museo de Arqueolog\u00eda de Catalu\u00f1a acoge las colecciones arqueol\u00f3gicas recuperadas en las excavaciones de diferentes yacimientos de las comarcas gerundenses. Dichas colecciones fueron recopiladas por la instituci\u00f3n muse\u00edstica m\u00e1s antigua de las comarcas de Girona, el <em>Museo Provincial de Antig\u00fcedades y Bellas Artes<\/em>, que fue creado en 1845 por la <em>Comisi\u00f3n Provincial de Monumentos<\/em>. Desde 1857, el museo se halla en el monasterio de Sant Pere de Galligants.<\/p>\n\n\n\n<p class=\"has-text-align-center\">Con motivo de los 175 a\u00f1os de su fundaci\u00f3n, la exposici\u00f3n presenta algunos de los objetos m\u00e1s relevantes de las colecciones del museo. De gran calidad est\u00e9tica, las piezas exhibidas son tesoros arqueol\u00f3gicos que conmueven, pero tambi\u00e9n son excepcionales a causa de la carga hist\u00f3rica que conllevan. Como cultura material del pasado, cuentan historias y son testimonios de la memoria hist\u00f3rica de la vida y de la muerte. Es un recorrido que se fundamenta en las constantes biol\u00f3gicas y psicol\u00f3gicas de la naturaleza humana. Todos y cada uno de estos tesoros esconde y rezuma historia y poso, con an\u00e9cdotas, tradiciones, particularidades, peculiaridades. Faros de memoria, arcilla de identidades, pedazos de humanidad, que nos acercan al pasado y nos demuestran cu\u00e1n importantes son los museos para que la vida contin\u00fae.<\/p>\n\n\n\n<div class=\"wp-block-columns home-links is-layout-flex wp-container-core-columns-is-layout-9d6595d7 wp-block-columns-is-layout-flex\">\n<div class=\"wp-block-column is-layout-flow wp-block-column-is-layout-flow\" style=\"flex-basis:30%\">\n<h4 class=\"wp-block-heading has-text-align-center\"><a href=\"http:\/\/tempsdememoria.mac.cat\/es\/el-monasterio\/\" data-type=\"page\" data-id=\"34\">EL MONASTERIO<\/a><\/h4>\n<\/div>\n\n\n\n<div class=\"wp-block-column is-layout-flow wp-block-column-is-layout-flow\" style=\"flex-basis:30%\">\n<h4 class=\"wp-block-heading has-text-align-center\"><a href=\"http:\/\/tempsdememoria.mac.cat\/es\/exposicion\/\" data-type=\"page\" data-id=\"13\">EXPOSICI\u00d3N<\/a><\/h4>\n<\/div>\n<\/div>\n","protected":false},"excerpt":{"rendered":"<p>La sede de Girona del Museo de Arqueolog\u00eda de Catalu\u00f1a acoge las colecciones arqueol\u00f3gicas recuperadas en las excavaciones de diferentes yacimientos de las comarcas gerundenses. Dichas colecciones fueron recopiladas por la instituci\u00f3n muse\u00edstica m\u00e1s antigua de las comarcas de Girona, el Museo Provincial de Antig\u00fcedades y Bellas Artes, que fue creado en 1845 por la [&hellip;]<\/p>\n","protected":false},"author":2,"featured_media":356,"parent":0,"menu_order":0,"comment_status":"closed","ping_status":"open","template":"","meta":{"footnotes":""},"class_list":["post-576","page","type-page","status-publish","has-post-thumbnail","hentry"],"acf":[],"_links":{"self":[{"href":"http:\/\/tempsdememoria.mac.cat\/es\/wp-json\/wp\/v2\/pages\/576","targetHints":{"allow":["GET"]}}],"collection":[{"href":"http:\/\/tempsdememoria.mac.cat\/es\/wp-json\/wp\/v2\/pages"}],"about":[{"href":"http:\/\/tempsdememoria.mac.cat\/es\/wp-json\/wp\/v2\/types\/page"}],"author":[{"embeddable":true,"href":"http:\/\/tempsdememoria.mac.cat\/es\/wp-json\/wp\/v2\/users\/2"}],"replies":[{"embeddable":true,"href":"http:\/\/tempsdememoria.mac.cat\/es\/wp-json\/wp\/v2\/comments?post=576"}],"version-history":[{"count":3,"href":"http:\/\/tempsdememoria.mac.cat\/es\/wp-json\/wp\/v2\/pages\/576\/revisions"}],"predecessor-version":[{"id":1711,"href":"http:\/\/tempsdememoria.mac.cat\/es\/wp-json\/wp\/v2\/pages\/576\/revisions\/1711"}],"wp:featuredmedia":[{"embeddable":true,"href":"http:\/\/tempsdememoria.mac.cat\/es\/wp-json\/wp\/v2\/media\/356"}],"wp:attachment":[{"href":"http:\/\/tempsdememoria.mac.cat\/es\/wp-json\/wp\/v2\/media?parent=576"}],"curies":[{"name":"wp","href":"https:\/\/api.w.org\/{rel}","templated":true}]}}