{"id":566,"date":"2022-09-06T14:32:13","date_gmt":"2022-09-06T14:32:13","guid":{"rendered":"http:\/\/tempsdememoria.mac.cat\/el-museu\/"},"modified":"2024-01-29T08:39:43","modified_gmt":"2024-01-29T08:39:43","slug":"el-monasterio","status":"publish","type":"page","link":"http:\/\/tempsdememoria.mac.cat\/es\/el-monasterio\/","title":{"rendered":"El monasterio"},"content":{"rendered":"\n<h4 class=\"wp-block-heading has-text-align-center\">Monasterio de Sant Pere de Galligants<\/h4>\n\n\n\n<p>El monasterio de Sant Pere de Galligants, sede del Museu d\u2019Arqueologia de Catalunya en Girona, es uno de los ejemplos m\u00e1s notables del rom\u00e1nico catal\u00e1n. Fue fundado en el siglo X y actualmente podemos contemplar la iglesia y el claustro edificados en el siglo XII. En la iglesia, de planta basilical, pueden observarse varios elementos destacables, como el \u00e1bside central que preside, imponente, el espacio o sus espl\u00e9ndidos capiteles esculturados.<\/p>\n\n\n\n<p>El claustro, de planta rectangular, destaca por los grupos de cinco columnas que en cada galer\u00eda sustituyen a los tradicionales pilares centrales dotando al espacio de gran ligereza arquitect\u00f3nica. A la vez, resaltan sus sesenta capiteles ricamente decorados con tem\u00e1ticas diversas que lo enriquecen visualmente.<\/p>\n\n\n\n<div style=\"height:5vh\" aria-hidden=\"true\" class=\"wp-block-spacer\"><\/div>\n\n\n\n<h4 class=\"wp-block-heading has-text-align-center\">Sant Pere de Galligants a vista d\u2019ocell<\/h4>\n\n\n\n<figure class=\"wp-block-embed is-type-video is-provider-youtube wp-block-embed-youtube wp-embed-aspect-16-9 wp-has-aspect-ratio\"><div class=\"wp-block-embed__wrapper\">\n<iframe loading=\"lazy\" title=\"MAC Girona - Bastint i vestint el patrimoni (clip)\" width=\"500\" height=\"281\" src=\"https:\/\/www.youtube.com\/embed\/qlzm4cAzz48?feature=oembed\" frameborder=\"0\" allow=\"accelerometer; autoplay; clipboard-write; encrypted-media; gyroscope; picture-in-picture; web-share\" referrerpolicy=\"strict-origin-when-cross-origin\" allowfullscreen><\/iframe>\n<\/div><\/figure>\n\n\n\n<div style=\"height:5vh\" aria-hidden=\"true\" class=\"wp-block-spacer\"><\/div>\n\n\n\n<div class=\"wp-block-columns is-layout-flex wp-container-core-columns-is-layout-9d6595d7 wp-block-columns-is-layout-flex\">\n<div class=\"wp-block-column is-layout-flow wp-block-column-is-layout-flow\"><\/div>\n\n\n\n<div class=\"wp-block-column is-layout-flow wp-block-column-is-layout-flow\">\n<h4 class=\"wp-block-heading has-text-align-center extern\"><a href=\"http:\/\/www.macgirona.cat\/ca\/\">Abrir la web del museo<\/a><\/h4>\n<\/div>\n\n\n\n<div class=\"wp-block-column is-layout-flow wp-block-column-is-layout-flow\"><\/div>\n<\/div>\n","protected":false},"excerpt":{"rendered":"<p>Monasterio de Sant Pere de Galligants El monasterio de Sant Pere de Galligants, sede del Museu d\u2019Arqueologia de Catalunya en Girona, es uno de los ejemplos m\u00e1s notables del rom\u00e1nico catal\u00e1n. Fue fundado en el siglo X y actualmente podemos contemplar la iglesia y el claustro edificados en el siglo XII. En la iglesia, de [&hellip;]<\/p>\n","protected":false},"author":3,"featured_media":383,"parent":0,"menu_order":0,"comment_status":"closed","ping_status":"closed","template":"","meta":{"footnotes":""},"class_list":["post-566","page","type-page","status-publish","has-post-thumbnail","hentry"],"acf":[],"_links":{"self":[{"href":"http:\/\/tempsdememoria.mac.cat\/es\/wp-json\/wp\/v2\/pages\/566","targetHints":{"allow":["GET"]}}],"collection":[{"href":"http:\/\/tempsdememoria.mac.cat\/es\/wp-json\/wp\/v2\/pages"}],"about":[{"href":"http:\/\/tempsdememoria.mac.cat\/es\/wp-json\/wp\/v2\/types\/page"}],"author":[{"embeddable":true,"href":"http:\/\/tempsdememoria.mac.cat\/es\/wp-json\/wp\/v2\/users\/3"}],"replies":[{"embeddable":true,"href":"http:\/\/tempsdememoria.mac.cat\/es\/wp-json\/wp\/v2\/comments?post=566"}],"version-history":[{"count":6,"href":"http:\/\/tempsdememoria.mac.cat\/es\/wp-json\/wp\/v2\/pages\/566\/revisions"}],"predecessor-version":[{"id":1727,"href":"http:\/\/tempsdememoria.mac.cat\/es\/wp-json\/wp\/v2\/pages\/566\/revisions\/1727"}],"wp:featuredmedia":[{"embeddable":true,"href":"http:\/\/tempsdememoria.mac.cat\/es\/wp-json\/wp\/v2\/media\/383"}],"wp:attachment":[{"href":"http:\/\/tempsdememoria.mac.cat\/es\/wp-json\/wp\/v2\/media?parent=566"}],"curies":[{"name":"wp","href":"https:\/\/api.w.org\/{rel}","templated":true}]}}